{"id":11217,"date":"2024-05-22T12:48:00","date_gmt":"2024-05-22T10:48:24","guid":{"rendered":"https:\/\/www.studentbostader.se\/?page_id=11217"},"modified":"2026-02-26T10:34:04","modified_gmt":"2026-02-26T09:34:04","slug":"household-insurance","status":"publish","type":"page","link":"https:\/\/www.studentbostader.se\/en\/stay-with-us\/move-in-guide\/household-insurance\/","title":{"rendered":"Household insurance"},"content":{"rendered":"\n<h1 class=\"wp-block-heading\">Household insurance<\/h1>\n\n\n\n<figure class=\"wp-block-image size-puff-bild\"><img loading=\"lazy\" decoding=\"async\" width=\"800\" height=\"533\" src=\"https:\/\/www.studentbostader.se\/app\/uploads\/2021\/10\/tjej-flyttlada-800x533.jpg\" alt=\"Tjej plockar ner i flyttl\u00e5da\" class=\"wp-image-5145\" srcset=\"https:\/\/www.studentbostader.se\/app\/uploads\/2021\/10\/tjej-flyttlada-800x533.jpg 800w, https:\/\/www.studentbostader.se\/app\/uploads\/2021\/10\/tjej-flyttlada-1500x1000.jpg 1500w\" sizes=\"(max-width: 800px) 100vw, 800px\" \/><\/figure>\n\n\n\n<p>As a student you need your own home insurance to protect your home and your possessions. L\u00e4nsf\u00f6rs\u00e4kringar \u00d6stg\u00f6ta and Studentbost\u00e4der have collaborated to offer you 20% off your home insurance.<\/p>\n\n\n\n<p>If you experience a fire in your home, it is your own home insurance that covers damages to personal belongings, furniture, and other personal possessions. The home insurance also includes a liability part that covers costs if you or someone in your household causes a fire through negligence or carelessness.<\/p>\n\n\n\n<p>It is your responsibility to ensure that you have a valid home insurance<\/p>\n\n\n\n<p><a href=\"https:\/\/www.lansforsakringar.se\/ostgota\/privat\/forsakring\/hemforsakring\/intresseanmalan\/intresse-studentbostader\/\" data-type=\"link\" data-id=\"https:\/\/www.lansforsakringar.se\/ostgota\/privat\/forsakring\/hemforsakring\/intresseanmalan\/intresse-studentbostader\/\">Learn more about the service from L\u00e4nsf\u00f6rs\u00e4kringar \u00d6stg\u00f6ta.<\/a><\/p>\n","protected":false},"excerpt":{"rendered":"<p>Household insurance As a student you need your own home insurance to protect your home and your possessions. L\u00e4nsf\u00f6rs\u00e4kringar \u00d6stg\u00f6ta and Studentbost\u00e4der have collaborated to offer you 20% off your home insurance. If you experience a fire in your home, it is your own home insurance that covers damages to personal belongings, furniture, and other&hellip; <a href=\"https:\/\/www.studentbostader.se\/en\/stay-with-us\/move-in-guide\/household-insurance\/\">Till hela texten<\/a><\/p>\n","protected":false},"author":9,"featured_media":5146,"parent":11159,"menu_order":3,"comment_status":"closed","ping_status":"closed","template":"","meta":{"_acf_changed":false,"_relevanssi_hide_post":"off","_relevanssi_hide_content":"","_relevanssi_pin_for_all":"","_relevanssi_pin_keywords":"","_relevanssi_unpin_keywords":"","_relevanssi_related_keywords":"","_relevanssi_related_include_ids":"","_relevanssi_related_exclude_ids":"","_relevanssi_related_no_append":"","_relevanssi_related_not_related":"","_relevanssi_related_posts":"","_relevanssi_noindex_reason":"","footnotes":""},"page_categories":[],"acf":[],"_links":{"self":[{"href":"https:\/\/www.studentbostader.se\/en\/wp-json\/wp\/v2\/pages\/11217"}],"collection":[{"href":"https:\/\/www.studentbostader.se\/en\/wp-json\/wp\/v2\/pages"}],"about":[{"href":"https:\/\/www.studentbostader.se\/en\/wp-json\/wp\/v2\/types\/page"}],"author":[{"embeddable":true,"href":"https:\/\/www.studentbostader.se\/en\/wp-json\/wp\/v2\/users\/9"}],"replies":[{"embeddable":true,"href":"https:\/\/www.studentbostader.se\/en\/wp-json\/wp\/v2\/comments?post=11217"}],"version-history":[{"count":0,"href":"https:\/\/www.studentbostader.se\/en\/wp-json\/wp\/v2\/pages\/11217\/revisions"}],"up":[{"embeddable":true,"href":"https:\/\/www.studentbostader.se\/en\/wp-json\/wp\/v2\/pages\/11159"}],"wp:featuredmedia":[{"embeddable":true,"href":"https:\/\/www.studentbostader.se\/en\/wp-json\/wp\/v2\/media\/5146"}],"wp:attachment":[{"href":"https:\/\/www.studentbostader.se\/en\/wp-json\/wp\/v2\/media?parent=11217"}],"wp:term":[{"taxonomy":"page_categories","embeddable":true,"href":"https:\/\/www.studentbostader.se\/en\/wp-json\/wp\/v2\/page_categories?post=11217"}],"curies":[{"name":"wp","href":"https:\/\/api.w.org\/{rel}","templated":true}]}}