{"id":11227,"date":"2024-05-22T13:33:00","date_gmt":"2024-05-22T11:33:26","guid":{"rendered":"https:\/\/www.studentbostader.se\/?page_id=11227"},"modified":"2026-02-26T10:34:14","modified_gmt":"2026-02-26T09:34:14","slug":"download-our-app","status":"publish","type":"page","link":"https:\/\/www.studentbostader.se\/en\/stay-with-us\/move-in-guide\/download-our-app\/","title":{"rendered":"Download our app"},"content":{"rendered":"\n<h1 class=\"wp-block-heading\">Download our app<\/h1>\n\n\n\n<figure class=\"wp-block-image size-large\"><img loading=\"lazy\" decoding=\"async\" width=\"1920\" height=\"1080\" src=\"https:\/\/www.studentbostader.se\/app\/uploads\/2021\/10\/tjej-kille-mobil-1920x1080.jpg\" alt=\"tjej och kille tittar i mobil\" class=\"wp-image-4395\" srcset=\"https:\/\/www.studentbostader.se\/app\/uploads\/2021\/10\/tjej-kille-mobil-1920x1080.jpg 1920w, https:\/\/www.studentbostader.se\/app\/uploads\/2021\/10\/tjej-kille-mobil-1024x576.jpg 1024w, https:\/\/www.studentbostader.se\/app\/uploads\/2021\/10\/tjej-kille-mobil-768x432.jpg 768w, https:\/\/www.studentbostader.se\/app\/uploads\/2021\/10\/tjej-kille-mobil-1536x864.jpg 1536w, https:\/\/www.studentbostader.se\/app\/uploads\/2021\/10\/tjej-kille-mobil-2048x1152.jpg 2048w\" sizes=\"(max-width: 1920px) 100vw, 1920px\" \/><\/figure>\n\n\n\n<p>In our app, you can easily book laundry rooms, common areas, guest rooms and chat with us. It&#8217;s simple and convenient. Here you will also receive information from us that is good to know.<\/p>\n\n\n\n<p><a href=\"https:\/\/play.google.com\/store\/apps\/details?id=se.solutionxperts.boendeapp.studentbostader&amp;hl=en_US&amp;pli=1\" data-type=\"link\" data-id=\"https:\/\/play.google.com\/store\/apps\/details?id=se.solutionxperts.boendeapp.studentbostader&amp;hl=en_US&amp;pli=1\">Download Studentbost\u00e4ders app &#8211; Google Play<br><\/a><a href=\"https:\/\/apps.apple.com\/se\/app\/studentbost%C3%A4ders-boendeapp\/id1407705252\" data-type=\"link\" data-id=\"https:\/\/apps.apple.com\/se\/app\/studentbost%C3%A4ders-boendeapp\/id1407705252\">Download Studentbost\u00e4ders app &#8211; p\u00e5 App Store<\/a><\/p>\n\n\n\n<p>If there are several people in the household who want to use features on My Pages or the app, you can choose to activate guest users. You decides who gets the login details. As a guest user, you can report faults, make bookings, and read news. You can change the password for guest users at any time and can also completely deactivate the feature, after which the guest users will no longer be able to log in.<\/p>\n\n\n\n<p>If you need to contact us in other ways, just get in touch!<\/p>\n","protected":false},"excerpt":{"rendered":"<p>Download our app In our app, you can easily book laundry rooms, common areas, guest rooms and chat with us. It&#8217;s simple and convenient. Here you will also receive information from us that is good to know. Download Studentbost\u00e4ders app &#8211; Google PlayDownload Studentbost\u00e4ders app &#8211; p\u00e5 App Store If there are several people in&hellip; <a href=\"https:\/\/www.studentbostader.se\/en\/stay-with-us\/move-in-guide\/download-our-app\/\">Till hela texten<\/a><\/p>\n","protected":false},"author":9,"featured_media":4396,"parent":11159,"menu_order":7,"comment_status":"closed","ping_status":"closed","template":"","meta":{"_acf_changed":false,"_relevanssi_hide_post":"off","_relevanssi_hide_content":"","_relevanssi_pin_for_all":"","_relevanssi_pin_keywords":"","_relevanssi_unpin_keywords":"","_relevanssi_related_keywords":"","_relevanssi_related_include_ids":"","_relevanssi_related_exclude_ids":"","_relevanssi_related_no_append":"","_relevanssi_related_not_related":"","_relevanssi_related_posts":"","_relevanssi_noindex_reason":"","footnotes":""},"page_categories":[],"acf":[],"_links":{"self":[{"href":"https:\/\/www.studentbostader.se\/en\/wp-json\/wp\/v2\/pages\/11227"}],"collection":[{"href":"https:\/\/www.studentbostader.se\/en\/wp-json\/wp\/v2\/pages"}],"about":[{"href":"https:\/\/www.studentbostader.se\/en\/wp-json\/wp\/v2\/types\/page"}],"author":[{"embeddable":true,"href":"https:\/\/www.studentbostader.se\/en\/wp-json\/wp\/v2\/users\/9"}],"replies":[{"embeddable":true,"href":"https:\/\/www.studentbostader.se\/en\/wp-json\/wp\/v2\/comments?post=11227"}],"version-history":[{"count":0,"href":"https:\/\/www.studentbostader.se\/en\/wp-json\/wp\/v2\/pages\/11227\/revisions"}],"up":[{"embeddable":true,"href":"https:\/\/www.studentbostader.se\/en\/wp-json\/wp\/v2\/pages\/11159"}],"wp:featuredmedia":[{"embeddable":true,"href":"https:\/\/www.studentbostader.se\/en\/wp-json\/wp\/v2\/media\/4396"}],"wp:attachment":[{"href":"https:\/\/www.studentbostader.se\/en\/wp-json\/wp\/v2\/media?parent=11227"}],"wp:term":[{"taxonomy":"page_categories","embeddable":true,"href":"https:\/\/www.studentbostader.se\/en\/wp-json\/wp\/v2\/page_categories?post=11227"}],"curies":[{"name":"wp","href":"https:\/\/api.w.org\/{rel}","templated":true}]}}