{"id":1705,"date":"2021-08-11T13:42:24","date_gmt":"2021-08-11T12:42:24","guid":{"rendered":"https:\/\/www.studentbostader.se\/?page_id=1705"},"modified":"2024-01-26T16:13:48","modified_gmt":"2024-01-26T15:13:48","slug":"login","status":"publish","type":"page","link":"https:\/\/www.studentbostader.se\/en\/login\/","title":{"rendered":"Login"},"content":{"rendered":"\n<h1 class=\"has-text-align-center wp-block-heading\">Login<\/h1>\n\n\n\n<p><\/p>\n\n\n<!-- block-id=block_e8a82ebadd2b2253ab9f2b1615e34cf7 --><div class=\"fast2-blocks login alignwide\">\n    <div id=\"login-form-component\" class=\"md:mx-auto md:w-2\/3 lg:w-1\/3 relative\">\n    <login-form \n        message-login-failed=\"Wrong username\/password\"\n        message-user-locked=\"User is locked out, try again later\"\n        message-user-with-bankid=\"User must log in with Swedish Mobile BankID\"\n        message-bankid-user-not-customer=\"You dont seem to be our customer yet. In order to log in at My Pages with BankID you must first register on the link below.\"\n        bankid-show-qr=\"1\"\n        bankid-link-text=\"Log in with Swedish Mobile BankID\"\n        userpass-heading=\"Log in with username and password\"\n        userpass-text=\"Your username starts with P, Year, Month, Day and a number given to you by us (PYYMMDDX).  If you have a Swedish social security number registered with us, enter it with 10 digits without a hyphen (YYMMDDnnnn).\"\n        userpass-link-text=\"Log in with username and password\"\n        guest-heading=\"Log in as Guest User\"\n        guest-text=\"If there is more than one person who want to log in to my pages, the tenant can choose to activate guest users. In order to use the function, it first needs to be activaed by the tenant on My pages.\"\n        guest-link-text=\"Log in as guest user \"\n        register-heading=\"Register an account\"\n        register-text=\"To be able to search for accommodation, you have to be registered in our student housing queue. Registration is quickly done and after that you are ready to apply.\"\n        register-link-url=\"\/en\/login\/registration-step-1-contact-details\/\"\n        register-link-text=\"Register account\"\n        forgottpassword-link-url=\"\/en\/login\/forgotten-password\/\"\n        forgottpassword-link-text=\"Forgotten password?\"\n        mypages-url=\"\/en\/my-pages\"\n    >\n        <template slot=\"bankidHeading\">Log in with Swedish Mobile BankID<\/template>\n        <template slot=\"bankidText\"><p>To be able to use BankID you need a Swedish Social Security Number and you need to download the app BankID for your mobile or tablet. Enter your Swedish social security number with 10 digits without a hyphen (YYMMDDnnnn).<\/p>\n<\/template>\n        <template slot=\"bankidButtonAutostart\">BankID p\u00e5 denna enhet<\/template>\n        <template slot=\"bankidButtonQRCode\">BankID med QR-kod<\/template>\n        <template slot=\"bankidTextAutostart\">BankID-appen har nu startats. \u00d6ppnades inte BankID-appen automatiskt? Starta BankID manuellt:<\/template>\n        <template slot=\"bankidTextQRCode\">Starta BankID-appen i din mobil och tryck p\u00e5 Skanna QR-kod. Rikta kameran mot QR-koden h\u00e4r nedanf\u00f6r.<\/template>\n        <template slot=\"bankidTextInit\">Initierar inloggning&#8230;<\/template>\n        <template slot=\"bankidTextWaiting\">V\u00e4ntar p\u00e5 inloggning&#8230;<\/template>\n        <template slot=\"bankidOpenMobile\">Mobil<\/template>\n        <template slot=\"bankidOpenDesktop\">Desktop<\/template>\n\n    <\/login-form>\n    <\/div>\n<\/div>\n\n\n\n<h3 class=\"wp-block-heading\">Frequently asked questions<\/h3>\n\n\n<div class=\"wp-block-accordion mb-10\">\n\n    <div class=\"accordion\">\n        \n                                <div x-data=\"{ isOpen: false }\" class=\"mb-8\">\n                <button class=\"accordionhead\" id=\"btn-accordion-block_0ba484e579ec5fcd5a09e027392262b7-0\" aria-controls=\"accordion-block_0ba484e579ec5fcd5a09e027392262b7-0\" :aria-expanded=\"isOpen ? 'true' : 'false'\" @click=\"isOpen = !isOpen\">\n                    What is my username?\n                <\/button>                   \n                <div class=\"accordionbody\" id=\"accordion-block_0ba484e579ec5fcd5a09e027392262b7-0\" aria-labelledby=\"btn-accordion-block_0ba484e579ec5fcd5a09e027392262b7-0\" role=\"region\">\n                    <p>Your username is your Swedish social security number, in the format YYMMDDNNNN<\/p>\n<p>If you don\u2019t have a Swedish social security number your username starts with P followed by\u00a0Year, Month, Day and a checknumber given to you by us. It has the format PYYMMDDX .<\/p>\n<p>If you register with a p-number and now have a Swedish social security number, you contact us to change it.<\/p>\n\n                <\/div>\n            <\/div>\n                                <div x-data=\"{ isOpen: false }\" class=\"mb-8\">\n                <button class=\"accordionhead\" id=\"btn-accordion-block_0ba484e579ec5fcd5a09e027392262b7-1\" aria-controls=\"accordion-block_0ba484e579ec5fcd5a09e027392262b7-1\" :aria-expanded=\"isOpen ? 'true' : 'false'\" @click=\"isOpen = !isOpen\">\n                    What do I do if my account is locked?\n                <\/button>                   \n                <div class=\"accordionbody\" id=\"accordion-block_0ba484e579ec5fcd5a09e027392262b7-1\" aria-labelledby=\"btn-accordion-block_0ba484e579ec5fcd5a09e027392262b7-1\" role=\"region\">\n                    <p>Your account will automatically unlock again after 30 minutes and then you can try logging in again. If you have forgotten your password, click \u201c<a href=\"\/en\/login\/forgotten-password\/\">Forgotten password?<\/a>\u201d.<\/p>\n\n                <\/div>\n            <\/div>\n                                <div x-data=\"{ isOpen: false }\" class=\"mb-8\">\n                <button class=\"accordionhead\" id=\"btn-accordion-block_0ba484e579ec5fcd5a09e027392262b7-2\" aria-controls=\"accordion-block_0ba484e579ec5fcd5a09e027392262b7-2\" :aria-expanded=\"isOpen ? 'true' : 'false'\" @click=\"isOpen = !isOpen\">\n                    What do I do if I forget my password?\n                <\/button>                   \n                <div class=\"accordionbody\" id=\"accordion-block_0ba484e579ec5fcd5a09e027392262b7-2\" aria-labelledby=\"btn-accordion-block_0ba484e579ec5fcd5a09e027392262b7-2\" role=\"region\">\n                    <p>Click \u201c<a href=\"\/en\/login\/forgotten-password\/\">Forgotten password?<\/a>\u201d and then you can choose to be emailed a new password or reset it with your BankID.<\/p>\n\n                <\/div>\n            <\/div>\n                                <div x-data=\"{ isOpen: false }\" class=\"mb-8\">\n                <button class=\"accordionhead\" id=\"btn-accordion-block_0ba484e579ec5fcd5a09e027392262b7-3\" aria-controls=\"accordion-block_0ba484e579ec5fcd5a09e027392262b7-3\" :aria-expanded=\"isOpen ? 'true' : 'false'\" @click=\"isOpen = !isOpen\">\n                    What is Guest User?\n                <\/button>                   \n                <div class=\"accordionbody\" id=\"accordion-block_0ba484e579ec5fcd5a09e027392262b7-3\" aria-labelledby=\"btn-accordion-block_0ba484e579ec5fcd5a09e027392262b7-3\" role=\"region\">\n                    <p>If there is more people than the tenant who want to log in to my pages, the tenant can choose to activate guest users. The guest user have access to fault report and bookings on My Pages or in the app. In order to use the function, it first needs to be activaed by the tenant on My pages.<\/p>\n\n                <\/div>\n            <\/div>\n                                <div x-data=\"{ isOpen: false }\" class=\"mb-8\">\n                <button class=\"accordionhead\" id=\"btn-accordion-block_0ba484e579ec5fcd5a09e027392262b7-4\" aria-controls=\"accordion-block_0ba484e579ec5fcd5a09e027392262b7-4\" :aria-expanded=\"isOpen ? 'true' : 'false'\" @click=\"isOpen = !isOpen\">\n                    How do I remove my personal data from your register?\n                <\/button>                   \n                <div class=\"accordionbody\" id=\"accordion-block_0ba484e579ec5fcd5a09e027392262b7-4\" aria-labelledby=\"btn-accordion-block_0ba484e579ec5fcd5a09e027392262b7-4\" role=\"region\">\n                    <p>If you are a customer with us today, we need your personal information to be able to fulfill our work. However, you have several rights that you can use, including the right to access your data, the right to change incorrect information and the right to object to our processing of the data. Read more about this on the page <a href=\"\/en\/processing-of-personal-data\/\">Processing personal data<\/a> on our website. If you want to exercise any of these rights, it is easiest to email our data protection coordinator at <a href=\"mailto:dataskydd@stangastaden.se\">dataskydd@stangastaden.se<\/a><\/p>\n<p>If you are not a customer with us today, but only stand in the queue, you can log in and change your information yourself. If you want to be removed completely, you can email our data protection coordinator at <a href=\"mailto:dataskydd@stangastaden.se\">dataskydd@stangastaden.se<\/a> or send a physical letter to us.<\/p>\n\n                <\/div>\n            <\/div>\n        \n    <\/div>\n\n<\/div>","protected":false},"excerpt":{"rendered":"<p>Login Frequently asked questions<\/p>\n","protected":false},"author":3,"featured_media":0,"parent":0,"menu_order":13,"comment_status":"closed","ping_status":"closed","template":"","meta":{"_acf_changed":false,"_relevanssi_hide_post":"","_relevanssi_hide_content":"","_relevanssi_pin_for_all":"","_relevanssi_pin_keywords":"","_relevanssi_unpin_keywords":"","_relevanssi_related_keywords":"","_relevanssi_related_include_ids":"","_relevanssi_related_exclude_ids":"","_relevanssi_related_no_append":"","_relevanssi_related_not_related":"","_relevanssi_related_posts":"","_relevanssi_noindex_reason":"","footnotes":""},"page_categories":[],"acf":[],"_links":{"self":[{"href":"https:\/\/www.studentbostader.se\/en\/wp-json\/wp\/v2\/pages\/1705"}],"collection":[{"href":"https:\/\/www.studentbostader.se\/en\/wp-json\/wp\/v2\/pages"}],"about":[{"href":"https:\/\/www.studentbostader.se\/en\/wp-json\/wp\/v2\/types\/page"}],"author":[{"embeddable":true,"href":"https:\/\/www.studentbostader.se\/en\/wp-json\/wp\/v2\/users\/3"}],"replies":[{"embeddable":true,"href":"https:\/\/www.studentbostader.se\/en\/wp-json\/wp\/v2\/comments?post=1705"}],"version-history":[{"count":0,"href":"https:\/\/www.studentbostader.se\/en\/wp-json\/wp\/v2\/pages\/1705\/revisions"}],"wp:attachment":[{"href":"https:\/\/www.studentbostader.se\/en\/wp-json\/wp\/v2\/media?parent=1705"}],"wp:term":[{"taxonomy":"page_categories","embeddable":true,"href":"https:\/\/www.studentbostader.se\/en\/wp-json\/wp\/v2\/page_categories?post=1705"}],"curies":[{"name":"wp","href":"https:\/\/api.w.org\/{rel}","templated":true}]}}