{"id":5265,"date":"2021-10-22T15:06:47","date_gmt":"2021-10-22T13:06:47","guid":{"rendered":"https:\/\/www.studentbostader.se\/?page_id=5265"},"modified":"2025-08-18T10:44:40","modified_gmt":"2025-08-18T08:44:40","slug":"why-you-should-stay-at-studentbostader","status":"publish","type":"page","link":"https:\/\/www.studentbostader.se\/en\/find-apartments\/why-you-should-stay-at-studentbostader\/","title":{"rendered":"Why you should stay with Studentbost\u00e4der"},"content":{"rendered":"<div class=\"wp-block-top-image top-image alignfull\">\n    <div class=\"top-image-on-mobile\">\n        <img loading=\"lazy\" decoding=\"async\" width=\"1024\" height=\"768\" src=\"https:\/\/www.studentbostader.se\/app\/uploads\/2021\/10\/vallastaden-kollektiv-1-1024x768.jpg\" class=\"attachment-top-image-mobile size-top-image-mobile\" alt=\"Gemensam yta i kollektivet\" \/>\n    <\/div>\n    <div class=\"top-image-on-desktop\">\n        <img loading=\"lazy\" decoding=\"async\" width=\"1600\" height=\"500\" src=\"https:\/\/www.studentbostader.se\/app\/uploads\/2021\/10\/vallastaden-kollektiv-1-1600x500.jpg\" class=\"attachment-top-image-desktop size-top-image-desktop\" alt=\"Gemensam yta i kollektivet\" \/>\n    <\/div>\n<\/div>\n\n\n<h1 class=\"wp-block-heading\">Why you should stay with Studentbost\u00e4der<\/h1>\n\n\n\n<p class=\"has-lead-font-size\">At Studentbost\u00e4der, you will find over 4 000 units with great locations around Link\u00f6ping.\u202fSafe, affordable and environmentally friendly!<\/p>\n\n\n\n<h2 class=\"wp-block-heading\">10-month rental&nbsp;<\/h2>\n\n\n\n<p>With us, you only pay rent for 10 months.&nbsp;The months of June and July are rent-free.&nbsp;&nbsp;<\/p>\n\n\n\n<h2 class=\"wp-block-heading\">TV and internet access are included in the rent&nbsp;<\/h2>\n\n\n\n<p>We provide TV channels from Tele2 and up to 250\/250 Mbit broadband from Telia in all homes. Just plug in your devices. <br><a href=\"https:\/\/www.studentbostader.se\/en\/stay-with-us\/during-your-stay\/internet-and-tv\/\" data-type=\"URL\" data-id=\"\/bor-hos-oss\/tv-internet\/\">Read more about TV and Internet.<\/a><\/p>\n\n\n\n<h2 class=\"wp-block-heading\">Communal areas&nbsp;<\/h2>\n\n\n\n<p>In addition to your own accommodation, you also have access to several different bookable spaces such as study rooms, activity rooms, and more. The bookable spaces available in your area can be easily viewed in our housing app, where you can also make your bookings.<\/p>\n\n\n\n<h2 class=\"wp-block-heading\">Security&nbsp;<\/h2>\n\n\n\n<p>There are many different ways to create safe residential areas. We measure our tenants\u2019 sense of security using our annual customer survey and take action based on the responses. This can include monitoring the perimeter of our properties to make it harder for unauthorised people to enter. <a href=\"https:\/\/www.studentbostader.se\/en\/stay-with-us\/during-your-stay\/safety-security-and-comfort\/\" data-type=\"page\" data-id=\"5881\">Read more about how we approach safety.<\/a><\/p>\n\n\n\n<h2 class=\"wp-block-heading\">Smoke-free homes<\/h2>\n\n\n\n<p>Shared homes means shared responsibility for care and comfort in order to ensure that everyone has a good living environment. Therefor, all dormitory room and communal areas are smoke-free. All of our newly constructed homes will also be smoke-free.<\/p>\n\n\n\n<h2 class=\"wp-block-heading\">You can reach us 24\/7<\/h2>\n\n\n\n<p>Locked out? Feeling unsafe? You can always reach us, 24 hours a day, 7 days a year. After opening hours, you can always reach our disturbance watch.&nbsp;<a href=\"https:\/\/www.studentbostader.se\/en\/customer-service\/contact\/\">Read more about how to contact us<\/a>.<\/p>\n\n\n\n<h2 class=\"wp-block-heading\">Different types of residences across Link\u00f6ping.&nbsp;<\/h2>\n\n\n\n<p>We have housing in several attractive locations around Link\u00f6ping. with different sizes and different types of housing. Do you want to be close to the city centre or to the university? Would you like to stay in a dormitory room or flat? Your decide.&nbsp;&nbsp;<a href=\"https:\/\/www.studentbostader.se\/en\/find-apartments\/our-areas\/\">Read more about our housing areas<\/a>.&nbsp;<\/p>\n\n\n\n<h2 class=\"wp-block-heading\">Easy living with our resident app&nbsp;<\/h2>\n\n\n\n<p>We want it to be easy to manage your residential tasks. In our resident app, you can easily book laundry facilities, communal areas and chat with us.<\/p>\n\n\n\n<div style=\"height:30px\" aria-hidden=\"true\" class=\"wp-block-spacer\"><\/div>\n\n\n<div class=\"wp-block-index-card alignwide-decor\" >\n  <div class=\"inner my-20\" >\n\n      <h2 class=\"\">More for you who are looking for housing<\/h2>\n        <div class=\"flex flex-wrap lg:-mx-5\" >\n            <div class=\"index-card w-full lg:w-1\/3 lg:px-5 pt-8\">\n        <a href=\"https:\/\/www.studentbostader.se\/en\/find-apartments\/search-apartments\/\" target=\"\" class=\"index-card-link no-underline hover:underline\">\n          <div class=\"image-container wp-block-cover min-h-72\">\n            <img loading=\"lazy\" decoding=\"async\" width=\"800\" height=\"533\" src=\"https:\/\/www.studentbostader.se\/app\/uploads\/2021\/10\/flamman_dronarbild-800x533.jpg\" class=\"wp-block-cover__image-background\" alt=\"Flamman vy ovanifr\u00e5n\" srcset=\"https:\/\/www.studentbostader.se\/app\/uploads\/2021\/10\/flamman_dronarbild-800x533.jpg 800w, https:\/\/www.studentbostader.se\/app\/uploads\/2021\/10\/flamman_dronarbild-1500x1000.jpg 1500w\" sizes=\"(max-width: 800px) 100vw, 800px\" \/>\n          <\/div>\n          <div class=\"text-area\">\n                      <h3 class=\"text-2xl underline\">Available homes<\/h3>\n                      <p class=\"\">Here can you find all of our availble homes right now.<\/p>\n          <\/div>\n        <\/a>\n      <\/div>\n            <div class=\"index-card w-full lg:w-1\/3 lg:px-5 pt-8\">\n        <a href=\"https:\/\/www.studentbostader.se\/en\/find-apartments\/how-to-apply\/\" target=\"\" class=\"index-card-link no-underline hover:underline\">\n          <div class=\"image-container wp-block-cover min-h-72\">\n            <img loading=\"lazy\" decoding=\"async\" width=\"800\" height=\"533\" src=\"https:\/\/www.studentbostader.se\/app\/uploads\/2021\/10\/Lambohov_insikten_dronarbild-800x533.jpg\" class=\"wp-block-cover__image-background\" alt=\"\" srcset=\"https:\/\/www.studentbostader.se\/app\/uploads\/2021\/10\/Lambohov_insikten_dronarbild-800x533.jpg 800w, https:\/\/www.studentbostader.se\/app\/uploads\/2021\/10\/Lambohov_insikten_dronarbild-1500x1000.jpg 1500w\" sizes=\"(max-width: 800px) 100vw, 800px\" \/>\n          <\/div>\n          <div class=\"text-area\">\n                      <h3 class=\"text-2xl underline\">How to apply<\/h3>\n                      <p class=\"\">Learn more about how to apply for a home with us.<\/p>\n          <\/div>\n        <\/a>\n      <\/div>\n            <div class=\"index-card w-full lg:w-1\/3 lg:px-5 pt-8\">\n        <a href=\"https:\/\/www.studentbostader.se\/en\/find-apartments\/our-areas\/\" target=\"\" class=\"index-card-link no-underline hover:underline\">\n          <div class=\"image-container wp-block-cover min-h-72\">\n            <img loading=\"lazy\" decoding=\"async\" width=\"800\" height=\"533\" src=\"https:\/\/www.studentbostader.se\/app\/uploads\/2021\/10\/irrblosset_dronarbild-800x533.jpg\" class=\"wp-block-cover__image-background\" alt=\"Studentbost\u00e4der ovanifr\u00e5n\" srcset=\"https:\/\/www.studentbostader.se\/app\/uploads\/2021\/10\/irrblosset_dronarbild-800x533.jpg 800w, https:\/\/www.studentbostader.se\/app\/uploads\/2021\/10\/irrblosset_dronarbild-1500x1000.jpg 1500w\" sizes=\"(max-width: 800px) 100vw, 800px\" \/>\n          <\/div>\n          <div class=\"text-area\">\n                      <h3 class=\"text-2xl underline\">Our areas<\/h3>\n                      <p class=\"\">Read more about our areas.<\/p>\n          <\/div>\n        <\/a>\n      <\/div>\n          <\/div>\n    \n  <\/div>\n<\/div>\n\n\n","protected":false},"excerpt":{"rendered":"<p>Why you should stay with Studentbost\u00e4der At Studentbost\u00e4der, you will find over 4 000 units with great locations around Link\u00f6ping.\u202fSafe, affordable and environmentally friendly! 10-month rental&nbsp; With us, you only pay rent for 10 months.&nbsp;The months of June and July are rent-free.&nbsp;&nbsp; TV and internet access are included in the rent&nbsp; We provide TV channels&hellip; <a href=\"https:\/\/www.studentbostader.se\/en\/find-apartments\/why-you-should-stay-at-studentbostader\/\">Till hela texten<\/a><\/p>\n","protected":false},"author":9,"featured_media":4366,"parent":6453,"menu_order":5,"comment_status":"closed","ping_status":"closed","template":"","meta":{"_acf_changed":false,"_relevanssi_hide_post":"","_relevanssi_hide_content":"","_relevanssi_pin_for_all":"","_relevanssi_pin_keywords":"","_relevanssi_unpin_keywords":"","_relevanssi_related_keywords":"","_relevanssi_related_include_ids":"","_relevanssi_related_exclude_ids":"","_relevanssi_related_no_append":"","_relevanssi_related_not_related":"","_relevanssi_related_posts":"","_relevanssi_noindex_reason":"","footnotes":""},"page_categories":[],"acf":[],"_links":{"self":[{"href":"https:\/\/www.studentbostader.se\/en\/wp-json\/wp\/v2\/pages\/5265"}],"collection":[{"href":"https:\/\/www.studentbostader.se\/en\/wp-json\/wp\/v2\/pages"}],"about":[{"href":"https:\/\/www.studentbostader.se\/en\/wp-json\/wp\/v2\/types\/page"}],"author":[{"embeddable":true,"href":"https:\/\/www.studentbostader.se\/en\/wp-json\/wp\/v2\/users\/9"}],"replies":[{"embeddable":true,"href":"https:\/\/www.studentbostader.se\/en\/wp-json\/wp\/v2\/comments?post=5265"}],"version-history":[{"count":0,"href":"https:\/\/www.studentbostader.se\/en\/wp-json\/wp\/v2\/pages\/5265\/revisions"}],"up":[{"embeddable":true,"href":"https:\/\/www.studentbostader.se\/en\/wp-json\/wp\/v2\/pages\/6453"}],"wp:featuredmedia":[{"embeddable":true,"href":"https:\/\/www.studentbostader.se\/en\/wp-json\/wp\/v2\/media\/4366"}],"wp:attachment":[{"href":"https:\/\/www.studentbostader.se\/en\/wp-json\/wp\/v2\/media?parent=5265"}],"wp:term":[{"taxonomy":"page_categories","embeddable":true,"href":"https:\/\/www.studentbostader.se\/en\/wp-json\/wp\/v2\/page_categories?post=5265"}],"curies":[{"name":"wp","href":"https:\/\/api.w.org\/{rel}","templated":true}]}}