{"id":5316,"date":"2021-10-23T21:20:13","date_gmt":"2021-10-23T19:20:13","guid":{"rendered":"https:\/\/www.studentbostader.se\/?page_id=5316"},"modified":"2024-11-08T11:20:06","modified_gmt":"2024-11-08T10:20:06","slug":"living-in-a-dorm","status":"publish","type":"page","link":"https:\/\/www.studentbostader.se\/en\/find-apartments\/living-in-a-dorm\/","title":{"rendered":"Living in a dorm"},"content":{"rendered":"<div class=\"wp-block-top-image top-image alignfull\">\n    <div class=\"top-image-on-mobile\">\n        <img loading=\"lazy\" decoding=\"async\" width=\"1024\" height=\"768\" src=\"https:\/\/www.studentbostader.se\/app\/uploads\/2024\/11\/studentkorridor-glada2-e1730907639854-1024x768.jpg\" class=\"attachment-top-image-mobile size-top-image-mobile\" alt=\"\" \/>\n    <\/div>\n    <div class=\"top-image-on-desktop\">\n        <img loading=\"lazy\" decoding=\"async\" width=\"1600\" height=\"500\" src=\"https:\/\/www.studentbostader.se\/app\/uploads\/2024\/11\/studentkorridor-glada2-e1730907639854-1600x500.jpg\" class=\"attachment-top-image-desktop size-top-image-desktop\" alt=\"\" \/>\n    <\/div>\n<\/div>\n\n\n<h1 class=\"wp-block-heading\">Living in a dorm<\/h1>\n\n\n\n<p>Are you searching for a place to live that offers both personal space and a sense of community? In a dormitory you can enjoy the privacy of your own room while also having the opportunity to socialize with new friends.<\/p>\n\n\n\n<p>In a student dormitory, you\u2019ll have a private room along with shared spaces, allowing you to balance quiet study time with a vibrant student life. You can choose between furnished or unfurnished rooms, giving you the freedom to create a personal space that reflects your style. Plus, sharing a kitchen and living room with fellow students fosters a strong sense of community, making it easy to connect and build lasting friendships.<\/p>\n\n\n\n<figure class=\"wp-block-embed is-type-video is-provider-youtube wp-block-embed-youtube wp-embed-aspect-16-9 wp-has-aspect-ratio\"><div class=\"wp-block-embed__wrapper\">\n<iframe loading=\"lazy\" title=\"Studentbost\u00e4der i Link\u00f6ping - Ryd\" width=\"500\" height=\"281\" src=\"https:\/\/www.youtube.com\/embed\/Z8ZIGvJQFJ0?feature=oembed\" frameborder=\"0\" allow=\"accelerometer; autoplay; clipboard-write; encrypted-media; gyroscope; picture-in-picture; web-share\" referrerpolicy=\"strict-origin-when-cross-origin\" allowfullscreen><\/iframe>\n<\/div><\/figure>\n\n\n\n<h2 class=\"wp-block-heading\">Why living in a dorm is awesome<\/h2>\n\n\n\n<p><strong>Social vibes with personal space<\/strong>: Living in a dorm means you get to enjoy both community and your own time. You can whip up meals, play games, or hit the books with your neighbors, all while making friends from different programs. It\u2019s the perfect mix of fun and focus!<\/p>\n\n\n\n<p><strong>Budget-friendly living<\/strong>: Dorm life is often way cheaper than renting an apartment, which is a huge win for your student budget. Plus, you only pay rent for 10 months a year\u2014no rent during the summer! More money for pizza and outings!<\/p>\n\n\n\n<p><strong>Prime location<\/strong>: Dorms are usually super close to campus and all the student action. Whether you\u2019re biking, scooting, or hopping on a bus, getting to the city center or your classes is a breeze.\u00a0You\u2019ll never miss out on the fun!<\/p>\n\n\n\n<div class=\"wp-block-columns is-layout-flex wp-container-core-columns-layout-1 wp-block-columns-is-layout-flex\">\n<div class=\"wp-block-column is-layout-flow wp-block-column-is-layout-flow\" style=\"flex-basis:50%\">\n<figure class=\"wp-block-image size-puff-bild is-style-default\"><img loading=\"lazy\" decoding=\"async\" width=\"800\" height=\"533\" src=\"https:\/\/www.studentbostader.se\/app\/uploads\/2024\/11\/studentkorridor-studerar-800x533.jpg\" alt=\"\" class=\"wp-image-12034\" srcset=\"https:\/\/www.studentbostader.se\/app\/uploads\/2024\/11\/studentkorridor-studerar-800x533.jpg 800w, https:\/\/www.studentbostader.se\/app\/uploads\/2024\/11\/studentkorridor-studerar-1024x683.jpg 1024w, https:\/\/www.studentbostader.se\/app\/uploads\/2024\/11\/studentkorridor-studerar-768x512.jpg 768w, https:\/\/www.studentbostader.se\/app\/uploads\/2024\/11\/studentkorridor-studerar-1920x1280.jpg 1920w, https:\/\/www.studentbostader.se\/app\/uploads\/2024\/11\/studentkorridor-studerar-1536x1024.jpg 1536w, https:\/\/www.studentbostader.se\/app\/uploads\/2024\/11\/studentkorridor-studerar-2048x1365.jpg 2048w, https:\/\/www.studentbostader.se\/app\/uploads\/2024\/11\/studentkorridor-studerar-50x33.jpg 50w, https:\/\/www.studentbostader.se\/app\/uploads\/2024\/11\/studentkorridor-studerar-1600x1067.jpg 1600w, https:\/\/www.studentbostader.se\/app\/uploads\/2024\/11\/studentkorridor-studerar-1500x1000.jpg 1500w\" sizes=\"(max-width: 800px) 100vw, 800px\" \/><figcaption class=\"wp-element-caption\">Social vibes with personal space<\/figcaption><\/figure>\n\n\n\n<figure class=\"wp-block-image size-puff-bild is-resized is-style-default\"><img loading=\"lazy\" decoding=\"async\" width=\"800\" height=\"533\" src=\"https:\/\/www.studentbostader.se\/app\/uploads\/2024\/11\/studentkorridor-koket-800x533.jpg\" alt=\"\" class=\"wp-image-12032\" style=\"width:460px;height:auto\" srcset=\"https:\/\/www.studentbostader.se\/app\/uploads\/2024\/11\/studentkorridor-koket-800x533.jpg 800w, https:\/\/www.studentbostader.se\/app\/uploads\/2024\/11\/studentkorridor-koket-1024x683.jpg 1024w, https:\/\/www.studentbostader.se\/app\/uploads\/2024\/11\/studentkorridor-koket-768x512.jpg 768w, https:\/\/www.studentbostader.se\/app\/uploads\/2024\/11\/studentkorridor-koket-1920x1280.jpg 1920w, https:\/\/www.studentbostader.se\/app\/uploads\/2024\/11\/studentkorridor-koket-1536x1024.jpg 1536w, https:\/\/www.studentbostader.se\/app\/uploads\/2024\/11\/studentkorridor-koket-2048x1365.jpg 2048w, https:\/\/www.studentbostader.se\/app\/uploads\/2024\/11\/studentkorridor-koket-50x33.jpg 50w, https:\/\/www.studentbostader.se\/app\/uploads\/2024\/11\/studentkorridor-koket-1600x1067.jpg 1600w, https:\/\/www.studentbostader.se\/app\/uploads\/2024\/11\/studentkorridor-koket-1500x1000.jpg 1500w\" sizes=\"(max-width: 800px) 100vw, 800px\" \/><figcaption class=\"wp-element-caption\">Socialize with new friends<\/figcaption><\/figure>\n<\/div>\n\n\n\n<div class=\"wp-block-column is-layout-flow wp-block-column-is-layout-flow\" style=\"flex-basis:50%\">\n<figure class=\"wp-block-image size-puff-bild is-resized is-style-default\"><img loading=\"lazy\" decoding=\"async\" width=\"800\" height=\"533\" src=\"https:\/\/www.studentbostader.se\/app\/uploads\/2024\/11\/studentkorridor-mat-800x533.jpg\" alt=\"\" class=\"wp-image-12030\" style=\"width:460px;height:auto\" srcset=\"https:\/\/www.studentbostader.se\/app\/uploads\/2024\/11\/studentkorridor-mat-800x533.jpg 800w, https:\/\/www.studentbostader.se\/app\/uploads\/2024\/11\/studentkorridor-mat-1024x683.jpg 1024w, https:\/\/www.studentbostader.se\/app\/uploads\/2024\/11\/studentkorridor-mat-768x512.jpg 768w, https:\/\/www.studentbostader.se\/app\/uploads\/2024\/11\/studentkorridor-mat-1920x1280.jpg 1920w, https:\/\/www.studentbostader.se\/app\/uploads\/2024\/11\/studentkorridor-mat-1536x1024.jpg 1536w, https:\/\/www.studentbostader.se\/app\/uploads\/2024\/11\/studentkorridor-mat-2048x1365.jpg 2048w, https:\/\/www.studentbostader.se\/app\/uploads\/2024\/11\/studentkorridor-mat-50x33.jpg 50w, https:\/\/www.studentbostader.se\/app\/uploads\/2024\/11\/studentkorridor-mat-1600x1067.jpg 1600w, https:\/\/www.studentbostader.se\/app\/uploads\/2024\/11\/studentkorridor-mat-1500x1000.jpg 1500w\" sizes=\"(max-width: 800px) 100vw, 800px\" \/><figcaption class=\"wp-element-caption\">Easy to connect and build lasting friendships<\/figcaption><\/figure>\n\n\n\n<figure class=\"wp-block-image size-puff-bild is-style-default\"><img loading=\"lazy\" decoding=\"async\" width=\"800\" height=\"533\" src=\"https:\/\/www.studentbostader.se\/app\/uploads\/2024\/11\/studentkorridor-egentid-800x533.jpg\" alt=\"\" class=\"wp-image-12038\" srcset=\"https:\/\/www.studentbostader.se\/app\/uploads\/2024\/11\/studentkorridor-egentid-800x533.jpg 800w, https:\/\/www.studentbostader.se\/app\/uploads\/2024\/11\/studentkorridor-egentid-1024x683.jpg 1024w, https:\/\/www.studentbostader.se\/app\/uploads\/2024\/11\/studentkorridor-egentid-768x512.jpg 768w, https:\/\/www.studentbostader.se\/app\/uploads\/2024\/11\/studentkorridor-egentid-1920x1280.jpg 1920w, https:\/\/www.studentbostader.se\/app\/uploads\/2024\/11\/studentkorridor-egentid-1536x1024.jpg 1536w, https:\/\/www.studentbostader.se\/app\/uploads\/2024\/11\/studentkorridor-egentid-2048x1365.jpg 2048w, https:\/\/www.studentbostader.se\/app\/uploads\/2024\/11\/studentkorridor-egentid-50x33.jpg 50w, https:\/\/www.studentbostader.se\/app\/uploads\/2024\/11\/studentkorridor-egentid-1600x1067.jpg 1600w, https:\/\/www.studentbostader.se\/app\/uploads\/2024\/11\/studentkorridor-egentid-1500x1000.jpg 1500w\" sizes=\"(max-width: 800px) 100vw, 800px\" \/><figcaption class=\"wp-element-caption\">Enjoy both community and your own time<\/figcaption><\/figure>\n<\/div>\n<\/div>\n\n\n\n<h2 class=\"wp-block-heading\">What\u2019s a dorm room like?<\/h2>\n\n\n\n<p>Our student accommodations come in various styles, but one thing\u2019s for sure: you\u2019ll share some spaces with your neighbors, like the kitchen and common rooms. Plus, you\u2019ll always have your own bathroom with a toilet and shower\u2014no sharing there!<\/p>\n\n\n\n<figure class=\"wp-block-embed is-type-video is-provider-youtube wp-block-embed-youtube wp-embed-aspect-16-9 wp-has-aspect-ratio\"><div class=\"wp-block-embed__wrapper\">\n<iframe loading=\"lazy\" title=\"S\u00e5 \u00e4r det att bo i korridor hos Studentbost\u00e4der\" width=\"500\" height=\"281\" src=\"https:\/\/www.youtube.com\/embed\/_Jxf1mzzl-8?feature=oembed\" frameborder=\"0\" allow=\"accelerometer; autoplay; clipboard-write; encrypted-media; gyroscope; picture-in-picture; web-share\" referrerpolicy=\"strict-origin-when-cross-origin\" allowfullscreen><\/iframe>\n<\/div><\/figure>\n\n\n\n<h3 class=\"wp-block-heading\">What\u2019s included in a furnished dorm doom?<\/h3>\n\n\n\n<ul>\n<li>Bed<\/li>\n\n\n\n<li>Desk and chair<\/li>\n\n\n\n<li>Bookshelf<\/li>\n\n\n\n<li>Nightstand<\/li>\n\n\n\n<li>Ceiling light<\/li>\n<\/ul>\n\n\n\n<p>This is a solid basic setup that you can easily personalize with your own stuff. Feel free to add your mattress topper, favorite pillows, blankets, and sheets to make it feel like home!<\/p>\n\n\n\n<h2 class=\"wp-block-heading\">Dormitory example<\/h2>\n\n\n\n<div class=\"wp-block-columns is-layout-flex wp-container-core-columns-layout-2 wp-block-columns-is-layout-flex\">\n<div class=\"wp-block-column is-layout-flow wp-block-column-is-layout-flow\" style=\"flex-basis:50%\">\n<figure class=\"wp-block-image size-puff-bild is-resized is-style-default\"><img loading=\"lazy\" decoding=\"async\" width=\"800\" height=\"533\" src=\"https:\/\/www.studentbostader.se\/app\/uploads\/2024\/11\/korridorrum-ryd8-800x533.jpg\" alt=\"\" class=\"wp-image-12069\" style=\"width:459px;height:auto\" srcset=\"https:\/\/www.studentbostader.se\/app\/uploads\/2024\/11\/korridorrum-ryd8-800x533.jpg 800w, https:\/\/www.studentbostader.se\/app\/uploads\/2024\/11\/korridorrum-ryd8-1500x1000.jpg 1500w\" sizes=\"(max-width: 800px) 100vw, 800px\" \/><figcaption class=\"wp-element-caption\">Personalize your room with your own stuff<\/figcaption><\/figure>\n\n\n\n<figure class=\"wp-block-image size-puff-bild is-resized is-style-default\"><img loading=\"lazy\" decoding=\"async\" width=\"800\" height=\"533\" src=\"https:\/\/www.studentbostader.se\/app\/uploads\/2024\/11\/korridorrum-ryd-vardagsrum2-800x533.jpg\" alt=\"\" class=\"wp-image-12082\" style=\"width:458px;height:auto\" srcset=\"https:\/\/www.studentbostader.se\/app\/uploads\/2024\/11\/korridorrum-ryd-vardagsrum2-800x533.jpg 800w, https:\/\/www.studentbostader.se\/app\/uploads\/2024\/11\/korridorrum-ryd-vardagsrum2-1500x1000.jpg 1500w\" sizes=\"(max-width: 800px) 100vw, 800px\" \/><figcaption class=\"wp-element-caption\">You\u2019ll share some spaces with your neighbors<\/figcaption><\/figure>\n<\/div>\n\n\n\n<div class=\"wp-block-column is-layout-flow wp-block-column-is-layout-flow\" style=\"flex-basis:50%\">\n<figure class=\"wp-block-image size-puff-bild is-resized is-style-default\"><img loading=\"lazy\" decoding=\"async\" width=\"800\" height=\"533\" src=\"https:\/\/www.studentbostader.se\/app\/uploads\/2024\/11\/korridorrum-ryd-5-800x533.jpg\" alt=\"\" class=\"wp-image-12071\" style=\"width:460px;height:auto\" srcset=\"https:\/\/www.studentbostader.se\/app\/uploads\/2024\/11\/korridorrum-ryd-5-800x533.jpg 800w, https:\/\/www.studentbostader.se\/app\/uploads\/2024\/11\/korridorrum-ryd-5-1500x1000.jpg 1500w\" sizes=\"(max-width: 800px) 100vw, 800px\" \/><figcaption class=\"wp-element-caption\"> Choose between furnished or unfurnished rooms<\/figcaption><\/figure>\n\n\n\n<figure class=\"wp-block-image size-puff-bild is-style-default\"><img loading=\"lazy\" decoding=\"async\" width=\"800\" height=\"533\" src=\"https:\/\/www.studentbostader.se\/app\/uploads\/2024\/11\/korridorrum-ryd-vardagsrum1-800x533.jpg\" alt=\"\" class=\"wp-image-12080\" srcset=\"https:\/\/www.studentbostader.se\/app\/uploads\/2024\/11\/korridorrum-ryd-vardagsrum1-800x533.jpg 800w, https:\/\/www.studentbostader.se\/app\/uploads\/2024\/11\/korridorrum-ryd-vardagsrum1-1500x1000.jpg 1500w\" sizes=\"(max-width: 800px) 100vw, 800px\" \/><figcaption class=\"wp-element-caption\">Space for hanging out in common areas<\/figcaption><\/figure>\n\n\n\n<p><\/p>\n<\/div>\n<\/div>\n\n\n\n<h3 class=\"wp-block-heading\">What&#8217;s in the kitchens?<\/h3>\n\n\n\n<p>The kitchens are equipped with a stove and oven, fridge, and freezer. Every dorm has a microwave, and some even come with a dishwasher! There\u2019s a basic set of kitchenware, but you\u2019re welcome to bring your own pots, dishes, cutlery, and other kitchen gadgets to stock up the drawers.<\/p>\n\n\n\n<h2 class=\"wp-block-heading\">Ready to live in a dorm?<\/h2>\n\n\n\n<div class=\"wp-block-buttons is-layout-flex wp-block-buttons-is-layout-flex\">\n<div class=\"wp-block-button\"><a class=\"wp-block-button__link wp-element-button\" href=\"https:\/\/www.studentbostader.se\/en\/find-apartments\/search-apartments\/?actionId=&amp;omraden=&amp;egenskaper=&amp;oboTyper=SK1\">See available dorms<\/a><\/div>\n<\/div>\n","protected":false},"excerpt":{"rendered":"<p>Living in a dorm Are you searching for a place to live that offers both personal space and a sense of community? In a dormitory you can enjoy the privacy of your own room while also having the opportunity to socialize with new friends. In a student dormitory, you\u2019ll have a private room along with&hellip; <a href=\"https:\/\/www.studentbostader.se\/en\/find-apartments\/living-in-a-dorm\/\">Till hela texten<\/a><\/p>\n","protected":false},"author":11,"featured_media":12037,"parent":6453,"menu_order":7,"comment_status":"closed","ping_status":"closed","template":"","meta":{"_acf_changed":false,"_relevanssi_hide_post":"","_relevanssi_hide_content":"","_relevanssi_pin_for_all":"","_relevanssi_pin_keywords":"","_relevanssi_unpin_keywords":"","_relevanssi_related_keywords":"","_relevanssi_related_include_ids":"","_relevanssi_related_exclude_ids":"","_relevanssi_related_no_append":"","_relevanssi_related_not_related":"","_relevanssi_related_posts":"","_relevanssi_noindex_reason":"","footnotes":""},"page_categories":[],"acf":[],"_links":{"self":[{"href":"https:\/\/www.studentbostader.se\/en\/wp-json\/wp\/v2\/pages\/5316"}],"collection":[{"href":"https:\/\/www.studentbostader.se\/en\/wp-json\/wp\/v2\/pages"}],"about":[{"href":"https:\/\/www.studentbostader.se\/en\/wp-json\/wp\/v2\/types\/page"}],"author":[{"embeddable":true,"href":"https:\/\/www.studentbostader.se\/en\/wp-json\/wp\/v2\/users\/11"}],"replies":[{"embeddable":true,"href":"https:\/\/www.studentbostader.se\/en\/wp-json\/wp\/v2\/comments?post=5316"}],"version-history":[{"count":0,"href":"https:\/\/www.studentbostader.se\/en\/wp-json\/wp\/v2\/pages\/5316\/revisions"}],"up":[{"embeddable":true,"href":"https:\/\/www.studentbostader.se\/en\/wp-json\/wp\/v2\/pages\/6453"}],"wp:featuredmedia":[{"embeddable":true,"href":"https:\/\/www.studentbostader.se\/en\/wp-json\/wp\/v2\/media\/12037"}],"wp:attachment":[{"href":"https:\/\/www.studentbostader.se\/en\/wp-json\/wp\/v2\/media?parent=5316"}],"wp:term":[{"taxonomy":"page_categories","embeddable":true,"href":"https:\/\/www.studentbostader.se\/en\/wp-json\/wp\/v2\/page_categories?post=5316"}],"curies":[{"name":"wp","href":"https:\/\/api.w.org\/{rel}","templated":true}]}}