{"id":5461,"date":"2021-10-25T11:18:54","date_gmt":"2021-10-25T09:18:54","guid":{"rendered":"https:\/\/www.studentbostader.se\/?page_id=5461"},"modified":"2025-11-03T16:32:29","modified_gmt":"2025-11-03T15:32:29","slug":"how-to-apply","status":"publish","type":"page","link":"https:\/\/www.studentbostader.se\/en\/find-apartments\/how-to-apply\/","title":{"rendered":"How to apply"},"content":{"rendered":"<div class=\"wp-block-top-image alignfull top-image alignfull\">\n    <div class=\"top-image-on-mobile\">\n        <img loading=\"lazy\" decoding=\"async\" width=\"1024\" height=\"768\" src=\"https:\/\/www.studentbostader.se\/app\/uploads\/2021\/10\/Lambohov_insikten_dronarbild-1024x768.jpg\" class=\"attachment-top-image-mobile size-top-image-mobile\" alt=\"\" \/>\n    <\/div>\n    <div class=\"top-image-on-desktop\">\n        <img loading=\"lazy\" decoding=\"async\" width=\"1600\" height=\"500\" src=\"https:\/\/www.studentbostader.se\/app\/uploads\/2021\/10\/Lambohov_insikten_dronarbild-1600x500.jpg\" class=\"attachment-top-image-desktop size-top-image-desktop\" alt=\"\" \/>\n    <\/div>\n<\/div>\n\n\n<h1 class=\"wp-block-heading\">How to apply<\/h1>\n\n\n\n<p class=\"has-lead-font-size\">In order to apply for a home, you have to be registered in our housing queue and be a student at Link\u00f6ping University. As soon as you have registered, you will begin collecting queue points.&nbsp;All of&nbsp;our available units are published continuously at <a href=\"https:\/\/www.studentbostader.se\/en\/find-apartments\/search-apartments\/\" data-type=\"page\" data-id=\"656\">Search apartmen<\/a><a href=\"https:\/\/www.studentbostader.se\/en\/find-apartments\/search-apartments\/\" data-type=\"page\" data-id=\"158\">t<\/a>.<\/p>\n\n\n\n<h2 class=\"wp-block-heading\">Here&#8217;s how it work\u2013 step by step<\/h2>\n\n\n\n<ol>\n<li><a href=\"#registreraibostadsk\u00f6\" data-type=\"internal\" data-id=\"#registreraibostadsk\u00f6\">Register in Studentbost\u00e4ders&#8217; housing queue <\/a><\/li>\n\n\n\n<li><a href=\"#samla-k\u00f6po\u00e4ng\" data-type=\"internal\" data-id=\"#samla-k\u00f6po\u00e4ng\">Collect queue points <\/a><\/li>\n\n\n\n<li><a href=\"#intresseanm\u00e4lan\" data-type=\"internal\" data-id=\"#intresseanm\u00e4lan\">Registration of interest<\/a><\/li>\n\n\n\n<li><a href=\"#besvara-erbjudande\" data-type=\"internal\" data-id=\"#besvara-erbjudande\">Reply to offer <\/a><\/li>\n\n\n\n<li><a href=\"#teckna-avtal\" data-type=\"internal\" data-id=\"#teckna-avtal\">Sign agreement<\/a><\/li>\n<\/ol>\n\n\n\n<h2 class=\"wp-block-heading\">1. Register in Studentbost\u00e4der&#8217;s housing queue<\/h2>\n\n\n\n<p id=\"samla-k\u00f6po\u00e4ng\">You can register in our housing queue before you have been accepted to Link\u00f6ping University. You can register from the year you turn 17 years old.&nbsp;<a href=\"https:\/\/www.studentbostader.se\/en\/login\/registration-step-1-contact-details\/\" data-type=\"page\" data-id=\"4425\">Register in Studentbost\u00e4ders housing queue<\/a><\/p>\n\n\n\n<h2 class=\"wp-block-heading\">2. Collect queue points<\/h2>\n\n\n\n<p>Once you have registered, you will automatically begin collecting queue points. You use the queue points to apply for student housing.<\/p>\n\n\n\n<ul>\n<li>You will receive one (1) queue point for each day you are registered in our housing queue \u2013 that is, 365 points per year.&nbsp;&nbsp;<\/li>\n\n\n\n<li>Registering in our queue is free.<\/li>\n\n\n\n<li>You have to log in at least once every six months to keep your queue points.<\/li>\n\n\n\n<li>Your user account and your points are personal and can not be transferred to another person.<\/li>\n\n\n\n<li>If you have children staying with you, you can get 300 extra queue points. Present a family registration certificate from the Swedish Tax Agency or corresponding international document translated into English or Swedish. Note that you cannot apply for dormitories with the extra points.<\/li>\n<\/ul>\n\n\n\n<h2 class=\"wp-block-heading\">3. Registration of interest<\/h2>\n\n\n\n<p>In order to register your interest in student housing, you must be a student at Link\u00f6ping University and be taking at least\u00a015 credits per semester.\u00a0If you are a new student, you can apply for accommodation when you have received your admission notification.<\/p>\n\n\n\n<ul>\n<li>You can register a maximum of five (5) objects of interest for each publishing period. E.g. ten new flats are published from Tuesday until Friday and you can apply your interest for five of them. Then ten new flats are published from Tuesday to Friday after that and you can make five more applications and so on.<\/li>\n\n\n\n<li>When you register your interest in multiple homes, there is no ranking. They should all be equal to you and you have no possibility to select which one you wish to receive an offer for.<\/li>\n\n\n\n<li>Available housing is published continuously and allocated according to queue points.<\/li>\n\n\n\n<li><a href=\"https:\/\/www.studentbostader.se\/en\/find-apartments\/search-apartments\/\">Available housing<\/a><\/li>\n<\/ul>\n\n\n\n<h2 class=\"wp-block-heading\">4. Reply to your offer<\/h2>\n\n\n\n<p>If you have the most points among those who have registered their interest in a&nbsp;unit, you will receive an offer. You reply to the offer on My Pages.&nbsp;You will then find the contact information for the person who can show you the home, which is usually the current tenant.&nbsp; You can see how many days you&nbsp;have to&nbsp;accept or decline the&nbsp;property&nbsp;in the offer sent to you. To do this, simply click on the reply link under the offer on My Pages. If you accept the offer, you will automatically be linked to the Sign Agreement page.&nbsp;<\/p>\n\n\n\n<p>When you accept an offer, you have entered into an agreement to rent the residence from&nbsp;Studentbost\u00e4der.&nbsp;If you change your mind, please contact us immediately on 013 \u2013 20 86 60<\/p>\n\n\n\n<ul>\n<li>Reply to the offer in time.<\/li>\n\n\n\n<li>You keep your points when you accept an offer.<\/li>\n\n\n\n<li>If you do not reply to the offer in time, the object will be allocated to another applicant.<\/li>\n\n\n\n<li>If you decline five (5) offers within one (1) year, your queue points will be reset.<\/li>\n\n\n\n<li>You can have one active offer at a time. You need to reject an active offer in order to get a new one.<\/li>\n\n\n\n<li>If the first person in the queue already has an offer, the new offer goes to the next applicant in the queue.<\/li>\n\n\n\n<li>If you have stayed with us for less than tree months, you will not receive an offer if you are applying for the same type of housing in same area with similar properties.<\/li>\n\n\n\n<li>We do not prioritize changes between the same type of housing, if the contract date is the same for the two residences.<\/li>\n<\/ul>\n\n\n\n<h2 class=\"wp-block-heading\">5. Sign the agreement<\/h2>\n\n\n\n<p>You can sign your agreement quickly and easily via My Pages using draw signature or&nbsp;BankID.&nbsp;Of course, you are also&nbsp;welcome&nbsp;to contact us to finalise your agreement in other ways.<\/p>\n\n\n\n<h2 class=\"wp-block-heading\">FAQ<\/h2>\n\n\n<div class=\"wp-block-accordion mb-10\">\n\n    <div class=\"accordion\">\n        \n                                <div x-data=\"{ isOpen: false }\" class=\"mb-8\">\n                <button class=\"accordionhead\" id=\"btn-accordion-block_61c8604aea10c056172e1c8baa21bd92-0\" aria-controls=\"accordion-block_61c8604aea10c056172e1c8baa21bd92-0\" :aria-expanded=\"isOpen ? 'true' : 'false'\" @click=\"isOpen = !isOpen\">\n                    When can I apply for a home if I&#039;m going to study?\n                <\/button>                   \n                <div class=\"accordionbody\" id=\"accordion-block_61c8604aea10c056172e1c8baa21bd92-0\" aria-labelledby=\"btn-accordion-block_61c8604aea10c056172e1c8baa21bd92-0\" role=\"region\">\n                    <p>If you are going to study at Link\u00f6ping University,\u00a0 you can start to applying for housing as soon as you have received your admission letter.<\/p>\n\n                <\/div>\n            <\/div>\n                                <div x-data=\"{ isOpen: false }\" class=\"mb-8\">\n                <button class=\"accordionhead\" id=\"btn-accordion-block_61c8604aea10c056172e1c8baa21bd92-1\" aria-controls=\"accordion-block_61c8604aea10c056172e1c8baa21bd92-1\" :aria-expanded=\"isOpen ? 'true' : 'false'\" @click=\"isOpen = !isOpen\">\n                    What is meant by 10-months&#039; rent?\n                <\/button>                   \n                <div class=\"accordionbody\" id=\"accordion-block_61c8604aea10c056172e1c8baa21bd92-1\" aria-labelledby=\"btn-accordion-block_61c8604aea10c056172e1c8baa21bd92-1\" role=\"region\">\n                    <p>You only pay rent for 10 months of the year. You do not pay rent in June and July. If you are a new tenant moving to Studentbost\u00e4der from another landlord and your contract with us starts within the period May 2nd &#8211; July 31st, the rent-free months will not apply to you.<\/p>\n\n                <\/div>\n            <\/div>\n                                <div x-data=\"{ isOpen: false }\" class=\"mb-8\">\n                <button class=\"accordionhead\" id=\"btn-accordion-block_61c8604aea10c056172e1c8baa21bd92-2\" aria-controls=\"accordion-block_61c8604aea10c056172e1c8baa21bd92-2\" :aria-expanded=\"isOpen ? 'true' : 'false'\" @click=\"isOpen = !isOpen\">\n                    I have received an offer, how do I go about viewing?\n                <\/button>                   \n                <div class=\"accordionbody\" id=\"accordion-block_61c8604aea10c056172e1c8baa21bd92-2\" aria-labelledby=\"btn-accordion-block_61c8604aea10c056172e1c8baa21bd92-2\" role=\"region\">\n                    <p>Your offer in\u00a0<em>My Pages<\/em> states who is responsible for showing the apartment. The contact information disappear when you reply to the offer.<\/p>\n\n                <\/div>\n            <\/div>\n                                <div x-data=\"{ isOpen: false }\" class=\"mb-8\">\n                <button class=\"accordionhead\" id=\"btn-accordion-block_61c8604aea10c056172e1c8baa21bd92-3\" aria-controls=\"accordion-block_61c8604aea10c056172e1c8baa21bd92-3\" :aria-expanded=\"isOpen ? 'true' : 'false'\" @click=\"isOpen = !isOpen\">\n                    Can my partner also be on the rental agreement?\n                <\/button>                   \n                <div class=\"accordionbody\" id=\"accordion-block_61c8604aea10c056172e1c8baa21bd92-3\" aria-labelledby=\"btn-accordion-block_61c8604aea10c056172e1c8baa21bd92-3\" role=\"region\">\n                    <p>There can not be more than one person on the agreement. You can create a guest user in our app so your parner can access the booking of study rooms, and make fault reports.\u00a0<!-- wp:heading --><\/p>\n<p><!-- \/wp:heading --> <!-- wp:acf\/accordion {\"id\":\"block_60df1617755ce\",\"name\":\"acf\/accordion\",\"data\":{\"items_0_header\":\"Kan jag flytta \u00f6ver mina k\u00f6po\u00e4ng fr\u00e5n Studentbost\u00e4der till St\u00e5ng\u00e5staden?\",\"_items_0_header\":\"field_accordion_items_header\",\"items_0_content\":\"Om du har ett aktivt hyresavtal (hyresavtalet \u00e4r inte uppsagt) hos Studentbost\u00e4der f\u00e5r du tillgodor\u00e4kna dig k\u00f6tid fr\u00e5n ditt senaste inflyttningsdatum i din nuvarande bostad.\u00a0 Kontakta St\u00e5ng\u00e5stadens kundtj\u00e4nst, 013-100284 f\u00f6r att f\u00e5 dessa po\u00e4ng.\\r\\n\\r\\nOm ditt k\u00f6datum hos St\u00e5ng\u00e5staden \u00e4r \u00e4ldre \u00e4n ditt senaste inflyttningsdatum p\u00e5verkas inte k\u00f6po\u00e4ngen.\\r\\n\\r\\nOavsett om du \u00e4r registrerad hos b\u00e5de St\u00e5ng\u00e5staden och Studentbost\u00e4der \u00e4r varje k\u00f6dag en po\u00e4ng och po\u00e4ngen kan inte l\u00e4ggas ihop.\",\"_items_0_content\":\"field_accordion_items_content\",\"items_1_header\":\"Varf\u00f6r har mina k\u00f6po\u00e4ng f\u00f6rsvunnit?\",\"_items_1_header\":\"field_accordion_items_header\",\"items_1_content\":\"Du m\u00e5ste logga in p\u00e5 Mina sidor minst en g\u00e5ng var sj\u00e4tte m\u00e5nad f\u00f6r att beh\u00e5lla dina k\u00f6po\u00e4ng. N\u00e4r du loggat in p\u00e5 Mina sidor s\u00e5 har din k\u00f6plats uppdaterats automatiskt.\",\"_items_1_content\":\"field_accordion_items_content\",\"items_2_header\":\"Kan man bo hos Studentbost\u00e4der fast man inte studerar p\u00e5 Link\u00f6pings universitet?\",\"_items_2_header\":\"field_accordion_items_header\",\"items_2_content\":\"Nej, man m\u00e5ste vara inskriven vid LiU och l\u00e4sa en utbildning som omfattar minst 11 h\u00f6gskolepo\u00e4ng per termin f\u00f6r att f\u00e5 bo hos oss.\",\"_items_2_content\":\"field_accordion_items_content\",\"items_3_header\":\"Kan jag sl\u00e5 ihop mina k\u00f6po\u00e4ng med n\u00e5gon annan som jag t\u00e4nkt bo tillsammans med?\",\"_items_3_header\":\"field_accordion_items_header\",\"items_3_content\":\"Nej, k\u00f6po\u00e4ngen \u00e4r personliga och kan inte \u00f6verl\u00e5tas eller sl\u00e5s ihop med n\u00e5gon annan.\",\"_items_3_content\":\"field_accordion_items_content\",\"items\":4,\"_items\":\"field_accordion_items\"},\"align\":\"\",\"mode\":\"edit\"} \/--><\/p>\n\n                <\/div>\n            <\/div>\n        \n    <\/div>\n\n<\/div>\n\n<div class=\"wp-block-accordion mb-10\">\n\n    <div class=\"accordion\">\n        \n                                <div x-data=\"{ isOpen: false }\" class=\"mb-8\">\n                <button class=\"accordionhead\" id=\"btn-accordion-block_4ed8319bfbef04dc3e7838113b83c8a2-0\" aria-controls=\"accordion-block_4ed8319bfbef04dc3e7838113b83c8a2-0\" :aria-expanded=\"isOpen ? 'true' : 'false'\" @click=\"isOpen = !isOpen\">\n                    Can I transfer my queue points from Studentbost\u00e4der to St\u00e5ng\u00e5staden?\n                <\/button>                   \n                <div class=\"accordionbody\" id=\"accordion-block_4ed8319bfbef04dc3e7838113b83c8a2-0\" aria-labelledby=\"btn-accordion-block_4ed8319bfbef04dc3e7838113b83c8a2-0\" role=\"region\">\n                    <p><span class=\"Y2IQFc\">If you have an active rental agreement\u00a0 with Studentbost\u00e4der, you can credit yourself with the queue time from Studentbost\u00e4der to St\u00e5ng\u00e5staden. Contact St\u00e5ng\u00e5staden, 013-20 85 00, to get these points.<\/span><\/p>\n<p><span class=\"Y2IQFc\">If your queue date at St\u00e5ng\u00e5staden is older than your most recent move-in date, the queue point will not be affected. Regardless of whether you are registered with both St\u00e5ng\u00e5staden and Studentbost\u00e4der, each queue day is one point and the points cannot be added together.<\/span><\/p>\n\n                <\/div>\n            <\/div>\n                                <div x-data=\"{ isOpen: false }\" class=\"mb-8\">\n                <button class=\"accordionhead\" id=\"btn-accordion-block_4ed8319bfbef04dc3e7838113b83c8a2-1\" aria-controls=\"accordion-block_4ed8319bfbef04dc3e7838113b83c8a2-1\" :aria-expanded=\"isOpen ? 'true' : 'false'\" @click=\"isOpen = !isOpen\">\n                    Why have my queue points disappeared?\n                <\/button>                   \n                <div class=\"accordionbody\" id=\"accordion-block_4ed8319bfbef04dc3e7838113b83c8a2-1\" aria-labelledby=\"btn-accordion-block_4ed8319bfbef04dc3e7838113b83c8a2-1\" role=\"region\">\n                    <p>You have to log into My Pages at least once every six months to keep your queue points. When you log into My Pages, your place in the queue is updated automatically.<\/p>\n\n                <\/div>\n            <\/div>\n                                <div x-data=\"{ isOpen: false }\" class=\"mb-8\">\n                <button class=\"accordionhead\" id=\"btn-accordion-block_4ed8319bfbef04dc3e7838113b83c8a2-2\" aria-controls=\"accordion-block_4ed8319bfbef04dc3e7838113b83c8a2-2\" :aria-expanded=\"isOpen ? 'true' : 'false'\" @click=\"isOpen = !isOpen\">\n                    Can I get a contract with Studentbost\u00e4der even though I am not a student at Link\u00f6ping University?\n                <\/button>                   \n                <div class=\"accordionbody\" id=\"accordion-block_4ed8319bfbef04dc3e7838113b83c8a2-2\" aria-labelledby=\"btn-accordion-block_4ed8319bfbef04dc3e7838113b83c8a2-2\" role=\"region\">\n                    <p>No, you must be enrolled at LiU and be taking a course that earns you at least 15 credits per term in order to get housing through us.<\/p>\n\n                <\/div>\n            <\/div>\n                                <div x-data=\"{ isOpen: false }\" class=\"mb-8\">\n                <button class=\"accordionhead\" id=\"btn-accordion-block_4ed8319bfbef04dc3e7838113b83c8a2-3\" aria-controls=\"accordion-block_4ed8319bfbef04dc3e7838113b83c8a2-3\" :aria-expanded=\"isOpen ? 'true' : 'false'\" @click=\"isOpen = !isOpen\">\n                    Can I combine my queue points with the points of someone else who I want to live with?\n                <\/button>                   \n                <div class=\"accordionbody\" id=\"accordion-block_4ed8319bfbef04dc3e7838113b83c8a2-3\" aria-labelledby=\"btn-accordion-block_4ed8319bfbef04dc3e7838113b83c8a2-3\" role=\"region\">\n                    <p>No, the queue points are personal and cannot be transferred to another person or combined with their points.<\/p>\n\n                <\/div>\n            <\/div>\n        \n    <\/div>\n\n<\/div>\n\n<div class=\"wp-block-index-card alignwide-decor\" >\n  <div class=\"inner my-20\" >\n\n      <h2 class=\"\">More for you who are looking for housing<\/h2>\n        <div class=\"flex flex-wrap lg:-mx-5\" >\n            <div class=\"index-card w-full lg:w-1\/3 lg:px-5 pt-8\">\n        <a href=\"https:\/\/www.studentbostader.se\/en\/find-apartments\/search-apartments\/\" target=\"\" class=\"index-card-link no-underline hover:underline\">\n          <div class=\"image-container wp-block-cover min-h-72\">\n            <img loading=\"lazy\" decoding=\"async\" width=\"800\" height=\"533\" src=\"https:\/\/www.studentbostader.se\/app\/uploads\/2021\/10\/flamman_dronarbild-800x533.jpg\" class=\"wp-block-cover__image-background\" alt=\"Flamman vy ovanifr\u00e5n\" srcset=\"https:\/\/www.studentbostader.se\/app\/uploads\/2021\/10\/flamman_dronarbild-800x533.jpg 800w, https:\/\/www.studentbostader.se\/app\/uploads\/2021\/10\/flamman_dronarbild-1500x1000.jpg 1500w\" sizes=\"(max-width: 800px) 100vw, 800px\" \/>\n          <\/div>\n          <div class=\"text-area\">\n                      <h3 class=\"text-2xl underline\">Available homes<\/h3>\n                      <p class=\"\">Here can you find all of our availble homes right now.<\/p>\n          <\/div>\n        <\/a>\n      <\/div>\n            <div class=\"index-card w-full lg:w-1\/3 lg:px-5 pt-8\">\n        <a href=\"https:\/\/www.studentbostader.se\/en\/find-apartments\/dorm-or-apartment\/\" target=\"\" class=\"index-card-link no-underline hover:underline\">\n          <div class=\"image-container wp-block-cover min-h-72\">\n            <img loading=\"lazy\" decoding=\"async\" width=\"800\" height=\"533\" src=\"https:\/\/www.studentbostader.se\/app\/uploads\/2021\/10\/insikten-interior-lambohov-2-1-800x533.jpg\" class=\"wp-block-cover__image-background\" alt=\"k\u00f6k och soffa i Insikten i Lambohov\" srcset=\"https:\/\/www.studentbostader.se\/app\/uploads\/2021\/10\/insikten-interior-lambohov-2-1-800x533.jpg 800w, https:\/\/www.studentbostader.se\/app\/uploads\/2021\/10\/insikten-interior-lambohov-2-1-1500x1000.jpg 1500w\" sizes=\"(max-width: 800px) 100vw, 800px\" \/>\n          <\/div>\n          <div class=\"text-area\">\n                      <h3 class=\"text-2xl underline\">Dorm or apartment<\/h3>\n                      <p class=\"\">What does it mean to live in a dorm and what does a dorm room look like? We describe the difference. <\/p>\n          <\/div>\n        <\/a>\n      <\/div>\n            <div class=\"index-card w-full lg:w-1\/3 lg:px-5 pt-8\">\n        <a href=\"https:\/\/www.studentbostader.se\/en\/find-apartments\/our-areas\/\" target=\"\" class=\"index-card-link no-underline hover:underline\">\n          <div class=\"image-container wp-block-cover min-h-72\">\n            <img loading=\"lazy\" decoding=\"async\" width=\"800\" height=\"533\" src=\"https:\/\/www.studentbostader.se\/app\/uploads\/2021\/10\/irrblosset_dronarbild-800x533.jpg\" class=\"wp-block-cover__image-background\" alt=\"Studentbost\u00e4der ovanifr\u00e5n\" srcset=\"https:\/\/www.studentbostader.se\/app\/uploads\/2021\/10\/irrblosset_dronarbild-800x533.jpg 800w, https:\/\/www.studentbostader.se\/app\/uploads\/2021\/10\/irrblosset_dronarbild-1500x1000.jpg 1500w\" sizes=\"(max-width: 800px) 100vw, 800px\" \/>\n          <\/div>\n          <div class=\"text-area\">\n                      <h3 class=\"text-2xl underline\">Our areas<\/h3>\n                      <p class=\"\">Read more about our areas.<\/p>\n          <\/div>\n        <\/a>\n      <\/div>\n          <\/div>\n    \n  <\/div>\n<\/div>\n","protected":false},"excerpt":{"rendered":"<p>How to apply In order to apply for a home, you have to be registered in our housing queue and be a student at Link\u00f6ping University. As soon as you have registered, you will begin collecting queue points.&nbsp;All of&nbsp;our available units are published continuously at Search apartment. Here&#8217;s how it work\u2013 step by step 1.&hellip; <a href=\"https:\/\/www.studentbostader.se\/en\/find-apartments\/how-to-apply\/\">Till hela texten<\/a><\/p>\n","protected":false},"author":9,"featured_media":5280,"parent":6453,"menu_order":4,"comment_status":"closed","ping_status":"closed","template":"","meta":{"_acf_changed":false,"_relevanssi_hide_post":"","_relevanssi_hide_content":"","_relevanssi_pin_for_all":"","_relevanssi_pin_keywords":"","_relevanssi_unpin_keywords":"","_relevanssi_related_keywords":"","_relevanssi_related_include_ids":"","_relevanssi_related_exclude_ids":"","_relevanssi_related_no_append":"","_relevanssi_related_not_related":"","_relevanssi_related_posts":"","_relevanssi_noindex_reason":"","footnotes":""},"page_categories":[],"acf":[],"_links":{"self":[{"href":"https:\/\/www.studentbostader.se\/en\/wp-json\/wp\/v2\/pages\/5461"}],"collection":[{"href":"https:\/\/www.studentbostader.se\/en\/wp-json\/wp\/v2\/pages"}],"about":[{"href":"https:\/\/www.studentbostader.se\/en\/wp-json\/wp\/v2\/types\/page"}],"author":[{"embeddable":true,"href":"https:\/\/www.studentbostader.se\/en\/wp-json\/wp\/v2\/users\/9"}],"replies":[{"embeddable":true,"href":"https:\/\/www.studentbostader.se\/en\/wp-json\/wp\/v2\/comments?post=5461"}],"version-history":[{"count":0,"href":"https:\/\/www.studentbostader.se\/en\/wp-json\/wp\/v2\/pages\/5461\/revisions"}],"up":[{"embeddable":true,"href":"https:\/\/www.studentbostader.se\/en\/wp-json\/wp\/v2\/pages\/6453"}],"wp:featuredmedia":[{"embeddable":true,"href":"https:\/\/www.studentbostader.se\/en\/wp-json\/wp\/v2\/media\/5280"}],"wp:attachment":[{"href":"https:\/\/www.studentbostader.se\/en\/wp-json\/wp\/v2\/media?parent=5461"}],"wp:term":[{"taxonomy":"page_categories","embeddable":true,"href":"https:\/\/www.studentbostader.se\/en\/wp-json\/wp\/v2\/page_categories?post=5461"}],"curies":[{"name":"wp","href":"https:\/\/api.w.org\/{rel}","templated":true}]}}