{"id":5578,"date":"2021-10-25T15:11:40","date_gmt":"2021-10-25T13:11:40","guid":{"rendered":"https:\/\/www.studentbostader.se\/?page_id=5578"},"modified":"2023-09-28T16:21:54","modified_gmt":"2023-09-28T14:21:54","slug":"fjarilen","status":"publish","type":"page","link":"https:\/\/www.studentbostader.se\/en\/find-apartments\/our-areas\/fjarilen\/","title":{"rendered":"Fj\u00e4rilen"},"content":{"rendered":"<div class=\"wp-block-top-image alignfull top-image alignfull\">\n    <div class=\"top-image-on-mobile\">\n        <img loading=\"lazy\" decoding=\"async\" width=\"1024\" height=\"768\" src=\"https:\/\/www.studentbostader.se\/app\/uploads\/2021\/10\/fjarilen-dronarbild-1024x768.jpg\" class=\"attachment-top-image-mobile size-top-image-mobile\" alt=\"Fj\u00e4rilen vy ovanifr\u00e5n\" \/>\n    <\/div>\n    <div class=\"top-image-on-desktop\">\n        <img loading=\"lazy\" decoding=\"async\" width=\"1600\" height=\"500\" src=\"https:\/\/www.studentbostader.se\/app\/uploads\/2021\/10\/fjarilen-dronarbild-1600x500.jpg\" class=\"attachment-top-image-desktop size-top-image-desktop\" alt=\"Fj\u00e4rilen vy ovanifr\u00e5n\" \/>\n    <\/div>\n<\/div>\n\n\n<h1 class=\"wp-block-heading\">Welcome to Fj\u00e4rilen<\/h1>\n\n\n\n<p>You can find Fj\u00e4rilen on V\u00e4stra v\u00e4gen in the area called Gottfridsberg. Fj\u00e4rilen is a former office building that now houses on of our most popular student housing. Here are about sixty bright one- and two room apartments with a small kitchen. Fj\u00e4rilens latest addition are three apartments built in 2018. Included in those apartments is a dishwasher, washing machine with a dryer, tiles in the hallway and a fully tiled bathroom. At the top of the building you have a bookable communal area with a sauna. A study room is found on entrance level.<\/p>\n\n\n\n<p>The location is perhaps the best thing about Fj\u00e4rilen. From here, it is the perfect cycling distance to both Campus Valla and to H\u00e4lsouniversitetet (the Faculty of Medicine and Health Sciences). Even closer is the city center, where you can find the city library and the all students meeting place, K\u00e5rhuset Kollektivet.<\/p>\n\n\n\n<figure class=\"wp-block-embed is-type-video is-provider-youtube wp-block-embed-youtube wp-embed-aspect-16-9 wp-has-aspect-ratio\"><div class=\"wp-block-embed__wrapper\">\n<iframe loading=\"lazy\" title=\"Studentbost\u00e4der i Link\u00f6ping - Fj\u00e4rilen\" width=\"500\" height=\"281\" src=\"https:\/\/www.youtube.com\/embed\/oNVoh6m8ncc?feature=oembed\" frameborder=\"0\" allow=\"accelerometer; autoplay; clipboard-write; encrypted-media; gyroscope; picture-in-picture; web-share\" allowfullscreen><\/iframe>\n<\/div><\/figure>\n\n\n<div class=\"wp-block-hard-fact-box my-10\">\n        <div class=\"text-2xl font-gazpacho mb-6 mx-6 sm:mx-0\">Facts in brief<\/div>  \n\n                <div class=\"flex flex-row items-center justify-between bg-lightGray px-4 md:px-8 py-4 mb-2\">\n\n            <div class=\"w-full mr-2\">\n                                <div class=\"font-bold\">Distance to Campus Valla<\/div>\n                            <\/div>\n            \n            <div class=\"w-full mr-2\">\n                                <div class=\"\">Approx 1,5 km<\/div>\n                            <\/div>\n\n                    <\/div>\n                <div class=\"flex flex-row items-center justify-between bg-lightGray px-4 md:px-8 py-4 mb-2\">\n\n            <div class=\"w-full mr-2\">\n                                <div class=\"font-bold\">Distance to H\u00e4lsouniversitetet<\/div>\n                            <\/div>\n            \n            <div class=\"w-full mr-2\">\n                                <div class=\"\">Approx 1,5 km<\/div>\n                            <\/div>\n\n                    <\/div>\n                <div class=\"flex flex-row items-center justify-between bg-lightGray px-4 md:px-8 py-4 mb-2\">\n\n            <div class=\"w-full mr-2\">\n                                <div class=\"font-bold\">Distance to travel center<\/div>\n                            <\/div>\n            \n            <div class=\"w-full mr-2\">\n                                <div class=\"\">Approx 1,5 km<\/div>\n                            <\/div>\n\n                    <\/div>\n                <div class=\"flex flex-row items-center justify-between bg-lightGray px-4 md:px-8 py-4 mb-2\">\n\n            <div class=\"w-full mr-2\">\n                                <div class=\"font-bold\">Nearest grocery store<\/div>\n                            <\/div>\n            \n            <div class=\"w-full mr-2\">\n                                <div class=\"\">Approx 200 m<\/div>\n                            <\/div>\n\n                    <\/div>\n        <\/div>\n\n\n<h2 class=\"has-text-align-center wp-block-heading\">Map of the area<\/h2>\n\n\n<div id=\"areamap-component\" class=\"alignfull\">\n  <area-map\n    map-type=\"area\"\n    default-area=\"Fj\u00e4rilen\"\n    map-display-type=\"satellite\"\n    map-zoom-level=\"13\"\n    expand-icon=\"https:\/\/www.studentbostader.se\/app\/themes\/studentbostader\/dist\/images\/add.png?id=e5d283695d7e798c38f70015daa5a7da\"\n    collapse-icon=\"https:\/\/www.studentbostader.se\/app\/themes\/studentbostader\/dist\/images\/minus.png?id=c2e8e86327fbf6b995b41e6748ca3622\"\n    lang=\"en\"\n    my-area=\"\"\n    map-aria-label=\"Karta\"\n  ><\/area-map>\n<\/div>\n\n\n\n<h2 class=\"has-text-align-center wp-block-heading\">Pictures of the area<\/h2>\n\n\n\n<div class=\"wp-block-columns is-layout-flex wp-container-core-columns-layout-1 wp-block-columns-is-layout-flex\">\n<div class=\"wp-block-column is-layout-flow wp-block-column-is-layout-flow\">\n<figure class=\"wp-block-image size-puff-bild is-style-default\"><img loading=\"lazy\" decoding=\"async\" width=\"800\" height=\"533\" src=\"https:\/\/www.studentbostader.se\/app\/uploads\/2021\/10\/fjarilen-bastu-800x533.jpg\" alt=\"bastu i Fjarilen\" class=\"wp-image-4325\" srcset=\"https:\/\/www.studentbostader.se\/app\/uploads\/2021\/10\/fjarilen-bastu-800x533.jpg 800w, https:\/\/www.studentbostader.se\/app\/uploads\/2021\/10\/fjarilen-bastu-1500x1000.jpg 1500w\" sizes=\"(max-width: 800px) 100vw, 800px\" \/><figcaption class=\"wp-element-caption\">Sauna in the building &#8211; book easily through our app!<\/figcaption><\/figure>\n\n\n\n<figure class=\"wp-block-image size-puff-bild is-style-default\"><img loading=\"lazy\" decoding=\"async\" width=\"800\" height=\"533\" src=\"https:\/\/www.studentbostader.se\/app\/uploads\/2021\/10\/fjarilen-studierum-800x533.jpg\" alt=\"studierum i Fj\u00e4rilen\" class=\"wp-image-4333\" srcset=\"https:\/\/www.studentbostader.se\/app\/uploads\/2021\/10\/fjarilen-studierum-800x533.jpg 800w, https:\/\/www.studentbostader.se\/app\/uploads\/2021\/10\/fjarilen-studierum-1500x1000.jpg 1500w\" sizes=\"(max-width: 800px) 100vw, 800px\" \/><figcaption class=\"wp-element-caption\">Bring your friends to one of our study rooms!<\/figcaption><\/figure>\n<\/div>\n\n\n\n<div class=\"wp-block-column is-layout-flow wp-block-column-is-layout-flow\">\n<figure class=\"wp-block-image size-puff-bild is-style-default\"><img loading=\"lazy\" decoding=\"async\" width=\"800\" height=\"533\" src=\"https:\/\/www.studentbostader.se\/app\/uploads\/2021\/10\/fjarilen-exterior-800x533.jpg\" alt=\"fasad Fj\u00e4rilen\" class=\"wp-image-4327\" srcset=\"https:\/\/www.studentbostader.se\/app\/uploads\/2021\/10\/fjarilen-exterior-800x533.jpg 800w, https:\/\/www.studentbostader.se\/app\/uploads\/2021\/10\/fjarilen-exterior-1500x1000.jpg 1500w\" sizes=\"(max-width: 800px) 100vw, 800px\" \/><figcaption class=\"wp-element-caption\">Recycling room close to one of the entrances.<\/figcaption><\/figure>\n\n\n\n<figure class=\"wp-block-image size-puff-bild is-style-default\"><img loading=\"lazy\" decoding=\"async\" width=\"800\" height=\"533\" src=\"https:\/\/www.studentbostader.se\/app\/uploads\/2023\/09\/\u00a9fotograf-andreas-aija_210824_776A9446-800x533.jpg\" alt=\"bokningsbar tv\u00e4ttstuga p\u00e5 Fj\u00e4rilen\" class=\"wp-image-10184\" srcset=\"https:\/\/www.studentbostader.se\/app\/uploads\/2023\/09\/\u00a9fotograf-andreas-aija_210824_776A9446-800x533.jpg 800w, https:\/\/www.studentbostader.se\/app\/uploads\/2023\/09\/\u00a9fotograf-andreas-aija_210824_776A9446-1500x1000.jpg 1500w\" sizes=\"(max-width: 800px) 100vw, 800px\" \/><figcaption class=\"wp-element-caption\">Bookable laundry room &#8211; conveneintly located in the basement of the house.<\/figcaption><\/figure>\n<\/div>\n<\/div>\n\n\n\n<div class=\"wp-block-media-text alignwide has-media-on-the-right is-stacked-on-mobile\"><div class=\"wp-block-media-text__content\">\n<p class=\"has-large-font-size\">Do you also want to live in Fj\u00e4rilen?<\/p>\n\n\n\n<p>Would you like to stay in Fj\u00e4rilen? You find all of our available apartments in Fj\u00e4rilen under Available housing. <\/p>\n\n\n\n<div class=\"wp-block-buttons is-layout-flex wp-block-buttons-is-layout-flex\">\n<div class=\"wp-block-button\"><a class=\"wp-block-button__link wp-element-button\" href=\"https:\/\/www.studentbostader.se\/en\/find-apartments\/search-apartments\/?actionId=&amp;omraden=90K&amp;egenskaper=&amp;oboTyper=\">Find housing<\/a><\/div>\n<\/div>\n<\/div><figure class=\"wp-block-media-text__media\"><img loading=\"lazy\" decoding=\"async\" width=\"800\" height=\"533\" src=\"https:\/\/www.studentbostader.se\/app\/uploads\/2023\/09\/\u00a9fotograf-andreas-aija_210824_776A9462-800x533.jpg\" alt=\"\" class=\"wp-image-10192 size-puff-bild\" srcset=\"https:\/\/www.studentbostader.se\/app\/uploads\/2023\/09\/\u00a9fotograf-andreas-aija_210824_776A9462-800x533.jpg 800w, https:\/\/www.studentbostader.se\/app\/uploads\/2023\/09\/\u00a9fotograf-andreas-aija_210824_776A9462-1500x1000.jpg 1500w\" sizes=\"(max-width: 800px) 100vw, 800px\" \/><\/figure><\/div>\n\n\n\n<div style=\"height:50px\" aria-hidden=\"true\" class=\"wp-block-spacer\"><\/div>\n\n\n<div class=\"wp-block-index-card alignwide-decor\" >\n  <div class=\"inner my-20\" >\n\n      <h2 class=\"\">Other areas<\/h2>\n        <div class=\"flex flex-wrap lg:-mx-5\" >\n            <div class=\"index-card w-full lg:w-1\/3 lg:px-5 pt-8\">\n        <a href=\"https:\/\/www.studentbostader.se\/en\/find-apartments\/our-areas\/ryd\/\" target=\"\" class=\"index-card-link no-underline hover:underline\">\n          <div class=\"image-container wp-block-cover min-h-72\">\n            <img loading=\"lazy\" decoding=\"async\" width=\"800\" height=\"533\" src=\"https:\/\/www.studentbostader.se\/app\/uploads\/2021\/10\/Ryd_dronarbild-800x533.jpg\" class=\"wp-block-cover__image-background\" alt=\"Ryd vy ovanifr\u00e5n\" srcset=\"https:\/\/www.studentbostader.se\/app\/uploads\/2021\/10\/Ryd_dronarbild-800x533.jpg 800w, https:\/\/www.studentbostader.se\/app\/uploads\/2021\/10\/Ryd_dronarbild-1500x1000.jpg 1500w\" sizes=\"(max-width: 800px) 100vw, 800px\" \/>\n          <\/div>\n          <div class=\"text-area\">\n                      <h3 class=\"text-2xl underline\">Ryd<\/h3>\n                      <p class=\"\">If you want to experience real student life, live where it happens and at the same time be close to campus. Ryd is the place for you. <\/p>\n          <\/div>\n        <\/a>\n      <\/div>\n            <div class=\"index-card w-full lg:w-1\/3 lg:px-5 pt-8\">\n        <a href=\"https:\/\/www.studentbostader.se\/en\/find-apartments\/our-areas\/irrblosset\/\" target=\"\" class=\"index-card-link no-underline hover:underline\">\n          <div class=\"image-container wp-block-cover min-h-72\">\n            <img loading=\"lazy\" decoding=\"async\" width=\"800\" height=\"533\" src=\"https:\/\/www.studentbostader.se\/app\/uploads\/2021\/10\/irrblosset-vy-800x533.jpg\" class=\"wp-block-cover__image-background\" alt=\"Irrblosset vy ovanifr\u00e5n\" srcset=\"https:\/\/www.studentbostader.se\/app\/uploads\/2021\/10\/irrblosset-vy-800x533.jpg 800w, https:\/\/www.studentbostader.se\/app\/uploads\/2021\/10\/irrblosset-vy-1500x1000.jpg 1500w\" sizes=\"(max-width: 800px) 100vw, 800px\" \/>\n          <\/div>\n          <div class=\"text-area\">\n                      <h3 class=\"text-2xl underline\">Irrblosset<\/h3>\n                      <p class=\"\">Irrblosset is perfect for those who want to be close to everything \u2013 five minutes on an illuminated bike path straight through the beautiful Vallaskogen forest and you are right on campus. <\/p>\n          <\/div>\n        <\/a>\n      <\/div>\n            <div class=\"index-card w-full lg:w-1\/3 lg:px-5 pt-8\">\n        <a href=\"https:\/\/www.studentbostader.se\/en\/find-apartments\/our-areas\/t1\/\" target=\"\" class=\"index-card-link no-underline hover:underline\">\n          <div class=\"image-container wp-block-cover min-h-72\">\n            <img loading=\"lazy\" decoding=\"async\" width=\"800\" height=\"533\" src=\"https:\/\/www.studentbostader.se\/app\/uploads\/2021\/10\/t1-vy-800x533.jpg\" class=\"wp-block-cover__image-background\" alt=\"Fasad vybild\" srcset=\"https:\/\/www.studentbostader.se\/app\/uploads\/2021\/10\/t1-vy-800x533.jpg 800w, https:\/\/www.studentbostader.se\/app\/uploads\/2021\/10\/t1-vy-1500x1000.jpg 1500w\" sizes=\"(max-width: 800px) 100vw, 800px\" \/>\n          <\/div>\n          <div class=\"text-area\">\n                      <h3 class=\"text-2xl underline\">T1<\/h3>\n                      <p class=\"\">What used to be a garrison area is today one of Link\u00f6ping&#039;s most attractive districts. Here we have just over 200 unfurnished apartments.<\/p>\n          <\/div>\n        <\/a>\n      <\/div>\n          <\/div>\n    \n  <\/div>\n<\/div>\n","protected":false},"excerpt":{"rendered":"<p>Welcome to Fj\u00e4rilen You can find Fj\u00e4rilen on V\u00e4stra v\u00e4gen in the area called Gottfridsberg. Fj\u00e4rilen is a former office building that now houses on of our most popular student housing. Here are about sixty bright one- and two room apartments with a small kitchen. Fj\u00e4rilens latest addition are three apartments built in 2018. Included&hellip; <a href=\"https:\/\/www.studentbostader.se\/en\/find-apartments\/our-areas\/fjarilen\/\">Till hela texten<\/a><\/p>\n","protected":false},"author":13,"featured_media":5594,"parent":5543,"menu_order":0,"comment_status":"closed","ping_status":"closed","template":"","meta":{"_acf_changed":false,"_relevanssi_hide_post":"","_relevanssi_hide_content":"","_relevanssi_pin_for_all":"","_relevanssi_pin_keywords":"","_relevanssi_unpin_keywords":"","_relevanssi_related_keywords":"","_relevanssi_related_include_ids":"","_relevanssi_related_exclude_ids":"","_relevanssi_related_no_append":"","_relevanssi_related_not_related":"","_relevanssi_related_posts":"","_relevanssi_noindex_reason":"","footnotes":""},"page_categories":[],"acf":[],"_links":{"self":[{"href":"https:\/\/www.studentbostader.se\/en\/wp-json\/wp\/v2\/pages\/5578"}],"collection":[{"href":"https:\/\/www.studentbostader.se\/en\/wp-json\/wp\/v2\/pages"}],"about":[{"href":"https:\/\/www.studentbostader.se\/en\/wp-json\/wp\/v2\/types\/page"}],"author":[{"embeddable":true,"href":"https:\/\/www.studentbostader.se\/en\/wp-json\/wp\/v2\/users\/13"}],"replies":[{"embeddable":true,"href":"https:\/\/www.studentbostader.se\/en\/wp-json\/wp\/v2\/comments?post=5578"}],"version-history":[{"count":0,"href":"https:\/\/www.studentbostader.se\/en\/wp-json\/wp\/v2\/pages\/5578\/revisions"}],"up":[{"embeddable":true,"href":"https:\/\/www.studentbostader.se\/en\/wp-json\/wp\/v2\/pages\/5543"}],"wp:featuredmedia":[{"embeddable":true,"href":"https:\/\/www.studentbostader.se\/en\/wp-json\/wp\/v2\/media\/5594"}],"wp:attachment":[{"href":"https:\/\/www.studentbostader.se\/en\/wp-json\/wp\/v2\/media?parent=5578"}],"wp:term":[{"taxonomy":"page_categories","embeddable":true,"href":"https:\/\/www.studentbostader.se\/en\/wp-json\/wp\/v2\/page_categories?post=5578"}],"curies":[{"name":"wp","href":"https:\/\/api.w.org\/{rel}","templated":true}]}}