{"id":5619,"date":"2021-10-25T15:36:38","date_gmt":"2021-10-25T13:36:38","guid":{"rendered":"https:\/\/www.studentbostader.se\/?page_id=5619"},"modified":"2023-11-08T16:57:18","modified_gmt":"2023-11-08T15:57:18","slug":"t1","status":"publish","type":"page","link":"https:\/\/www.studentbostader.se\/en\/find-apartments\/our-areas\/t1\/","title":{"rendered":"T1"},"content":{"rendered":"<div class=\"wp-block-top-image alignfull top-image alignfull\">\n    <div class=\"top-image-on-mobile\">\n        <img loading=\"lazy\" decoding=\"async\" width=\"1024\" height=\"768\" src=\"https:\/\/www.studentbostader.se\/app\/uploads\/2021\/10\/t1-vy-1024x768.jpg\" class=\"attachment-top-image-mobile size-top-image-mobile\" alt=\"Fasad vybild\" \/>\n    <\/div>\n    <div class=\"top-image-on-desktop\">\n        <img loading=\"lazy\" decoding=\"async\" width=\"1600\" height=\"500\" src=\"https:\/\/www.studentbostader.se\/app\/uploads\/2021\/10\/t1-vy-1600x500.jpg\" class=\"attachment-top-image-desktop size-top-image-desktop\" alt=\"Fasad vybild\" \/>\n    <\/div>\n<\/div>\n\n\n<h1 class=\"wp-block-heading\">Welcome to T1<\/h1>\n\n\n\n<p>What was formerly a military garrison is now one of Link\u00f6ping\u2019s most attractive neighbourhoods.&nbsp;We have more than 200 unfurnished one-room units here. The apartments are bright with details such as tiled bathrooms, linoleum floors in the kitchenette and French balcony.&nbsp;The area has a sauna,&nbsp;a study room&nbsp;for group work and a good&nbsp;recycling station&nbsp;for sorting waste at the source.&nbsp;Each&nbsp;residence unit&nbsp;has its own personal bicycle space outside the house.\u202f<\/p>\n\n\n\n<p>Our six red-white buildings also have an ideal location.&nbsp;You can hop on your bike and coast down to the city or to the&nbsp;University of Health Sciences in just a few minutes, or quickly pedal the two kilometres to Campus Valla.&nbsp;A stone&#8217;s throw away is&nbsp;Vallaskogen&nbsp;forest, which offers great hiking and exercise areas.<\/p>\n\n\n\n<figure class=\"wp-block-embed is-type-video is-provider-youtube wp-block-embed-youtube wp-embed-aspect-16-9 wp-has-aspect-ratio\"><div class=\"wp-block-embed__wrapper\">\n<iframe loading=\"lazy\" title=\"Studentbost\u00e4der i Link\u00f6ping - T1\" width=\"500\" height=\"281\" src=\"https:\/\/www.youtube.com\/embed\/CoBCHyMwKTQ?feature=oembed\" frameborder=\"0\" allow=\"accelerometer; autoplay; clipboard-write; encrypted-media; gyroscope; picture-in-picture; web-share\" allowfullscreen><\/iframe>\n<\/div><\/figure>\n\n\n\n<div class=\"wp-block-columns is-layout-flex wp-container-core-columns-layout-1 wp-block-columns-is-layout-flex\">\n<div class=\"wp-block-column is-layout-flow wp-block-column-is-layout-flow\" style=\"flex-basis:100%\"><\/div>\n<\/div>\n\n\n<div class=\"wp-block-hard-fact-box my-10\">\n        <div class=\"text-2xl font-gazpacho mb-6 mx-6 sm:mx-0\">Facts in brief<\/div>  \n\n                <div class=\"flex flex-row items-center justify-between bg-lightGray px-4 md:px-8 py-4 mb-2\">\n\n            <div class=\"w-full mr-2\">\n                                <div class=\"font-bold\">Distance to Campus Valla<\/div>\n                            <\/div>\n            \n            <div class=\"w-full mr-2\">\n                                <div class=\"\">Approx 1,5 km<\/div>\n                            <\/div>\n\n                    <\/div>\n                <div class=\"flex flex-row items-center justify-between bg-lightGray px-4 md:px-8 py-4 mb-2\">\n\n            <div class=\"w-full mr-2\">\n                                <div class=\"font-bold\">Distance to H\u00e4lsouniversitetet<\/div>\n                            <\/div>\n            \n            <div class=\"w-full mr-2\">\n                                <div class=\"\">Approx 1,5 km<\/div>\n                            <\/div>\n\n                    <\/div>\n                <div class=\"flex flex-row items-center justify-between bg-lightGray px-4 md:px-8 py-4 mb-2\">\n\n            <div class=\"w-full mr-2\">\n                                <div class=\"font-bold\">Distance to travel center<\/div>\n                            <\/div>\n            \n            <div class=\"w-full mr-2\">\n                                <div class=\"\">Approx 1,5 km<\/div>\n                            <\/div>\n\n                    <\/div>\n                <div class=\"flex flex-row items-center justify-between bg-lightGray px-4 md:px-8 py-4 mb-2\">\n\n            <div class=\"w-full mr-2\">\n                                <div class=\"font-bold\">Nearest grocery store<\/div>\n                            <\/div>\n            \n            <div class=\"w-full mr-2\">\n                                <div class=\"\">Approx 200 m<\/div>\n                            <\/div>\n\n                    <\/div>\n        <\/div>\n\n\n<h2 class=\"has-text-align-center wp-block-heading\">Map of the area<\/h2>\n\n\n<div id=\"areamap-component\" class=\"alignfull\">\n  <area-map\n    map-type=\"area\"\n    default-area=\"T1\"\n    map-display-type=\"satellite\"\n    map-zoom-level=\"13\"\n    expand-icon=\"https:\/\/www.studentbostader.se\/app\/themes\/studentbostader\/dist\/images\/add.png?id=e5d283695d7e798c38f70015daa5a7da\"\n    collapse-icon=\"https:\/\/www.studentbostader.se\/app\/themes\/studentbostader\/dist\/images\/minus.png?id=c2e8e86327fbf6b995b41e6748ca3622\"\n    lang=\"en\"\n    my-area=\"\"\n    map-aria-label=\"Karta\"\n  ><\/area-map>\n<\/div>\n\n\n\n<h2 class=\"has-text-align-center wp-block-heading\">Pictures of the area<\/h2>\n\n\n\n<div class=\"wp-block-columns is-layout-flex wp-container-core-columns-layout-2 wp-block-columns-is-layout-flex\">\n<div class=\"wp-block-column is-layout-flow wp-block-column-is-layout-flow\">\n<figure class=\"wp-block-image size-normal-full is-style-default\"><img loading=\"lazy\" decoding=\"async\" width=\"1500\" height=\"1000\" src=\"https:\/\/www.studentbostader.se\/app\/uploads\/2023\/11\/\u00a9fotograf-andreas-aija_150921_776A9724-2-1500x1000.jpg\" alt=\"\" class=\"wp-image-10351\" srcset=\"https:\/\/www.studentbostader.se\/app\/uploads\/2023\/11\/\u00a9fotograf-andreas-aija_150921_776A9724-2-1500x1000.jpg 1500w, https:\/\/www.studentbostader.se\/app\/uploads\/2023\/11\/\u00a9fotograf-andreas-aija_150921_776A9724-2-800x533.jpg 800w\" sizes=\"(max-width: 1500px) 100vw, 1500px\" \/><figcaption class=\"wp-element-caption\">In T1, there is plenty of bicycle parking, and all apartments have storage units in the inner courtyard.<\/figcaption><\/figure>\n<\/div>\n\n\n\n<div class=\"wp-block-column is-layout-flow wp-block-column-is-layout-flow\">\n<figure class=\"wp-block-image size-puff-bild is-style-default\"><img loading=\"lazy\" decoding=\"async\" width=\"800\" height=\"533\" src=\"https:\/\/www.studentbostader.se\/app\/uploads\/2021\/10\/T1-tvatt-800x533.jpg\" alt=\"Tv\u00e4ttmaskiner i tv\u00e4ttstuga\" class=\"wp-image-5200\" srcset=\"https:\/\/www.studentbostader.se\/app\/uploads\/2021\/10\/T1-tvatt-800x533.jpg 800w, https:\/\/www.studentbostader.se\/app\/uploads\/2021\/10\/T1-tvatt-1500x1000.jpg 1500w\" sizes=\"(max-width: 800px) 100vw, 800px\" \/><figcaption class=\"wp-element-caption\">The laundry rooms are not bookable so it is easy for you to wash your clothes.<\/figcaption><\/figure>\n<\/div>\n<\/div>\n\n\n\n<div class=\"wp-block-media-text alignwide has-media-on-the-right is-stacked-on-mobile\"><div class=\"wp-block-media-text__content\">\n<p class=\"has-large-font-size\">Do you also want to live in T1?<\/p>\n\n\n\n<p>Would you like to live in T1? You can find all available apartments under Find housing.<\/p>\n\n\n\n<div class=\"wp-block-buttons is-layout-flex wp-block-buttons-is-layout-flex\">\n<div class=\"wp-block-button\"><a class=\"wp-block-button__link wp-element-button\" href=\"https:\/\/www.studentbostader.se\/en\/find-apartments\/search-apartments\/?actionId=&amp;omraden=95&amp;egenskaper=&amp;oboTyper=\">Find housing<\/a><\/div>\n<\/div>\n<\/div><figure class=\"wp-block-media-text__media\"><img loading=\"lazy\" decoding=\"async\" width=\"1920\" height=\"1080\" src=\"https:\/\/www.studentbostader.se\/app\/uploads\/2021\/10\/T1-fasad3-1920x1080.jpg\" alt=\"Fasad och tr\u00e4d vid T1\" class=\"wp-image-5191 size-full\" srcset=\"https:\/\/www.studentbostader.se\/app\/uploads\/2021\/10\/T1-fasad3-1920x1080.jpg 1920w, https:\/\/www.studentbostader.se\/app\/uploads\/2021\/10\/T1-fasad3-1024x576.jpg 1024w, https:\/\/www.studentbostader.se\/app\/uploads\/2021\/10\/T1-fasad3-768x432.jpg 768w, https:\/\/www.studentbostader.se\/app\/uploads\/2021\/10\/T1-fasad3-1536x864.jpg 1536w, https:\/\/www.studentbostader.se\/app\/uploads\/2021\/10\/T1-fasad3-2048x1152.jpg 2048w\" sizes=\"(max-width: 1920px) 100vw, 1920px\" \/><\/figure><\/div>\n\n\n<div class=\"wp-block-index-card alignwide-decor\" >\n  <div class=\"inner my-20\" >\n\n      <h2 class=\"\">Other areas<\/h2>\n        <div class=\"flex flex-wrap lg:-mx-5\" >\n            <div class=\"index-card w-full lg:w-1\/3 lg:px-5 pt-8\">\n        <a href=\"https:\/\/www.studentbostader.se\/soka-bostad\/ryd\/\" target=\"\" class=\"index-card-link no-underline hover:underline\">\n          <div class=\"image-container wp-block-cover min-h-72\">\n            <img loading=\"lazy\" decoding=\"async\" width=\"800\" height=\"533\" src=\"https:\/\/www.studentbostader.se\/app\/uploads\/2021\/10\/Ryd_dronarbild-800x533.jpg\" class=\"wp-block-cover__image-background\" alt=\"Ryd vy ovanifr\u00e5n\" srcset=\"https:\/\/www.studentbostader.se\/app\/uploads\/2021\/10\/Ryd_dronarbild-800x533.jpg 800w, https:\/\/www.studentbostader.se\/app\/uploads\/2021\/10\/Ryd_dronarbild-1500x1000.jpg 1500w\" sizes=\"(max-width: 800px) 100vw, 800px\" \/>\n          <\/div>\n          <div class=\"text-area\">\n                      <h3 class=\"text-2xl underline\">Ryd<\/h3>\n                      <p class=\"\">If you want to experience real student life, live where it happens and at the same time be close to campus, Ryd is the place for you.<\/p>\n          <\/div>\n        <\/a>\n      <\/div>\n            <div class=\"index-card w-full lg:w-1\/3 lg:px-5 pt-8\">\n        <a href=\"\" target=\"\" class=\"index-card-link no-underline hover:underline\">\n          <div class=\"image-container wp-block-cover min-h-72\">\n            <img loading=\"lazy\" decoding=\"async\" width=\"800\" height=\"533\" src=\"https:\/\/www.studentbostader.se\/app\/uploads\/2021\/10\/fjarilen-dronarbild-800x533.jpg\" class=\"wp-block-cover__image-background\" alt=\"Fj\u00e4rilen vy ovanifr\u00e5n\" srcset=\"https:\/\/www.studentbostader.se\/app\/uploads\/2021\/10\/fjarilen-dronarbild-800x533.jpg 800w, https:\/\/www.studentbostader.se\/app\/uploads\/2021\/10\/fjarilen-dronarbild-1500x1000.jpg 1500w\" sizes=\"(max-width: 800px) 100vw, 800px\" \/>\n          <\/div>\n          <div class=\"text-area\">\n                      <h3 class=\"text-2xl underline\">Fj\u00e4rilen<\/h3>\n                      <p class=\"\">On V\u00e4stra V\u00e4gen in Gottfridsberg is Fj\u00e4rilen, a former office building that now houses one of our most popular student housing.<\/p>\n          <\/div>\n        <\/a>\n      <\/div>\n            <div class=\"index-card w-full lg:w-1\/3 lg:px-5 pt-8\">\n        <a href=\"https:\/\/www.studentbostader.se\/soka-bostad\/t1\/\" target=\"\" class=\"index-card-link no-underline hover:underline\">\n          <div class=\"image-container wp-block-cover min-h-72\">\n            <img loading=\"lazy\" decoding=\"async\" width=\"800\" height=\"533\" src=\"https:\/\/www.studentbostader.se\/app\/uploads\/2021\/10\/T1_dronarbild-800x533.jpg\" class=\"wp-block-cover__image-background\" alt=\"\" srcset=\"https:\/\/www.studentbostader.se\/app\/uploads\/2021\/10\/T1_dronarbild-800x533.jpg 800w, https:\/\/www.studentbostader.se\/app\/uploads\/2021\/10\/T1_dronarbild-1500x1000.jpg 1500w\" sizes=\"(max-width: 800px) 100vw, 800px\" \/>\n          <\/div>\n          <div class=\"text-area\">\n                      <h3 class=\"text-2xl underline\">T1<\/h3>\n                      <p class=\"\">What used to be a garrison area is today one of Link\u00f6ping&#039;s most attractive districts. Here we have just over 200 unfurnished apartments.<\/p>\n          <\/div>\n        <\/a>\n      <\/div>\n          <\/div>\n    \n  <\/div>\n<\/div>\n","protected":false},"excerpt":{"rendered":"<p>Welcome to T1 What was formerly a military garrison is now one of Link\u00f6ping\u2019s most attractive neighbourhoods.&nbsp;We have more than 200 unfurnished one-room units here. The apartments are bright with details such as tiled bathrooms, linoleum floors in the kitchenette and French balcony.&nbsp;The area has a sauna,&nbsp;a study room&nbsp;for group work and a good&nbsp;recycling station&nbsp;for&hellip; <a href=\"https:\/\/www.studentbostader.se\/en\/find-apartments\/our-areas\/t1\/\">Till hela texten<\/a><\/p>\n","protected":false},"author":13,"featured_media":5276,"parent":5543,"menu_order":6,"comment_status":"closed","ping_status":"closed","template":"","meta":{"_acf_changed":false,"_relevanssi_hide_post":"","_relevanssi_hide_content":"","_relevanssi_pin_for_all":"","_relevanssi_pin_keywords":"","_relevanssi_unpin_keywords":"","_relevanssi_related_keywords":"","_relevanssi_related_include_ids":"","_relevanssi_related_exclude_ids":"","_relevanssi_related_no_append":"","_relevanssi_related_not_related":"","_relevanssi_related_posts":"","_relevanssi_noindex_reason":"","footnotes":""},"page_categories":[],"acf":[],"_links":{"self":[{"href":"https:\/\/www.studentbostader.se\/en\/wp-json\/wp\/v2\/pages\/5619"}],"collection":[{"href":"https:\/\/www.studentbostader.se\/en\/wp-json\/wp\/v2\/pages"}],"about":[{"href":"https:\/\/www.studentbostader.se\/en\/wp-json\/wp\/v2\/types\/page"}],"author":[{"embeddable":true,"href":"https:\/\/www.studentbostader.se\/en\/wp-json\/wp\/v2\/users\/13"}],"replies":[{"embeddable":true,"href":"https:\/\/www.studentbostader.se\/en\/wp-json\/wp\/v2\/comments?post=5619"}],"version-history":[{"count":0,"href":"https:\/\/www.studentbostader.se\/en\/wp-json\/wp\/v2\/pages\/5619\/revisions"}],"up":[{"embeddable":true,"href":"https:\/\/www.studentbostader.se\/en\/wp-json\/wp\/v2\/pages\/5543"}],"wp:featuredmedia":[{"embeddable":true,"href":"https:\/\/www.studentbostader.se\/en\/wp-json\/wp\/v2\/media\/5276"}],"wp:attachment":[{"href":"https:\/\/www.studentbostader.se\/en\/wp-json\/wp\/v2\/media?parent=5619"}],"wp:term":[{"taxonomy":"page_categories","embeddable":true,"href":"https:\/\/www.studentbostader.se\/en\/wp-json\/wp\/v2\/page_categories?post=5619"}],"curies":[{"name":"wp","href":"https:\/\/api.w.org\/{rel}","templated":true}]}}