{"id":5623,"date":"2021-10-25T15:21:04","date_gmt":"2021-10-25T13:21:04","guid":{"rendered":"https:\/\/www.studentbostader.se\/?page_id=5623"},"modified":"2026-03-24T09:43:08","modified_gmt":"2026-03-24T08:43:08","slug":"flamman","status":"publish","type":"page","link":"https:\/\/www.studentbostader.se\/en\/find-apartments\/our-areas\/flamman\/","title":{"rendered":"Flamman"},"content":{"rendered":"<div class=\"wp-block-top-image alignfull top-image alignfull\">\n    <div class=\"top-image-on-mobile\">\n        <img loading=\"lazy\" decoding=\"async\" width=\"1024\" height=\"768\" src=\"https:\/\/www.studentbostader.se\/app\/uploads\/2021\/10\/flamman-exterior-3-1024x768.jpg\" class=\"attachment-top-image-mobile size-top-image-mobile\" alt=\"innerg\u00e5rden p\u00e5 Flamman\" \/>\n    <\/div>\n    <div class=\"top-image-on-desktop\">\n        <img loading=\"lazy\" decoding=\"async\" width=\"1600\" height=\"500\" src=\"https:\/\/www.studentbostader.se\/app\/uploads\/2021\/10\/flamman-exterior-3-1600x500.jpg\" class=\"attachment-top-image-desktop size-top-image-desktop\" alt=\"innerg\u00e5rden p\u00e5 Flamman\" \/>\n    <\/div>\n<\/div>\n\n\n<h1 class=\"wp-block-heading\">Welcome to Flamman<\/h1>\n\n\n\n<p>In the Flamman neighborhood, we offer nearly 250 student homes, including apartments as well as furnished and unfurnished corridor rooms. As a resident, you can easily book a sauna, table tennis room, and study rooms via our app. Student life is at the heart of Flamman, and the local pub is a natural meeting place.<\/p>\n\n\n\n<p>Flamman is located in the Gottfridsberg district, and from here it\u2019s roughly the same distance to Campus Valla, the Health University, and Link\u00f6ping city centre. Nearby you\u2019ll find green spaces, and just a short walk away is Rydskogen, with running trails, an outdoor gym, a disc golf course, and football fields.<\/p>\n\n\n\n<h2 class=\"wp-block-heading\"><strong>Classic student living<\/strong><\/h2>\n\n\n\n<p>Flamman is currently undergoing a major renovation. Once completed, the area will consist of 450 student homes, of which 187 are newly built apartments. The existing homes are being renovated, and out of 263 homes, 59 will be corridor rooms. The first newly renovated corridors and apartments are already ready for move-in, and you can now rent our new apartments.<\/p>\n\n\n\n<h2 class=\"wp-block-heading\"><strong>New apartments available<\/strong><\/h2>\n\n\n\n<p>New apartments are now available in Flamman. Most are studios between 20\u201332 square meters, featuring a kitchenette and a bathroom with a combined washer-dryer. There are also a few larger one- and two-bedroom apartments available.<\/p>\n\n\n\n<p>The newly built building also includes a large study room with a fully equipped kitchen. In addition, residents have access to a spacious shared outdoor terrace.<\/p>\n\n\n\n<div class=\"wp-block-buttons is-layout-flex wp-block-buttons-is-layout-flex\">\n<div class=\"wp-block-button\"><a class=\"wp-block-button__link wp-element-button\" href=\"https:\/\/www.studentbostader.se\/en\/find-apartments\/search-apartments\/?actionId=&#038;omraden=90A-F&#038;egenskaper=&#038;oboTyper=\">Available apartments<\/a><\/div>\n<\/div>\n\n\n\n<figure class=\"wp-block-image size-large\"><img loading=\"lazy\" decoding=\"async\" width=\"1920\" height=\"1080\" src=\"https:\/\/www.studentbostader.se\/app\/uploads\/2026\/03\/IMG_5363.jpg\" alt=\"\" class=\"wp-image-13566\" srcset=\"https:\/\/www.studentbostader.se\/app\/uploads\/2026\/03\/IMG_5363.jpg 1920w, https:\/\/www.studentbostader.se\/app\/uploads\/2026\/03\/IMG_5363-1024x576.jpg 1024w, https:\/\/www.studentbostader.se\/app\/uploads\/2026\/03\/IMG_5363-768x432.jpg 768w, https:\/\/www.studentbostader.se\/app\/uploads\/2026\/03\/IMG_5363-1536x864.jpg 1536w, https:\/\/www.studentbostader.se\/app\/uploads\/2026\/03\/IMG_5363-50x28.jpg 50w, https:\/\/www.studentbostader.se\/app\/uploads\/2026\/03\/IMG_5363-1600x900.jpg 1600w\" sizes=\"(max-width: 1920px) 100vw, 1920px\" \/><\/figure>\n\n\n\n<h2 class=\"wp-block-heading\"><strong>Welcome to an apartment viewing!<\/strong><\/h2>\n\n\n\n<p>Curious about what it\u2019s like to live in a newly built apartment in Flamman? Join one of our viewings and take the opportunity to ask our on-site staff any questions you may have.<br>Address: V\u00e4stan\u00e5gatan 30<\/p>\n\n\n\n<p>We\u2019re hosting viewings on March 27, March 30, April 10, and April 17, all between 1:00 PM and 3:00 PM.<\/p>\n\n\n\n<h2 class=\"wp-block-heading\"><strong>Apartment listing periods<\/strong><\/h2>\n\n\n\n<figure class=\"wp-block-table\"><table><tbody><tr><td><strong>Floor<\/strong><\/td><td><strong>Apartment listing period<\/strong><\/td><td><strong>Move-in date<\/strong><\/td><td><strong>Number of apartments<\/strong><\/td><\/tr><tr><td>4<\/td><td>March 24\u201330, March 29\u2013April 9<\/td><td>June 1<\/td><td>50 apartments distributed across two listing periods<\/td><\/tr><tr><td>2<\/td><td>April 9\u201313, April 16\u201320<\/td><td>June 16<\/td><td>50 apartments distributed across two listing periods &nbsp;<\/td><\/tr><tr><td>1-2<\/td><td>May-June<\/td><td>August 1<\/td><td>86 apartments<\/td><\/tr><\/tbody><\/table><\/figure>\n\n\n<div class=\"wp-block-focus-article alignwide my-10\" >\n    <div class=\"inner py-16\" >\n\n        \n                                 <div class=\"focus-article-wrapper\">\n                <div class=\"focus-article-content\">\n                    <h2 class=\"mt-4\">\n                                                    Step inside a new student apartment in Flamman\n                                            <\/h2>\n                    <div class=\"meta-data mt-4 mb-4 text-sm\">\n                        \n                                                    <time class=\"text-linkGray\" datetime=\"2026-03-20T10:14:01+00:00\">2026-03-20<\/time>\n                                            <\/div>\n                    <p>\n                                                    The student area Flamman is growing with brand-new student apartments, and the leasing period is starting soon. Take a look at what one of the apartments looks like!\n                                            <\/p>\n                    <div class=\"mt-6\">\n                                                    <a href=\"\/en\/articles\/step-inside-a-new-student-apartment-in-flamman\/\" class=\"btn-secondary\">Read the article<\/a>\n                                            <\/div>\n                <\/div>\n                <figure class=\"focus-article-image\">\n                    <img loading=\"lazy\" decoding=\"async\" width=\"800\" height=\"533\" src=\"https:\/\/www.studentbostader.se\/app\/uploads\/sites\/2\/2026\/03\/IMG_5375-800x533.jpg\" class=\"article-image wp-post-image\" alt=\"\" srcset=\"https:\/\/www.studentbostader.se\/app\/uploads\/sites\/2\/2026\/03\/IMG_5375-800x533.jpg 800w, https:\/\/www.studentbostader.se\/app\/uploads\/sites\/2\/2026\/03\/IMG_5375-1500x1000.jpg 1500w\" sizes=\"(max-width: 800px) 100vw, 800px\" \/>\n                <\/figure>\n            <\/div>\n\n        \n        \n    <\/div>\n<\/div>\n\n\n\n<figure class=\"wp-block-embed is-type-video is-provider-youtube wp-block-embed-youtube wp-embed-aspect-16-9 wp-has-aspect-ratio\"><div class=\"wp-block-embed__wrapper\">\n<iframe loading=\"lazy\" title=\"Studentbost\u00e4der i Link\u00f6ping - Flamman\" width=\"500\" height=\"281\" src=\"https:\/\/www.youtube.com\/embed\/gORdKBcHFYU?feature=oembed\" frameborder=\"0\" allow=\"accelerometer; autoplay; clipboard-write; encrypted-media; gyroscope; picture-in-picture; web-share\" referrerpolicy=\"strict-origin-when-cross-origin\" allowfullscreen><\/iframe>\n<\/div><\/figure>\n\n\n\n<div class=\"wp-block-columns is-layout-flex wp-container-core-columns-layout-1 wp-block-columns-is-layout-flex\">\n<div class=\"wp-block-column is-layout-flow wp-block-column-is-layout-flow\" style=\"flex-basis:100%\"><div class=\"wp-block-hard-fact-box my-10\">\n        <div class=\"text-2xl font-gazpacho mb-6 mx-6 sm:mx-0\">Facts in brief<\/div>  \n\n                <div class=\"flex flex-row items-center justify-between bg-lightGray px-4 md:px-8 py-4 mb-2\">\n\n            <div class=\"w-full mr-2\">\n                                <div class=\"font-bold\">Distance to Campus Valla<\/div>\n                            <\/div>\n            \n            <div class=\"w-full mr-2\">\n                                <div class=\"\">Approx 2,2 km<\/div>\n                            <\/div>\n\n                    <\/div>\n                <div class=\"flex flex-row items-center justify-between bg-lightGray px-4 md:px-8 py-4 mb-2\">\n\n            <div class=\"w-full mr-2\">\n                                <div class=\"font-bold\">Distance to H\u00e4lsouniversitetet<\/div>\n                            <\/div>\n            \n            <div class=\"w-full mr-2\">\n                                <div class=\"\">Approx 1,5 km<\/div>\n                            <\/div>\n\n                    <\/div>\n                <div class=\"flex flex-row items-center justify-between bg-lightGray px-4 md:px-8 py-4 mb-2\">\n\n            <div class=\"w-full mr-2\">\n                                <div class=\"font-bold\">Distance to travel center<\/div>\n                            <\/div>\n            \n            <div class=\"w-full mr-2\">\n                                <div class=\"\">Approx 1,5 km<\/div>\n                            <\/div>\n\n                    <\/div>\n                <div class=\"flex flex-row items-center justify-between bg-lightGray px-4 md:px-8 py-4 mb-2\">\n\n            <div class=\"w-full mr-2\">\n                                <div class=\"font-bold\">Nearest grocery store<\/div>\n                            <\/div>\n            \n            <div class=\"w-full mr-2\">\n                                <div class=\"\">Approx 150 m<\/div>\n                            <\/div>\n\n                    <\/div>\n        <\/div><\/div>\n<\/div>\n\n\n\n<h2 class=\"wp-block-heading\">Dormitory rooms and apartments in Flamman<\/h2>\n\n\n\n<p>In Flamman, there are mainly dormitory rooms, both unfurnished and furnished. There are also some apartments in different sizes. Regardless of the type of housing, you have access to book a sauna, table tennis room and study rooms located in the area.&nbsp;<\/p>\n\n\n\n<h2 class=\"wp-block-heading has-text-align-center\">Map of the area<\/h2>\n\n\n<div id=\"areamap-component\" class=\"alignfull\">\n  <area-map\n    map-type=\"area\"\n    default-area=\"Flamman\"\n    map-display-type=\"satellite\"\n    map-zoom-level=\"13\"\n    expand-icon=\"https:\/\/www.studentbostader.se\/app\/themes\/studentbostader\/dist\/images\/add.png?id=e5d283695d7e798c38f70015daa5a7da\"\n    collapse-icon=\"https:\/\/www.studentbostader.se\/app\/themes\/studentbostader\/dist\/images\/minus.png?id=c2e8e86327fbf6b995b41e6748ca3622\"\n    lang=\"en\"\n    my-area=\"\"\n    map-aria-label=\"Karta\"\n  ><\/area-map>\n<\/div>\n\n\n\n<h2 class=\"wp-block-heading has-text-align-center\">Pictures from the area<\/h2>\n\n\n\n<div class=\"wp-block-columns is-layout-flex wp-container-core-columns-layout-2 wp-block-columns-is-layout-flex\">\n<div class=\"wp-block-column is-layout-flow wp-block-column-is-layout-flow\" style=\"flex-basis:50%\">\n<figure class=\"wp-block-image size-puff-bild is-style-default\"><img loading=\"lazy\" decoding=\"async\" width=\"800\" height=\"533\" src=\"https:\/\/v1kotten.www.studentbostader.se\/app\/uploads\/2021\/10\/flamman-exterior-1-800x533.jpg\" alt=\"tr\u00e4d och innerg\u00e5rd p\u00e5 Flamman\" class=\"wp-image-4317\" srcset=\"https:\/\/www.studentbostader.se\/app\/uploads\/2021\/10\/flamman-exterior-1-800x533.jpg 800w, https:\/\/www.studentbostader.se\/app\/uploads\/2021\/10\/flamman-exterior-1-1500x1000.jpg 1500w\" sizes=\"(max-width: 800px) 100vw, 800px\" \/><figcaption class=\"wp-element-caption\">A cozy yard with the possibility of a BBQ with friends.<\/figcaption><\/figure>\n\n\n\n<figure class=\"wp-block-image size-puff-bild is-style-default\"><img loading=\"lazy\" decoding=\"async\" width=\"800\" height=\"533\" src=\"https:\/\/v1kotten.www.studentbostader.se\/app\/uploads\/2021\/10\/flamman-bastu-800x533.jpg\" alt=\"bastun p\u00e5 Flamman\" class=\"wp-image-4315\" srcset=\"https:\/\/www.studentbostader.se\/app\/uploads\/2021\/10\/flamman-bastu-800x533.jpg 800w, https:\/\/www.studentbostader.se\/app\/uploads\/2021\/10\/flamman-bastu-1500x1000.jpg 1500w\" sizes=\"(max-width: 800px) 100vw, 800px\" \/><figcaption class=\"wp-element-caption\">Sauna located in the basement of building 24-26. Easily booked via the app.<\/figcaption><\/figure>\n\n\n\n<p><\/p>\n<\/div>\n\n\n\n<div class=\"wp-block-column is-layout-flow wp-block-column-is-layout-flow\" style=\"flex-basis:50%\">\n<figure class=\"wp-block-image size-puff-bild is-style-default\"><img loading=\"lazy\" decoding=\"async\" width=\"800\" height=\"533\" src=\"https:\/\/v1kotten.www.studentbostader.se\/app\/uploads\/2021\/10\/flamman-volleyboll-800x533.jpg\" alt=\"volleybollplan vid Flamman\" class=\"wp-image-4323\" srcset=\"https:\/\/www.studentbostader.se\/app\/uploads\/2021\/10\/flamman-volleyboll-800x533.jpg 800w, https:\/\/www.studentbostader.se\/app\/uploads\/2021\/10\/flamman-volleyboll-1500x1000.jpg 1500w\" sizes=\"(max-width: 800px) 100vw, 800px\" \/><figcaption class=\"wp-element-caption\">A volleyball court just beside the house. Bring your buddies for a casual game.<\/figcaption><\/figure>\n\n\n\n<figure class=\"wp-block-image size-puff-bild is-style-default\"><img loading=\"lazy\" decoding=\"async\" width=\"800\" height=\"533\" src=\"https:\/\/v1kotten.www.studentbostader.se\/app\/uploads\/2021\/10\/flamman_studierum-800x533.jpg\" alt=\"Studierum i Flamman\" class=\"wp-image-4748\" srcset=\"https:\/\/www.studentbostader.se\/app\/uploads\/2021\/10\/flamman_studierum-800x533.jpg 800w, https:\/\/www.studentbostader.se\/app\/uploads\/2021\/10\/flamman_studierum-1500x1000.jpg 1500w\" sizes=\"(max-width: 800px) 100vw, 800px\" \/><figcaption class=\"wp-element-caption\">Need peace and quiet to study? Book one of the study rooms.<\/figcaption><\/figure>\n\n\n\n<p><\/p>\n<\/div>\n<\/div>\n\n\n\n<div class=\"wp-block-media-text alignwide has-media-on-the-right is-stacked-on-mobile\"><div class=\"wp-block-media-text__content\">\n<p class=\"has-large-font-size\">Do you also want to live in Flamman?<\/p>\n\n\n\n<p>Would you like to live in Flamman? You will find all available housings in Flamman under Find housing.<\/p>\n\n\n\n<div class=\"wp-block-buttons is-layout-flex wp-block-buttons-is-layout-flex\">\n<div class=\"wp-block-button\"><a class=\"wp-block-button__link wp-element-button\" href=\"\/en\/find-apartments\/search-apartments\/?actionId=&amp;omraden=90A-F&amp;egenskaper=&amp;oboTyper=\">FIND HOUSING<\/a><\/div>\n<\/div>\n<\/div><figure class=\"wp-block-media-text__media\"><img loading=\"lazy\" decoding=\"async\" width=\"1920\" height=\"1080\" src=\"https:\/\/www.studentbostader.se\/app\/uploads\/2021\/10\/flamman-vy-1920x1080.jpg\" alt=\"Flamman vybild ovanifr\u00e5n\" class=\"wp-image-5211 size-full\" srcset=\"https:\/\/www.studentbostader.se\/app\/uploads\/2021\/10\/flamman-vy-1920x1080.jpg 1920w, https:\/\/www.studentbostader.se\/app\/uploads\/2021\/10\/flamman-vy-1024x576.jpg 1024w, https:\/\/www.studentbostader.se\/app\/uploads\/2021\/10\/flamman-vy-768x432.jpg 768w, https:\/\/www.studentbostader.se\/app\/uploads\/2021\/10\/flamman-vy-1536x864.jpg 1536w, https:\/\/www.studentbostader.se\/app\/uploads\/2021\/10\/flamman-vy-2048x1152.jpg 2048w\" sizes=\"(max-width: 1920px) 100vw, 1920px\" \/><\/figure><\/div>\n\n\n\n<div style=\"height:30px\" aria-hidden=\"true\" class=\"wp-block-spacer\"><\/div>\n\n\n<div class=\"wp-block-index-card alignwide-decor\" >\n  <div class=\"inner my-20\" >\n\n      <h2 class=\"\">Other areas<\/h2>\n        <div class=\"flex flex-wrap lg:-mx-5\" >\n            <div class=\"index-card w-full lg:w-1\/3 lg:px-5 pt-8\">\n        <a href=\"https:\/\/www.studentbostader.se\/en\/find-apartments\/our-areas\/t1\/\" target=\"\" class=\"index-card-link no-underline hover:underline\">\n          <div class=\"image-container wp-block-cover min-h-72\">\n            <img loading=\"lazy\" decoding=\"async\" width=\"800\" height=\"533\" src=\"https:\/\/www.studentbostader.se\/app\/uploads\/2021\/10\/T1_dronarbild-800x533.jpg\" class=\"wp-block-cover__image-background\" alt=\"T1 vy ovanifr\u00e5n\" srcset=\"https:\/\/www.studentbostader.se\/app\/uploads\/2021\/10\/T1_dronarbild-800x533.jpg 800w, https:\/\/www.studentbostader.se\/app\/uploads\/2021\/10\/T1_dronarbild-1500x1000.jpg 1500w\" sizes=\"(max-width: 800px) 100vw, 800px\" \/>\n          <\/div>\n          <div class=\"text-area\">\n                      <h3 class=\"text-2xl underline\">T1<\/h3>\n                      <p class=\"\">Cycling distance to everything, and a stone&#039;s throw away is Vallaskogen which offers nice walking and exercise areas.<\/p>\n          <\/div>\n        <\/a>\n      <\/div>\n            <div class=\"index-card w-full lg:w-1\/3 lg:px-5 pt-8\">\n        <a href=\"https:\/\/www.studentbostader.se\/en\/find-apartments\/our-areas\/fjarilen\/\" target=\"\" class=\"index-card-link no-underline hover:underline\">\n          <div class=\"image-container wp-block-cover min-h-72\">\n            <img loading=\"lazy\" decoding=\"async\" width=\"800\" height=\"533\" src=\"https:\/\/www.studentbostader.se\/app\/uploads\/2021\/10\/irrblosset-vy-800x533.jpg\" class=\"wp-block-cover__image-background\" alt=\"Irrblosset vy ovanifr\u00e5n\" srcset=\"https:\/\/www.studentbostader.se\/app\/uploads\/2021\/10\/irrblosset-vy-800x533.jpg 800w, https:\/\/www.studentbostader.se\/app\/uploads\/2021\/10\/irrblosset-vy-1500x1000.jpg 1500w\" sizes=\"(max-width: 800px) 100vw, 800px\" \/>\n          <\/div>\n          <div class=\"text-area\">\n                      <h3 class=\"text-2xl underline\">Fj\u00e4rilen<\/h3>\n                      <p class=\"\">For many, it is still the location that is the best thing about the Butterfly. Perfect cycling distance to both campus and city.<\/p>\n          <\/div>\n        <\/a>\n      <\/div>\n            <div class=\"index-card w-full lg:w-1\/3 lg:px-5 pt-8\">\n        <a href=\"https:\/\/www.studentbostader.se\/en\/find-apartments\/our-areas\/lambohov\/\" target=\"\" class=\"index-card-link no-underline hover:underline\">\n          <div class=\"image-container wp-block-cover min-h-72\">\n            <img loading=\"lazy\" decoding=\"async\" width=\"800\" height=\"533\" src=\"https:\/\/www.studentbostader.se\/app\/uploads\/2021\/10\/Lambohov_insikten_dronarbild-800x533.jpg\" class=\"wp-block-cover__image-background\" alt=\"Insikten vy ovanifr\u00e5n\" srcset=\"https:\/\/www.studentbostader.se\/app\/uploads\/2021\/10\/Lambohov_insikten_dronarbild-800x533.jpg 800w, https:\/\/www.studentbostader.se\/app\/uploads\/2021\/10\/Lambohov_insikten_dronarbild-1500x1000.jpg 1500w\" sizes=\"(max-width: 800px) 100vw, 800px\" \/>\n          <\/div>\n          <div class=\"text-area\">\n                      <h3 class=\"text-2xl underline\">Lambohov<\/h3>\n                      <p class=\"\">Lambohov suits you who like peace and want to be close to Campus Valla and everything you need in everyday life.<\/p>\n          <\/div>\n        <\/a>\n      <\/div>\n          <\/div>\n    \n  <\/div>\n<\/div>\n","protected":false},"excerpt":{"rendered":"<p>Welcome to Flamman In the Flamman neighborhood, we offer nearly 250 student homes, including apartments as well as furnished and unfurnished corridor rooms. As a resident, you can easily book a sauna, table tennis room, and study rooms via our app. Student life is at the heart of Flamman, and the local pub is a&hellip; <a href=\"https:\/\/www.studentbostader.se\/en\/find-apartments\/our-areas\/flamman\/\">Till hela texten<\/a><\/p>\n","protected":false},"author":16,"featured_media":5211,"parent":5543,"menu_order":1,"comment_status":"closed","ping_status":"closed","template":"","meta":{"_acf_changed":false,"_relevanssi_hide_post":"","_relevanssi_hide_content":"","_relevanssi_pin_for_all":"","_relevanssi_pin_keywords":"","_relevanssi_unpin_keywords":"","_relevanssi_related_keywords":"","_relevanssi_related_include_ids":"","_relevanssi_related_exclude_ids":"","_relevanssi_related_no_append":"","_relevanssi_related_not_related":"","_relevanssi_related_posts":"","_relevanssi_noindex_reason":"","footnotes":""},"page_categories":[],"acf":[],"_links":{"self":[{"href":"https:\/\/www.studentbostader.se\/en\/wp-json\/wp\/v2\/pages\/5623"}],"collection":[{"href":"https:\/\/www.studentbostader.se\/en\/wp-json\/wp\/v2\/pages"}],"about":[{"href":"https:\/\/www.studentbostader.se\/en\/wp-json\/wp\/v2\/types\/page"}],"author":[{"embeddable":true,"href":"https:\/\/www.studentbostader.se\/en\/wp-json\/wp\/v2\/users\/16"}],"replies":[{"embeddable":true,"href":"https:\/\/www.studentbostader.se\/en\/wp-json\/wp\/v2\/comments?post=5623"}],"version-history":[{"count":0,"href":"https:\/\/www.studentbostader.se\/en\/wp-json\/wp\/v2\/pages\/5623\/revisions"}],"up":[{"embeddable":true,"href":"https:\/\/www.studentbostader.se\/en\/wp-json\/wp\/v2\/pages\/5543"}],"wp:featuredmedia":[{"embeddable":true,"href":"https:\/\/www.studentbostader.se\/en\/wp-json\/wp\/v2\/media\/5211"}],"wp:attachment":[{"href":"https:\/\/www.studentbostader.se\/en\/wp-json\/wp\/v2\/media?parent=5623"}],"wp:term":[{"taxonomy":"page_categories","embeddable":true,"href":"https:\/\/www.studentbostader.se\/en\/wp-json\/wp\/v2\/page_categories?post=5623"}],"curies":[{"name":"wp","href":"https:\/\/api.w.org\/{rel}","templated":true}]}}