{"id":5685,"date":"2021-10-25T16:35:29","date_gmt":"2021-10-25T14:35:29","guid":{"rendered":"https:\/\/www.studentbostader.se\/?page_id=5685"},"modified":"2021-10-26T17:55:38","modified_gmt":"2021-10-26T15:55:38","slug":"when-you-move-out","status":"publish","type":"page","link":"https:\/\/www.studentbostader.se\/en\/stay-with-us\/when-you-move-out\/","title":{"rendered":"When you move out"},"content":{"rendered":"\n<h1 class=\"has-text-align-center wp-block-heading\">When you move out<\/h1>\n\n\n\n<p class=\"has-text-align-center has-lead-font-size\"><br>Here we have gathered everything you need to know when you move out.<\/p>\n\n\n<div class=\"wp-block-index-card alignwide\" >\n  <div class=\"inner my-20\" >\n\n        <div class=\"flex flex-wrap lg:-mx-5\" >\n            <div class=\"index-card w-full lg:w-1\/2 lg:px-5 pt-8\">\n        <a href=\"https:\/\/www.studentbostader.se\/en\/stay-with-us\/when-you-move-out\/moving-out\/\" target=\"\" class=\"index-card-link no-underline hover:underline\">\n          <div class=\"image-container wp-block-cover\">\n            <img loading=\"lazy\" decoding=\"async\" width=\"800\" height=\"533\" src=\"https:\/\/www.studentbostader.se\/app\/uploads\/2021\/10\/flamman-exterior-1-800x533.jpg\" class=\"wp-block-cover__image-background\" alt=\"tr\u00e4d och innerg\u00e5rd p\u00e5 Flamman\" srcset=\"https:\/\/www.studentbostader.se\/app\/uploads\/2021\/10\/flamman-exterior-1-800x533.jpg 800w, https:\/\/www.studentbostader.se\/app\/uploads\/2021\/10\/flamman-exterior-1-1500x1000.jpg 1500w\" sizes=\"(max-width: 800px) 100vw, 800px\" \/>\n          <\/div>\n          <div class=\"text-area\">\n                          <h2 class=\"underline\">Move out<\/h2>\n                        <p class=\"\">Here you can read a guide for you who will move out.<\/p>\n          <\/div>\n        <\/a>\n      <\/div>\n            <div class=\"index-card w-full lg:w-1\/2 lg:px-5 pt-8\">\n        <a href=\"https:\/\/www.studentbostader.se\/en\/stay-with-us\/when-you-move-out\/cleaning-when-moving-out\/\" target=\"\" class=\"index-card-link no-underline hover:underline\">\n          <div class=\"image-container wp-block-cover\">\n            <img loading=\"lazy\" decoding=\"async\" width=\"800\" height=\"533\" src=\"https:\/\/www.studentbostader.se\/app\/uploads\/2021\/10\/irrblosset-interior2-800x533.jpg\" class=\"wp-block-cover__image-background\" alt=\"\" srcset=\"https:\/\/www.studentbostader.se\/app\/uploads\/2021\/10\/irrblosset-interior2-800x533.jpg 800w, https:\/\/www.studentbostader.se\/app\/uploads\/2021\/10\/irrblosset-interior2-1500x1000.jpg 1500w\" sizes=\"(max-width: 800px) 100vw, 800px\" \/>\n          <\/div>\n          <div class=\"text-area\">\n                          <h2 class=\"underline\">Cleaning when moving out<\/h2>\n                        <p class=\"\">When you move out, you need to clean the entire home so it will be clean and tidy for the next tenant. Here is a checklist!<\/p>\n          <\/div>\n        <\/a>\n      <\/div>\n          <\/div>\n  \n  <\/div>\n<\/div>\n","protected":false},"excerpt":{"rendered":"<p>When you move out Here we have gathered everything you need to know when you move out.<\/p>\n","protected":false},"author":13,"featured_media":0,"parent":5675,"menu_order":2,"comment_status":"closed","ping_status":"closed","template":"","meta":{"_acf_changed":false,"_relevanssi_hide_post":"","_relevanssi_hide_content":"","_relevanssi_pin_for_all":"","_relevanssi_pin_keywords":"","_relevanssi_unpin_keywords":"","_relevanssi_related_keywords":"","_relevanssi_related_include_ids":"","_relevanssi_related_exclude_ids":"","_relevanssi_related_no_append":"","_relevanssi_related_not_related":"","_relevanssi_related_posts":"","_relevanssi_noindex_reason":"","footnotes":""},"page_categories":[],"acf":[],"_links":{"self":[{"href":"https:\/\/www.studentbostader.se\/en\/wp-json\/wp\/v2\/pages\/5685"}],"collection":[{"href":"https:\/\/www.studentbostader.se\/en\/wp-json\/wp\/v2\/pages"}],"about":[{"href":"https:\/\/www.studentbostader.se\/en\/wp-json\/wp\/v2\/types\/page"}],"author":[{"embeddable":true,"href":"https:\/\/www.studentbostader.se\/en\/wp-json\/wp\/v2\/users\/13"}],"replies":[{"embeddable":true,"href":"https:\/\/www.studentbostader.se\/en\/wp-json\/wp\/v2\/comments?post=5685"}],"version-history":[{"count":0,"href":"https:\/\/www.studentbostader.se\/en\/wp-json\/wp\/v2\/pages\/5685\/revisions"}],"up":[{"embeddable":true,"href":"https:\/\/www.studentbostader.se\/en\/wp-json\/wp\/v2\/pages\/5675"}],"wp:attachment":[{"href":"https:\/\/www.studentbostader.se\/en\/wp-json\/wp\/v2\/media?parent=5685"}],"wp:term":[{"taxonomy":"page_categories","embeddable":true,"href":"https:\/\/www.studentbostader.se\/en\/wp-json\/wp\/v2\/page_categories?post=5685"}],"curies":[{"name":"wp","href":"https:\/\/api.w.org\/{rel}","templated":true}]}}