{"id":5836,"date":"2021-10-26T09:57:17","date_gmt":"2021-10-26T07:57:17","guid":{"rendered":"https:\/\/www.studentbostader.se\/?page_id=5836"},"modified":"2024-09-25T15:57:08","modified_gmt":"2024-09-25T13:57:08","slug":"irrblosset","status":"publish","type":"page","link":"https:\/\/www.studentbostader.se\/en\/find-apartments\/our-areas\/irrblosset\/","title":{"rendered":"Irrblosset"},"content":{"rendered":"<div class=\"wp-block-top-image alignfull top-image alignfull\">\n    <div class=\"top-image-on-mobile\">\n        <img loading=\"lazy\" decoding=\"async\" width=\"1024\" height=\"768\" src=\"https:\/\/www.studentbostader.se\/app\/uploads\/2021\/10\/irrblosset-vy-1024x768.jpg\" class=\"attachment-top-image-mobile size-top-image-mobile\" alt=\"Irrblosset vy ovanifr\u00e5n\" \/>\n    <\/div>\n    <div class=\"top-image-on-desktop\">\n        <img loading=\"lazy\" decoding=\"async\" width=\"1600\" height=\"500\" src=\"https:\/\/www.studentbostader.se\/app\/uploads\/2021\/10\/irrblosset-vy-1600x500.jpg\" class=\"attachment-top-image-desktop size-top-image-desktop\" alt=\"Irrblosset vy ovanifr\u00e5n\" \/>\n    <\/div>\n<\/div>\n\n\n<h1 class=\"wp-block-heading\">Welcome to Irrblosset<\/h1>\n\n\n\n<p>Irrblosset&nbsp;is perfect for those who want to be close to everything \u2013 five minutes on an illuminated bike path straight through the beautiful&nbsp;Vallaskogen&nbsp;forest and you are right on campus.&nbsp;If you head in the other direction, you will have the University of Health Sciences and central Link\u00f6ping at the same convenient distance.&nbsp;Here you can stay in a picturesque area with a variety of building types.&nbsp;In the area is also the popular pub VilleValla located.<\/p>\n\n\n\n<figure class=\"wp-block-embed is-type-video is-provider-youtube wp-block-embed-youtube wp-embed-aspect-16-9 wp-has-aspect-ratio\"><div class=\"wp-block-embed__wrapper\">\n<iframe loading=\"lazy\" title=\"Studentbost\u00e4der i Link\u00f6ping - Irrblosset\" width=\"500\" height=\"281\" src=\"https:\/\/www.youtube.com\/embed\/H8qN6CZdaJ0?feature=oembed\" frameborder=\"0\" allow=\"accelerometer; autoplay; clipboard-write; encrypted-media; gyroscope; picture-in-picture; web-share\" referrerpolicy=\"strict-origin-when-cross-origin\" allowfullscreen><\/iframe>\n<\/div><\/figure>\n\n\n\n<div class=\"wp-block-columns is-layout-flex wp-container-core-columns-layout-1 wp-block-columns-is-layout-flex\">\n<div class=\"wp-block-column is-layout-flow wp-block-column-is-layout-flow\" style=\"flex-basis:100%\"><\/div>\n<\/div>\n\n\n<div class=\"wp-block-hard-fact-box my-10\">\n        <div class=\"text-2xl font-gazpacho mb-6 mx-6 sm:mx-0\">Facts in brief<\/div>  \n\n                <div class=\"flex flex-row items-center justify-between bg-lightGray px-4 md:px-8 py-4 mb-2\">\n\n            <div class=\"w-full mr-2\">\n                                <div class=\"font-bold\">Distance to Campus Valla<\/div>\n                            <\/div>\n            \n            <div class=\"w-full mr-2\">\n                                <div class=\"\">Approx 1,1 km<\/div>\n                            <\/div>\n\n                    <\/div>\n                <div class=\"flex flex-row items-center justify-between bg-lightGray px-4 md:px-8 py-4 mb-2\">\n\n            <div class=\"w-full mr-2\">\n                                <div class=\"font-bold\">Distance to H\u00e4lsouniversitetet<\/div>\n                            <\/div>\n            \n            <div class=\"w-full mr-2\">\n                                <div class=\"\">Approx 1,6 km<\/div>\n                            <\/div>\n\n                    <\/div>\n                <div class=\"flex flex-row items-center justify-between bg-lightGray px-4 md:px-8 py-4 mb-2\">\n\n            <div class=\"w-full mr-2\">\n                                <div class=\"font-bold\">Distance to travel center<\/div>\n                            <\/div>\n            \n            <div class=\"w-full mr-2\">\n                                <div class=\"\">Approx 2,5 km<\/div>\n                            <\/div>\n\n                    <\/div>\n                <div class=\"flex flex-row items-center justify-between bg-lightGray px-4 md:px-8 py-4 mb-2\">\n\n            <div class=\"w-full mr-2\">\n                                <div class=\"font-bold\">Nearest grocery store<\/div>\n                            <\/div>\n            \n            <div class=\"w-full mr-2\">\n                                <div class=\"\">Approx 500 m<\/div>\n                            <\/div>\n\n                    <\/div>\n        <\/div>\n\n\n<h2 class=\"wp-block-heading\">Dormitories and apartments in Irrblosset<\/h2>\n\n\n\n<p>In Irrblosset there are mainly unfurnished apartments. There are also some dormitories. Regardless of living in a dorm room or apartment, you have access to book sauna, gym and study rooms located in the area.<\/p>\n\n\n\n<div class=\"wp-block-columns is-layout-flex wp-container-core-columns-layout-3 wp-block-columns-is-layout-flex\">\n<div class=\"wp-block-column is-layout-flow wp-block-column-is-layout-flow\">\n<h3 class=\"wp-block-heading\">Example of a dorm room<\/h3>\n\n\n\n<div class=\"wp-block-columns is-layout-flex wp-container-core-columns-layout-2 wp-block-columns-is-layout-flex\">\n<div class=\"wp-block-column is-layout-flow wp-block-column-is-layout-flow\" style=\"flex-basis:100%\">\n<p>Example of what a furnished dorm room can look like in Irrblosset. This example is from Vallav\u00e4gen 2 B.  <\/p>\n\n\n\n<script src=\"https:\/\/static.kuula.io\/embed.js\" data-kuula=\"https:\/\/kuula.co\/share\/collection\/7kdXs?logo=1&#038;info=1&#038;fs=1&#038;vr=0&#038;sd=1&#038;thumbs=1\" data-width=\"100%\" data-height=\"400px\"><\/script>\n<\/div>\n<\/div>\n<\/div>\n\n\n\n<div class=\"wp-block-column is-layout-flow wp-block-column-is-layout-flow\">\n<h3 class=\"wp-block-heading\">Example one room apartment <\/h3>\n\n\n\n<p>An example of how a one room apartment in Irrblosset can look like. The example is from Vallav\u00e4gen 4 C.<\/p>\n\n\n\n<script src=\"https:\/\/static.kuula.io\/embed.js\" data-kuula=\"https:\/\/kuula.co\/share\/collection\/7kTtQ?logo=1&amp;info=0&amp;fs=0&amp;vr=1&amp;zoom=1&amp;sd=1&amp;initload=0&amp;thumbs=1\" data-width=\"100%\" data-height=\"400px\"><\/script>\n<\/div>\n<\/div>\n\n\n\n<h2 class=\"wp-block-heading has-text-align-center\">Map of the area<\/h2>\n\n\n<div id=\"areamap-component\" class=\"alignfull\">\n  <area-map\n    map-type=\"area\"\n    default-area=\"Irrblosset\"\n    map-display-type=\"satellite\"\n    map-zoom-level=\"13\"\n    expand-icon=\"https:\/\/www.studentbostader.se\/app\/themes\/studentbostader\/dist\/images\/add.png?id=e5d283695d7e798c38f70015daa5a7da\"\n    collapse-icon=\"https:\/\/www.studentbostader.se\/app\/themes\/studentbostader\/dist\/images\/minus.png?id=c2e8e86327fbf6b995b41e6748ca3622\"\n    lang=\"en\"\n    my-area=\"\"\n    map-aria-label=\"Karta\"\n  ><\/area-map>\n<\/div>\n\n\n\n<h2 class=\"wp-block-heading has-text-align-center\">Pictures of the area<\/h2>\n\n\n\n<div class=\"wp-block-columns is-layout-flex wp-container-core-columns-layout-4 wp-block-columns-is-layout-flex\">\n<div class=\"wp-block-column is-layout-flow wp-block-column-is-layout-flow\">\n<figure class=\"wp-block-image size-puff-bild is-style-default\"><img loading=\"lazy\" decoding=\"async\" width=\"800\" height=\"533\" src=\"https:\/\/www.studentbostader.se\/app\/uploads\/2021\/10\/irrblosset-gym-800x533.jpg\" alt=\"Gym p\u00e5 Irrblosset\" class=\"wp-image-4307\" srcset=\"https:\/\/www.studentbostader.se\/app\/uploads\/2021\/10\/irrblosset-gym-800x533.jpg 800w, https:\/\/www.studentbostader.se\/app\/uploads\/2021\/10\/irrblosset-gym-1500x1000.jpg 1500w\" sizes=\"(max-width: 800px) 100vw, 800px\" \/><figcaption class=\"wp-element-caption\">Want to lift some weights? Book the gym.<\/figcaption><\/figure>\n\n\n\n<figure class=\"wp-block-image size-puff-bild is-style-default\"><img loading=\"lazy\" decoding=\"async\" width=\"800\" height=\"533\" src=\"https:\/\/www.studentbostader.se\/app\/uploads\/2021\/10\/irrblosset-exterior-800x533.jpg\" alt=\"Sittplatser utomhus vid Irrblosset\" class=\"wp-image-4299\" srcset=\"https:\/\/www.studentbostader.se\/app\/uploads\/2021\/10\/irrblosset-exterior-800x533.jpg 800w, https:\/\/www.studentbostader.se\/app\/uploads\/2021\/10\/irrblosset-exterior-1500x1000.jpg 1500w\" sizes=\"(max-width: 800px) 100vw, 800px\" \/><figcaption class=\"wp-element-caption\">Outdoor environments in the area.<\/figcaption><\/figure>\n<\/div>\n\n\n\n<div class=\"wp-block-column is-layout-flow wp-block-column-is-layout-flow\">\n<figure class=\"wp-block-image size-puff-bild is-style-default\"><img loading=\"lazy\" decoding=\"async\" width=\"800\" height=\"533\" src=\"https:\/\/www.studentbostader.se\/app\/uploads\/2021\/10\/irrblosset-tvatt-800x533.jpg\" alt=\"f\u00e4rgglada tv\u00e4ttmaskiner p\u00e5 Irrblosset\" class=\"wp-image-4309\" srcset=\"https:\/\/www.studentbostader.se\/app\/uploads\/2021\/10\/irrblosset-tvatt-800x533.jpg 800w, https:\/\/www.studentbostader.se\/app\/uploads\/2021\/10\/irrblosset-tvatt-1500x1000.jpg 1500w\" sizes=\"(max-width: 800px) 100vw, 800px\" \/><figcaption class=\"wp-element-caption\">One of several laundry rooms.<\/figcaption><\/figure>\n\n\n\n<figure class=\"wp-block-image size-puff-bild is-style-default\"><img loading=\"lazy\" decoding=\"async\" width=\"800\" height=\"533\" src=\"https:\/\/www.studentbostader.se\/app\/uploads\/2021\/10\/irrblosset-volleyboll-800x533.jpg\" alt=\"Volleybollplan vid Irrblosset\" class=\"wp-image-4313\" srcset=\"https:\/\/www.studentbostader.se\/app\/uploads\/2021\/10\/irrblosset-volleyboll-800x533.jpg 800w, https:\/\/www.studentbostader.se\/app\/uploads\/2021\/10\/irrblosset-volleyboll-1500x1000.jpg 1500w\" sizes=\"(max-width: 800px) 100vw, 800px\" \/><figcaption class=\"wp-element-caption\">Why not bring your friends and play some volleyball?<\/figcaption><\/figure>\n<\/div>\n<\/div>\n\n\n\n<div class=\"wp-block-media-text alignwide has-media-on-the-right is-stacked-on-mobile\"><div class=\"wp-block-media-text__content\">\n<p class=\"has-large-font-size\">Do you also want to live in Irrblosset?<\/p>\n\n\n\n<p>Would you like to stay in Irrblosset? You can find all vacant homes in Irrblosset under Search for housing.<\/p>\n\n\n\n<div class=\"wp-block-buttons is-layout-flex wp-block-buttons-is-layout-flex\">\n<div class=\"wp-block-button\"><a class=\"wp-block-button__link wp-element-button\" href=\"https:\/\/www.studentbostader.se\/en\/find-apartments\/search-apartments\/?actionId=&amp;omraden=96&amp;egenskaper=&amp;oboTyper=\">search housing<\/a><\/div>\n<\/div>\n<\/div><figure class=\"wp-block-media-text__media\"><img loading=\"lazy\" decoding=\"async\" width=\"800\" height=\"533\" src=\"https:\/\/www.studentbostader.se\/app\/uploads\/2021\/10\/irrblosset-fasad-1-800x533.jpg\" alt=\"Irrblossets fasad och gr\u00f6na innerg\u00e5rd\" class=\"wp-image-4301 size-puff-bild\" srcset=\"https:\/\/www.studentbostader.se\/app\/uploads\/2021\/10\/irrblosset-fasad-1-800x533.jpg 800w, https:\/\/www.studentbostader.se\/app\/uploads\/2021\/10\/irrblosset-fasad-1-1500x1000.jpg 1500w\" sizes=\"(max-width: 800px) 100vw, 800px\" \/><\/figure><\/div>\n\n\n\n<div style=\"height:30px\" aria-hidden=\"true\" class=\"wp-block-spacer\"><\/div>\n\n\n<div class=\"wp-block-index-card alignwide-decor\" >\n  <div class=\"inner my-20\" >\n\n      <h2 class=\"\">Other areas<\/h2>\n        <div class=\"flex flex-wrap lg:-mx-5\" >\n            <div class=\"index-card w-full lg:w-1\/3 lg:px-5 pt-8\">\n        <a href=\"https:\/\/www.studentbostader.se\/en\/find-apartments\/our-areas\/flamman\/\" target=\"\" class=\"index-card-link no-underline hover:underline\">\n          <div class=\"image-container wp-block-cover min-h-72\">\n            <img loading=\"lazy\" decoding=\"async\" width=\"800\" height=\"533\" src=\"https:\/\/www.studentbostader.se\/app\/uploads\/2021\/10\/flamman-vy-800x533.jpg\" class=\"wp-block-cover__image-background\" alt=\"Flamman vybild ovanifr\u00e5n\" srcset=\"https:\/\/www.studentbostader.se\/app\/uploads\/2021\/10\/flamman-vy-800x533.jpg 800w, https:\/\/www.studentbostader.se\/app\/uploads\/2021\/10\/flamman-vy-1500x1000.jpg 1500w\" sizes=\"(max-width: 800px) 100vw, 800px\" \/>\n          <\/div>\n          <div class=\"text-area\">\n                      <h3 class=\"text-2xl underline\">Flamman<\/h3>\n                      <p class=\"\">We offer almost 250 student housing units in the neighbourhood Flamman. Here, student life is in focus and the local pub is an obvious meeting place.<\/p>\n          <\/div>\n        <\/a>\n      <\/div>\n            <div class=\"index-card w-full lg:w-1\/3 lg:px-5 pt-8\">\n        <a href=\"https:\/\/www.studentbostader.se\/en\/find-apartments\/our-areas\/ryd\/\" target=\"\" class=\"index-card-link no-underline hover:underline\">\n          <div class=\"image-container wp-block-cover min-h-72\">\n            <img loading=\"lazy\" decoding=\"async\" width=\"800\" height=\"533\" src=\"https:\/\/www.studentbostader.se\/app\/uploads\/2021\/10\/irrblosset-vy-800x533.jpg\" class=\"wp-block-cover__image-background\" alt=\"Irrblosset vy ovanifr\u00e5n\" srcset=\"https:\/\/www.studentbostader.se\/app\/uploads\/2021\/10\/irrblosset-vy-800x533.jpg 800w, https:\/\/www.studentbostader.se\/app\/uploads\/2021\/10\/irrblosset-vy-1500x1000.jpg 1500w\" sizes=\"(max-width: 800px) 100vw, 800px\" \/>\n          <\/div>\n          <div class=\"text-area\">\n                      <h3 class=\"text-2xl underline\">Ryd<\/h3>\n                      <p class=\"\">If you want to experience real student life, live where it happens and at the same time be close to campus, Ryd is the place for you.<\/p>\n          <\/div>\n        <\/a>\n      <\/div>\n            <div class=\"index-card w-full lg:w-1\/3 lg:px-5 pt-8\">\n        <a href=\"https:\/\/www.studentbostader.se\/en\/find-apartments\/our-areas\/gnistan-in-vallastaden\/\" target=\"\" class=\"index-card-link no-underline hover:underline\">\n          <div class=\"image-container wp-block-cover min-h-72\">\n            <img loading=\"lazy\" decoding=\"async\" width=\"800\" height=\"533\" src=\"https:\/\/www.studentbostader.se\/app\/uploads\/2021\/10\/vallastaden-kollektiv-1-800x533.jpg\" class=\"wp-block-cover__image-background\" alt=\"Gemensam yta i kollektiv\" srcset=\"https:\/\/www.studentbostader.se\/app\/uploads\/2021\/10\/vallastaden-kollektiv-1-800x533.jpg 800w, https:\/\/www.studentbostader.se\/app\/uploads\/2021\/10\/vallastaden-kollektiv-1-1500x1000.jpg 1500w\" sizes=\"(max-width: 800px) 100vw, 800px\" \/>\n          <\/div>\n          <div class=\"text-area\">\n                      <h3 class=\"text-2xl underline\">Gnistan in Vallastaden<\/h3>\n                      <p class=\"\">Vallastaden is a unique district where people, interaction and sustainability are in focus.<\/p>\n          <\/div>\n        <\/a>\n      <\/div>\n          <\/div>\n    \n  <\/div>\n<\/div>\n\n\n\n<p><\/p>\n","protected":false},"excerpt":{"rendered":"<p>Welcome to Irrblosset Irrblosset&nbsp;is perfect for those who want to be close to everything \u2013 five minutes on an illuminated bike path straight through the beautiful&nbsp;Vallaskogen&nbsp;forest and you are right on campus.&nbsp;If you head in the other direction, you will have the University of Health Sciences and central Link\u00f6ping at the same convenient distance.&nbsp;Here you&hellip; <a href=\"https:\/\/www.studentbostader.se\/en\/find-apartments\/our-areas\/irrblosset\/\">Till hela texten<\/a><\/p>\n","protected":false},"author":13,"featured_media":5213,"parent":5543,"menu_order":3,"comment_status":"closed","ping_status":"closed","template":"","meta":{"_acf_changed":false,"_relevanssi_hide_post":"","_relevanssi_hide_content":"","_relevanssi_pin_for_all":"","_relevanssi_pin_keywords":"","_relevanssi_unpin_keywords":"","_relevanssi_related_keywords":"","_relevanssi_related_include_ids":"","_relevanssi_related_exclude_ids":"","_relevanssi_related_no_append":"","_relevanssi_related_not_related":"","_relevanssi_related_posts":"","_relevanssi_noindex_reason":"","footnotes":""},"page_categories":[],"acf":[],"_links":{"self":[{"href":"https:\/\/www.studentbostader.se\/en\/wp-json\/wp\/v2\/pages\/5836"}],"collection":[{"href":"https:\/\/www.studentbostader.se\/en\/wp-json\/wp\/v2\/pages"}],"about":[{"href":"https:\/\/www.studentbostader.se\/en\/wp-json\/wp\/v2\/types\/page"}],"author":[{"embeddable":true,"href":"https:\/\/www.studentbostader.se\/en\/wp-json\/wp\/v2\/users\/13"}],"replies":[{"embeddable":true,"href":"https:\/\/www.studentbostader.se\/en\/wp-json\/wp\/v2\/comments?post=5836"}],"version-history":[{"count":0,"href":"https:\/\/www.studentbostader.se\/en\/wp-json\/wp\/v2\/pages\/5836\/revisions"}],"up":[{"embeddable":true,"href":"https:\/\/www.studentbostader.se\/en\/wp-json\/wp\/v2\/pages\/5543"}],"wp:featuredmedia":[{"embeddable":true,"href":"https:\/\/www.studentbostader.se\/en\/wp-json\/wp\/v2\/media\/5213"}],"wp:attachment":[{"href":"https:\/\/www.studentbostader.se\/en\/wp-json\/wp\/v2\/media?parent=5836"}],"wp:term":[{"taxonomy":"page_categories","embeddable":true,"href":"https:\/\/www.studentbostader.se\/en\/wp-json\/wp\/v2\/page_categories?post=5836"}],"curies":[{"name":"wp","href":"https:\/\/api.w.org\/{rel}","templated":true}]}}