{"id":5890,"date":"2021-10-26T13:17:58","date_gmt":"2021-10-26T11:17:58","guid":{"rendered":"https:\/\/www.studentbostader.se\/?page_id=5890"},"modified":"2026-02-05T10:49:15","modified_gmt":"2026-02-05T09:49:15","slug":"cleaning-when-moving-out","status":"publish","type":"page","link":"https:\/\/www.studentbostader.se\/en\/stay-with-us\/when-you-move-out\/cleaning-when-moving-out\/","title":{"rendered":"Cleaning when moving out"},"content":{"rendered":"<div class=\"wp-block-top-image alignfull top-image alignfull\">\n    <div class=\"top-image-on-mobile\">\n        <img loading=\"lazy\" decoding=\"async\" width=\"1024\" height=\"768\" src=\"https:\/\/www.studentbostader.se\/app\/uploads\/2021\/10\/irrblosset-interior2-1024x768.jpg\" class=\"attachment-top-image-mobile size-top-image-mobile\" alt=\"\" \/>\n    <\/div>\n    <div class=\"top-image-on-desktop\">\n        <img loading=\"lazy\" decoding=\"async\" width=\"1600\" height=\"500\" src=\"https:\/\/www.studentbostader.se\/app\/uploads\/2021\/10\/irrblosset-interior2-1600x500.jpg\" class=\"attachment-top-image-desktop size-top-image-desktop\" alt=\"\" \/>\n    <\/div>\n<\/div>\n\n\n<h1 class=\"wp-block-heading\">Cleaning when moving out<\/h1>\n\n\n\n<p class=\"has-lead-font-size\">You have to clean your home when moving out. <\/p>\n\n\n\n<h2 class=\"wp-block-heading\">Cleaning the kitchen<\/h2>\n\n\n\n<ul>\n<li>Clean the outside and inside of the stove. Pull the stove out from the wall and clean the walls, floor and the sides. Do not forget to clean the oven plates and grilles. Also clean the oven, fan and fan filter. Sometimes it is good to give the stove a good dose of detergent so it is easier to clean it the day after.<\/li>\n\n\n\n<li>Defrost the freezer but do not try to remove the ice by force. A tip is to put a pot of hot water in the freezer so the ice melts faster. Remember to put an oven plate or something simial underneath the freezer to catch the water. Use the drain plug to direct the water. Do not leave the freezer unattended. Wipe it clean after you are done and leave the door open to ventilate.<\/li>\n\n\n\n<li>A proper cleaning of the sink and cutting board is needed. Wash and dry the cabinets inside and out. Do not forget the tile and remove any custom set up decor. Wipe floors, walls and ceilings.<\/li>\n<\/ul>\n\n\n\n<h2 class=\"wp-block-heading\">Bathroom cleaning<\/h2>\n\n\n\n<ul>\n<li>The toilet seat must be cleaned on the inside, outside and in the bend. Use a mild detergent on the sink. Do not forget to clean the underside of the sink and the pipe.<\/li>\n\n\n\n<li>Use mild detergent for the shower or bathtub. if you have a bathtub, remove the frond of the bathtub and clean underneath. Scrub the walls and floor. Remember to clean the floor drain.<\/li>\n<\/ul>\n\n\n\n<h2 class=\"wp-block-heading\">Cleaning of other rooms<\/h2>\n\n\n\n<ul>\n<li>Wipe the windows\u2013 on the outside, inside and in between. Clean carpentry, blinds and elements. It tends to be really dirty behind them. You wipe floors and molding, as well as interior doors (do not forget the top edge).<\/li>\n\n\n\n<li>Clean out cupboards and closets. Wipe shelves and trays, electrical outlets and switches. Finish with walls and ceilings.<\/li>\n<\/ul>\n\n\n\n<h2 class=\"wp-block-heading\">Checklist when moving out<\/h2>\n\n\n<div class=\"wp-block-accordion mb-10\">\n\n    <div class=\"accordion\">\n        \n                                <div x-data=\"{ isOpen: false }\" class=\"mb-8\">\n                <button class=\"accordionhead\" id=\"btn-accordion-block_d4381dac2022c1a562228994377139f3-0\" aria-controls=\"accordion-block_d4381dac2022c1a562228994377139f3-0\" :aria-expanded=\"isOpen ? 'true' : 'false'\" @click=\"isOpen = !isOpen\">\n                    Kitchen\n                <\/button>                   \n                <div class=\"accordionbody\" id=\"accordion-block_d4381dac2022c1a562228994377139f3-0\" aria-labelledby=\"btn-accordion-block_d4381dac2022c1a562228994377139f3-0\" role=\"region\">\n                    <ul>\n<li>Ceiling<\/li>\n<li>Walls<\/li>\n<li>Window pane, sill and frame<\/li>\n<li>Radiator<\/li>\n<li>Air vent<\/li>\n<li>Lighting fixtures<\/li>\n<li>Power sockets<\/li>\n<li>Switches<\/li>\n<li>Door and doorframe<\/li>\n<li>Door step<\/li>\n<li>Refrigerator and freezer &#8211; inside, outside and behind<\/li>\n<li>Extractor hood<\/li>\n<li>Stove\u2013 inside, outside and behind it.<\/li>\n<li>Oven, oven trays and racks.<\/li>\n<li>Cupboards \u2013 top and bottom, inside and outside<\/li>\n<li>Drawers<\/li>\n<li>Spice rack<\/li>\n<li>Chopping board<\/li>\n<li>Counter<\/li>\n<li>Floor and skirting<\/li>\n<\/ul>\n\n                <\/div>\n            <\/div>\n                                <div x-data=\"{ isOpen: false }\" class=\"mb-8\">\n                <button class=\"accordionhead\" id=\"btn-accordion-block_d4381dac2022c1a562228994377139f3-1\" aria-controls=\"accordion-block_d4381dac2022c1a562228994377139f3-1\" :aria-expanded=\"isOpen ? 'true' : 'false'\" @click=\"isOpen = !isOpen\">\n                    Bathroom\n                <\/button>                   \n                <div class=\"accordionbody\" id=\"accordion-block_d4381dac2022c1a562228994377139f3-1\" aria-labelledby=\"btn-accordion-block_d4381dac2022c1a562228994377139f3-1\" role=\"region\">\n                    <ul>\n<li>Ceiling<\/li>\n<li>Walls<\/li>\n<li>Lighting fixtures<\/li>\n<li>Bathroom cabinet<\/li>\n<li>Vents<\/li>\n<li>Mirror<\/li>\n<li>Bathtub\u2013 under, behind and pipes<\/li>\n<li>Toilet<\/li>\n<li>Basin and pipes<\/li>\n<li>Door<\/li>\n<li>Door frame<\/li>\n<li>Floor drain<\/li>\n<li>Floors<\/li>\n<\/ul>\n\n                <\/div>\n            <\/div>\n                                <div x-data=\"{ isOpen: false }\" class=\"mb-8\">\n                <button class=\"accordionhead\" id=\"btn-accordion-block_d4381dac2022c1a562228994377139f3-2\" aria-controls=\"accordion-block_d4381dac2022c1a562228994377139f3-2\" :aria-expanded=\"isOpen ? 'true' : 'false'\" @click=\"isOpen = !isOpen\">\n                    Room\n                <\/button>                   \n                <div class=\"accordionbody\" id=\"accordion-block_d4381dac2022c1a562228994377139f3-2\" aria-labelledby=\"btn-accordion-block_d4381dac2022c1a562228994377139f3-2\" role=\"region\">\n                    <ul>\n<li>Ceiling<\/li>\n<li>Walls<\/li>\n<li>Window frame<\/li>\n<li>Window panes<\/li>\n<li>Window sill<\/li>\n<li>Radiator<\/li>\n<li>Air vent<\/li>\n<li>Lighting fixtures<\/li>\n<li>Power sockets<\/li>\n<li>Wardrobes &#8211; inside and out<\/li>\n<li>Door frames<\/li>\n<li>Doors<\/li>\n<li>Door steps<\/li>\n<li>Floors and skirting<\/li>\n<\/ul>\n\n                <\/div>\n            <\/div>\n                                <div x-data=\"{ isOpen: false }\" class=\"mb-8\">\n                <button class=\"accordionhead\" id=\"btn-accordion-block_d4381dac2022c1a562228994377139f3-3\" aria-controls=\"accordion-block_d4381dac2022c1a562228994377139f3-3\" :aria-expanded=\"isOpen ? 'true' : 'false'\" @click=\"isOpen = !isOpen\">\n                    Other areas\n                <\/button>                   \n                <div class=\"accordionbody\" id=\"accordion-block_d4381dac2022c1a562228994377139f3-3\" aria-labelledby=\"btn-accordion-block_d4381dac2022c1a562228994377139f3-3\" role=\"region\">\n                    <ul>\n<li>Storage room<\/li>\n<li>Part of the shared kitchen area<\/li>\n<li>Don&#8217;t forget to put all rented furniture back into the room.<\/li>\n<\/ul>\n\n                <\/div>\n            <\/div>\n        \n    <\/div>\n\n<\/div>\n\n\n<h3 class=\"wp-block-heading\">Your cost if the apartment is not cleaned<\/h3>\n\n\n\n<p>Doormroom: 3100 kr<br>1 room ap: 3500 kr<br>2 room ap: 4800 kr<br>3 room ap: 6200 kr<\/p>\n\n\n\n<h2 class=\"wp-block-heading\">Discount on Move-Out Cleaning<\/h2>\n\n\n\n<p>As a tenant, you have the opportunity to book move-out cleaning at a discounted price. You get a discount with both Coor and Nils Flyttst\u00e4d. To receive the discount, you need to show your rent invoice as proof that you are a tenant.<\/p>\n\n\n\n<h4 class=\"wp-block-heading\">15% Discount with Coor<\/h4>\n\n\n\n<p>Book via email:&nbsp;<a href=\"mailto:svetlana.milotic@coor.com\" target=\"_blank\" rel=\"noreferrer noopener\">svetlana.milotic@coor.com<\/a><br>Phone: +46 76 051 77 64<\/p>\n\n\n\n<p><strong>Prices:<\/strong><br>The discount is already deducted in the price list.<br><a href=\"https:\/\/www.studentbostader.se\/app\/uploads\/2025\/06\/flyttstad-coor.jpg\">See prices at Coor<\/a><\/p>\n\n\n\n<h4 class=\"wp-block-heading\">15% Discount with Nils Flyttst\u00e4d<\/h4>\n\n\n\n<p>Book via email:&nbsp;<a href=\"mailto:info@nilsflyttstad.se\" target=\"_blank\" rel=\"noreferrer noopener\">info@nilsflyttstad.se<\/a><br>Phone: +46 723 13 60 47<\/p>\n\n\n\n<p><strong>Prices:<\/strong><br>The discount is not deducted \u2013 you need to subtract 15% from the price list yourself to see the final price.<br><a href=\"http:\/\/nilsflyttstad.se\/priser\">See prices at Nils Flyttst\u00e4d<\/a><\/p>\n\n\n\n<div style=\"height:40px\" aria-hidden=\"true\" class=\"wp-block-spacer\"><\/div>\n\n\n<div class=\"wp-block-index-card alignwide-decor\" >\n  <div class=\"inner my-20\" >\n\n      <h2 class=\"\">More reading about staying with us<\/h2>\n        <div class=\"flex flex-wrap lg:-mx-5\" >\n            <div class=\"index-card w-full lg:w-1\/3 lg:px-5 pt-8\">\n        <a href=\"https:\/\/www.studentbostader.se\/en\/stay-with-us\/when-you-move-out\/moving-out\/\" target=\"\" class=\"index-card-link no-underline hover:underline\">\n          <div class=\"image-container wp-block-cover min-h-72\">\n            <img loading=\"lazy\" decoding=\"async\" width=\"800\" height=\"533\" src=\"https:\/\/www.studentbostader.se\/app\/uploads\/2021\/10\/flamman-exterior-1-800x533.jpg\" class=\"wp-block-cover__image-background\" alt=\"Tr\u00e4d och innerg\u00e5rd p\u00e5 Flamman\" srcset=\"https:\/\/www.studentbostader.se\/app\/uploads\/2021\/10\/flamman-exterior-1-800x533.jpg 800w, https:\/\/www.studentbostader.se\/app\/uploads\/2021\/10\/flamman-exterior-1-1500x1000.jpg 1500w\" sizes=\"(max-width: 800px) 100vw, 800px\" \/>\n          <\/div>\n          <div class=\"text-area\">\n                      <h3 class=\"text-2xl underline\">Moving out<\/h3>\n                      <p class=\"\">Here you can read a guide for you who will move out.<\/p>\n          <\/div>\n        <\/a>\n      <\/div>\n            <div class=\"index-card w-full lg:w-1\/3 lg:px-5 pt-8\">\n        <a href=\"https:\/\/www.studentbostader.se\/en\/stay-with-us\/during-your-stay\/subletting-your-home\/\" target=\"\" class=\"index-card-link no-underline hover:underline\">\n          <div class=\"image-container wp-block-cover min-h-72\">\n            <img loading=\"lazy\" decoding=\"async\" width=\"800\" height=\"533\" src=\"https:\/\/www.studentbostader.se\/app\/uploads\/2021\/10\/studenttvaan-vallastaden-800x533.jpg\" class=\"wp-block-cover__image-background\" alt=\"k\u00f6k i studenttv\u00e5an i Vallastaden\" srcset=\"https:\/\/www.studentbostader.se\/app\/uploads\/2021\/10\/studenttvaan-vallastaden-800x533.jpg 800w, https:\/\/www.studentbostader.se\/app\/uploads\/2021\/10\/studenttvaan-vallastaden-1500x1000.jpg 1500w\" sizes=\"(max-width: 800px) 100vw, 800px\" \/>\n          <\/div>\n          <div class=\"text-area\">\n                      <h3 class=\"text-2xl underline\">Subletting<\/h3>\n                      <p class=\"\">You can apply for subletting your home. Read more about how it works.<\/p>\n          <\/div>\n        <\/a>\n      <\/div>\n            <div class=\"index-card w-full lg:w-1\/3 lg:px-5 pt-8\">\n        <a href=\"https:\/\/www.studentbostader.se\/en\/stay-with-us\/during-your-stay\/take-care-of-your-home\/\" target=\"\" class=\"index-card-link no-underline hover:underline\">\n          <div class=\"image-container wp-block-cover min-h-72\">\n            <img loading=\"lazy\" decoding=\"async\" width=\"800\" height=\"533\" src=\"https:\/\/www.studentbostader.se\/app\/uploads\/2021\/10\/insikten-interior-lambohov-1-1-800x533.jpg\" class=\"wp-block-cover__image-background\" alt=\"k\u00f6k i studentl\u00e4genhet i Insikten\" srcset=\"https:\/\/www.studentbostader.se\/app\/uploads\/2021\/10\/insikten-interior-lambohov-1-1-800x533.jpg 800w, https:\/\/www.studentbostader.se\/app\/uploads\/2021\/10\/insikten-interior-lambohov-1-1-1500x1000.jpg 1500w\" sizes=\"(max-width: 800px) 100vw, 800px\" \/>\n          <\/div>\n          <div class=\"text-area\">\n                      <h3 class=\"text-2xl underline\">Tale care of your home<\/h3>\n                      <p class=\"\">You can apply for subletting your home. Read more about how it works.<\/p>\n          <\/div>\n        <\/a>\n      <\/div>\n          <\/div>\n    \n  <\/div>\n<\/div>\n","protected":false},"excerpt":{"rendered":"<p>Cleaning when moving out You have to clean your home when moving out. Cleaning the kitchen Bathroom cleaning Cleaning of other rooms Checklist when moving out Your cost if the apartment is not cleaned Doormroom: 3100 kr1 room ap: 3500 kr2 room ap: 4800 kr3 room ap: 6200 kr Discount on Move-Out Cleaning As a&hellip; <a href=\"https:\/\/www.studentbostader.se\/en\/stay-with-us\/when-you-move-out\/cleaning-when-moving-out\/\">Till hela texten<\/a><\/p>\n","protected":false},"author":13,"featured_media":5222,"parent":5685,"menu_order":0,"comment_status":"closed","ping_status":"closed","template":"","meta":{"_acf_changed":true,"_relevanssi_hide_post":"","_relevanssi_hide_content":"","_relevanssi_pin_for_all":"","_relevanssi_pin_keywords":"","_relevanssi_unpin_keywords":"","_relevanssi_related_keywords":"","_relevanssi_related_include_ids":"","_relevanssi_related_exclude_ids":"","_relevanssi_related_no_append":"","_relevanssi_related_not_related":"","_relevanssi_related_posts":"","_relevanssi_noindex_reason":"","footnotes":""},"page_categories":[],"acf":[],"_links":{"self":[{"href":"https:\/\/www.studentbostader.se\/en\/wp-json\/wp\/v2\/pages\/5890"}],"collection":[{"href":"https:\/\/www.studentbostader.se\/en\/wp-json\/wp\/v2\/pages"}],"about":[{"href":"https:\/\/www.studentbostader.se\/en\/wp-json\/wp\/v2\/types\/page"}],"author":[{"embeddable":true,"href":"https:\/\/www.studentbostader.se\/en\/wp-json\/wp\/v2\/users\/13"}],"replies":[{"embeddable":true,"href":"https:\/\/www.studentbostader.se\/en\/wp-json\/wp\/v2\/comments?post=5890"}],"version-history":[{"count":0,"href":"https:\/\/www.studentbostader.se\/en\/wp-json\/wp\/v2\/pages\/5890\/revisions"}],"up":[{"embeddable":true,"href":"https:\/\/www.studentbostader.se\/en\/wp-json\/wp\/v2\/pages\/5685"}],"wp:featuredmedia":[{"embeddable":true,"href":"https:\/\/www.studentbostader.se\/en\/wp-json\/wp\/v2\/media\/5222"}],"wp:attachment":[{"href":"https:\/\/www.studentbostader.se\/en\/wp-json\/wp\/v2\/media?parent=5890"}],"wp:term":[{"taxonomy":"page_categories","embeddable":true,"href":"https:\/\/www.studentbostader.se\/en\/wp-json\/wp\/v2\/page_categories?post=5890"}],"curies":[{"name":"wp","href":"https:\/\/api.w.org\/{rel}","templated":true}]}}