{"id":5985,"date":"2021-10-26T13:39:53","date_gmt":"2021-10-26T11:39:53","guid":{"rendered":"https:\/\/www.studentbostader.se\/?page_id=5985"},"modified":"2026-04-23T14:05:29","modified_gmt":"2026-04-23T12:05:29","slug":"moving-out","status":"publish","type":"page","link":"https:\/\/www.studentbostader.se\/en\/stay-with-us\/when-you-move-out\/moving-out\/","title":{"rendered":"Moving out"},"content":{"rendered":"<div class=\"wp-block-top-image top-image alignfull\">\n    <div class=\"top-image-on-mobile\">\n        <img loading=\"lazy\" decoding=\"async\" width=\"1024\" height=\"768\" src=\"https:\/\/www.studentbostader.se\/app\/uploads\/2021\/10\/flamman-exterior-1-1024x768.jpg\" class=\"attachment-top-image-mobile size-top-image-mobile\" alt=\"tr\u00e4d och innerg\u00e5rd p\u00e5 Flamman\" \/>\n    <\/div>\n    <div class=\"top-image-on-desktop\">\n        <img loading=\"lazy\" decoding=\"async\" width=\"1600\" height=\"500\" src=\"https:\/\/www.studentbostader.se\/app\/uploads\/2021\/10\/flamman-exterior-1-1600x500.jpg\" class=\"attachment-top-image-desktop size-top-image-desktop\" alt=\"tr\u00e4d och innerg\u00e5rd p\u00e5 Flamman\" \/>\n    <\/div>\n<\/div>\n\n\n<h1 class=\"wp-block-heading\">Moving out<\/h1>\n\n\n\n<p class=\"has-lead-font-size\">There is&nbsp;a lot to think about when you are moving out of your home, such as registering a change of address, mail forwarding, handling of keys and cleaning.&nbsp;Here is&nbsp;a checklist that to help you keep track of the most important things.&nbsp;<\/p>\n\n\n\n<h2 class=\"wp-block-heading\">Notice of termination<\/h2>\n\n\n\n<p>The notice period is stated in the contract, which you can see on My Pages.<\/p>\n\n\n\n<p>You can easily cancel your contract digital with draw signature or BankID on My pages.<\/p>\n\n\n\n<h2 class=\"wp-block-heading\">Change of address<\/h2>\n\n\n\n<p>When you change residences, it is important to submit a moving notification to the <a href=\"https:\/\/skatteverket.se\/servicelankar\/otherlanguages\/inenglish\/individualsandemployees\/reportingachangeofaddress.4.5c1163881590be297b51920b.html\" target=\"_blank\" rel=\"noreferrer noopener\">Swedish Tax Agency<\/a>\u200b\u202fn order for&nbsp;mail from public agencies to arrive at your new address.&nbsp;You must provide notification of a change of address to e.g., insurance companies, banks, associations and friends.&nbsp;<\/p>\n\n\n\n<h2 class=\"wp-block-heading\">Inspection<\/h2>\n\n\n\n<p>After you have terminated your contract, we arrange an inspection of your home,&nbsp;some&nbsp;time&nbsp;during the last two weeks when you are still living there.&nbsp;At that time, we will inspect the condition of the object and any damage that has occurred.&nbsp;We can carry out the inspection even if you are not at home, but if you want to take part in the inspection, and the time is not appropriate, you must contact your inspector. If you do not know who will perform the inspection, kindly reach out to the contact person in your area, send us an e-mail or chat with us.&nbsp;<\/p>\n\n\n\n<h2 class=\"wp-block-heading\">Vacating early<\/h2>\n\n\n\n<p>If you wish to leave the apartment to the next tenant earlier than the scheduled move-in date, you will have to inform us that you will.&nbsp;You can also give one key the next tenant by hand,&nbsp;but the other must be left in to <a href=\"https:\/\/www.google.com\/maps\/place\/St%C3%A5ng%C3%A5staden\/@58.4226401,15.6129254,15.46z\/data=!4m5!3m4!1s0x46596f33f72237bd:0xb10b23f823cc0526!8m2!3d58.4219784!4d15.6159687\">St\u00e5ng\u00e5stadens office (Tornbyv\u00e4gen 1)<\/a>&nbsp;<\/p>\n\n\n\n<h2 class=\"wp-block-heading\">Cleaning<\/h2>\n\n\n\n<p>When cleaning the apartment, you must be thorough, and you should expect it to take longer than you think.&nbsp;If you are unsure, review the <a href=\"https:\/\/www.studentbostader.se\/en\/stay-with-us\/when-you-move-out\/cleaning-when-moving-out\/\">checklist<\/a> or contact your Customer Manager.&nbsp;The person who is going to move in after you has the right to enter a well-cleaned apartment, and it is your responsibility to ensure that this is the case, no matter what the condition of the residence was when you moved in.&nbsp;If the apartment is not properly cleaned, you have to pay for a cleaning service.&nbsp;<\/p>\n\n\n\n<h3 class=\"wp-block-heading\">Your cost if the apartment is not cleaned<\/h3>\n\n\n\n<p>Doormroom: 3100 kr<br>1 room ap: 3500 kr<br>2 room ap: 4800 kr<br>3 room ap: 6200 kr<\/p>\n\n\n\n<h3 class=\"wp-block-heading\">Discount on Move-Out Cleaning<\/h3>\n\n\n\n<p>As a tenant, you have the opportunity to book move-out cleaning at a discounted price. You get a discount with both Coor and Nils Flyttst\u00e4d. To receive the discount, you need to show your rent invoice as proof that you are a tenant.<\/p>\n\n\n\n<h4 class=\"wp-block-heading\">15% Discount with Coor<\/h4>\n\n\n\n<p>Book via email:&nbsp;<a href=\"mailto:svetlana.milotic@coor.com\" target=\"_blank\" rel=\"noreferrer noopener\">svetlana.milotic@coor.com<\/a><br>Phone: +46 76 051 77 64<\/p>\n\n\n\n<p><strong>Prices:<\/strong><br>The discount is already deducted in the price list.<br><a href=\"https:\/\/www.studentbostader.se\/app\/uploads\/2025\/06\/flyttstad-coor.jpg\">See prices at Coor<\/a><\/p>\n\n\n\n<h4 class=\"wp-block-heading\">15% Discount with Nils Flyttst\u00e4d<\/h4>\n\n\n\n<p>Book via email:&nbsp;<a href=\"mailto:info@nilsflyttstad.se\" target=\"_blank\" rel=\"noreferrer noopener\">info@nilsflyttstad.se<\/a><br>Phone: +46 723 13 60 47<\/p>\n\n\n\n<p><strong>Prices:<\/strong><br>The discount is not deducted \u2013 you need to subtract 15% from the price list yourself to see the final price.<br><a href=\"http:\/\/nilsflyttstad.se\/priser\">See prices at Nils Flyttst\u00e4d<\/a><\/p>\n\n\n\n<h2 class=\"wp-block-heading\">Showing<\/h2>\n\n\n\n<p>As a tenant, you are obligated to show your flat to the next possible tenant during your period of notice.&nbsp;<\/p>\n\n\n\n<h2 class=\"wp-block-heading\">Finally<\/h2>\n\n\n\n<p>Pick up a parking permit at [hg], so you can park your car outside the house while carrying your stuff out.<br>You should be ready to leave the apartment and return the keys, no later than 12.00 p.m. on the first working day after your rental period has expired, <a href=\"https:\/\/www.studentbostader.se\/en\/find-apartments\/how-to-apply\/rules-of-applying\/\">see excerpts from Swedish Housing Act here<\/a>.&nbsp;Take an extra look at the apartment before locking the doors, and make sure all windows are closed.<\/p>\n\n\n\n<h2 class=\"wp-block-heading\">FAQ<\/h2>\n\n\n<div class=\"wp-block-accordion mb-10\">\n\n    <div class=\"accordion\">\n        \n                                <div x-data=\"{ isOpen: false }\" class=\"mb-8\">\n                <button class=\"accordionhead\" id=\"btn-accordion-block_17177e00921acee2acc76c86dab1d9b1-0\" aria-controls=\"accordion-block_17177e00921acee2acc76c86dab1d9b1-0\" :aria-expanded=\"isOpen ? 'true' : 'false'\" @click=\"isOpen = !isOpen\">\n                    Can I transfer my queue points from Studentbost\u00e4der to St\u00e5ng\u00e5staden?\n                <\/button>                   \n                <div class=\"accordionbody\" id=\"accordion-block_17177e00921acee2acc76c86dab1d9b1-0\" aria-labelledby=\"btn-accordion-block_17177e00921acee2acc76c86dab1d9b1-0\" role=\"region\">\n                    <p>If you have an active rental agreement (the rental agreement has not been terminated) with Studentbost\u00e4der, you can credit yourself with the queue time from Studentbost\u00e4der to St\u00e5ng\u00e5staden. Contact St\u00e5ng\u00e5staden, 013-20 85 00, to get these points.<\/p>\n<p>If your queue date at St\u00e5ng\u00e5staden is older than your most recent move-in date, the queue point will not be affected.<\/p>\n<p>Regardless of whether you are registered with both St\u00e5ng\u00e5staden and Studentbost\u00e4der, each queue day is one point and the points cannot be added together.<\/p>\n\n                <\/div>\n            <\/div>\n        \n    <\/div>\n\n<\/div>\n\n<div class=\"wp-block-accordion mb-10\">\n\n    <div class=\"accordion\">\n        \n                                <div x-data=\"{ isOpen: false }\" class=\"mb-8\">\n                <button class=\"accordionhead\" id=\"btn-accordion-block_310a78a1e6d379dc84c6cafda76f34b9-0\" aria-controls=\"accordion-block_310a78a1e6d379dc84c6cafda76f34b9-0\" :aria-expanded=\"isOpen ? 'true' : 'false'\" @click=\"isOpen = !isOpen\">\n                    What is my notice period?\n                <\/button>                   \n                <div class=\"accordionbody\" id=\"accordion-block_310a78a1e6d379dc84c6cafda76f34b9-0\" aria-labelledby=\"btn-accordion-block_310a78a1e6d379dc84c6cafda76f34b9-0\" role=\"region\">\n                    <p>The notice period is stated in the contract, which you can see on My Pages.<\/p>\n<p>You can easily cancel your contract digital with draw signature or BankID on My pages.<\/p>\n\n                <\/div>\n            <\/div>\n                                <div x-data=\"{ isOpen: false }\" class=\"mb-8\">\n                <button class=\"accordionhead\" id=\"btn-accordion-block_310a78a1e6d379dc84c6cafda76f34b9-1\" aria-controls=\"accordion-block_310a78a1e6d379dc84c6cafda76f34b9-1\" :aria-expanded=\"isOpen ? 'true' : 'false'\" @click=\"isOpen = !isOpen\">\n                    What if my moving date is on a weekend or a public holiday?\n                <\/button>                   \n                <div class=\"accordionbody\" id=\"accordion-block_310a78a1e6d379dc84c6cafda76f34b9-1\" aria-labelledby=\"btn-accordion-block_310a78a1e6d379dc84c6cafda76f34b9-1\" role=\"region\">\n                    <p>If your moving out date is on a weekend or on a public holiday, you are asked to hand in your keys by no later than 12 noon on the next working day.<\/p>\n\n                <\/div>\n            <\/div>\n                                <div x-data=\"{ isOpen: false }\" class=\"mb-8\">\n                <button class=\"accordionhead\" id=\"btn-accordion-block_310a78a1e6d379dc84c6cafda76f34b9-2\" aria-controls=\"accordion-block_310a78a1e6d379dc84c6cafda76f34b9-2\" :aria-expanded=\"isOpen ? 'true' : 'false'\" @click=\"isOpen = !isOpen\">\n                    Can someone else hand in my keys?\n                <\/button>                   \n                <div class=\"accordionbody\" id=\"accordion-block_310a78a1e6d379dc84c6cafda76f34b9-2\" aria-labelledby=\"btn-accordion-block_310a78a1e6d379dc84c6cafda76f34b9-2\" role=\"region\">\n                    <p>Yes, that&#8217;s fine. Returning keys does not have to be done in person, but you have the responsibility to make sure they are returned on time.<\/p>\n\n                <\/div>\n            <\/div>\n        \n    <\/div>\n\n<\/div>\n\n<div class=\"wp-block-index-card alignwide-decor\" >\n  <div class=\"inner my-20\" >\n\n      <h2 class=\"\">More reading about staying with us<\/h2>\n        <div class=\"flex flex-wrap lg:-mx-5\" >\n            <div class=\"index-card w-full lg:w-1\/3 lg:px-5 pt-8\">\n        <a href=\"https:\/\/www.studentbostader.se\/en\/stay-with-us\/when-you-move-out\/cleaning-when-moving-out\/\" target=\"\" class=\"index-card-link no-underline hover:underline\">\n          <div class=\"image-container wp-block-cover min-h-72\">\n            <img loading=\"lazy\" decoding=\"async\" width=\"800\" height=\"533\" src=\"https:\/\/www.studentbostader.se\/app\/uploads\/2021\/10\/irrblosset-interior2-800x533.jpg\" class=\"wp-block-cover__image-background\" alt=\"\" srcset=\"https:\/\/www.studentbostader.se\/app\/uploads\/2021\/10\/irrblosset-interior2-800x533.jpg 800w, https:\/\/www.studentbostader.se\/app\/uploads\/2021\/10\/irrblosset-interior2-1500x1000.jpg 1500w\" sizes=\"(max-width: 800px) 100vw, 800px\" \/>\n          <\/div>\n          <div class=\"text-area\">\n                      <h3 class=\"text-2xl underline\">Cleaning when moving out<\/h3>\n                      <p class=\"\">When you move out, you need to clean the entire home so it will be clean and tidy for the next tenant. Here is a checklist!<\/p>\n          <\/div>\n        <\/a>\n      <\/div>\n            <div class=\"index-card w-full lg:w-1\/3 lg:px-5 pt-8\">\n        <a href=\"https:\/\/www.studentbostader.se\/en\/stay-with-us\/during-your-stay\/subletting-your-home\/\" target=\"\" class=\"index-card-link no-underline hover:underline\">\n          <div class=\"image-container wp-block-cover min-h-72\">\n            <img loading=\"lazy\" decoding=\"async\" width=\"800\" height=\"533\" src=\"https:\/\/www.studentbostader.se\/app\/uploads\/2021\/10\/studenttvaan-vallastaden-800x533.jpg\" class=\"wp-block-cover__image-background\" alt=\"k\u00f6k i studenttv\u00e5an i Vallastaden\" srcset=\"https:\/\/www.studentbostader.se\/app\/uploads\/2021\/10\/studenttvaan-vallastaden-800x533.jpg 800w, https:\/\/www.studentbostader.se\/app\/uploads\/2021\/10\/studenttvaan-vallastaden-1500x1000.jpg 1500w\" sizes=\"(max-width: 800px) 100vw, 800px\" \/>\n          <\/div>\n          <div class=\"text-area\">\n                      <h3 class=\"text-2xl underline\">Subletting<\/h3>\n                      <p class=\"\">You can apply for subletting your home. Read more about how it works.<\/p>\n          <\/div>\n        <\/a>\n      <\/div>\n            <div class=\"index-card w-full lg:w-1\/3 lg:px-5 pt-8\">\n        <a href=\"https:\/\/www.studentbostader.se\/en\/stay-with-us\/during-your-stay\/take-care-of-your-home\/\" target=\"\" class=\"index-card-link no-underline hover:underline\">\n          <div class=\"image-container wp-block-cover min-h-72\">\n            <img loading=\"lazy\" decoding=\"async\" width=\"800\" height=\"533\" src=\"https:\/\/www.studentbostader.se\/app\/uploads\/2021\/10\/insikten-interior-lambohov-1-1-800x533.jpg\" class=\"wp-block-cover__image-background\" alt=\"k\u00f6k i studentl\u00e4genhet i Insikten\" srcset=\"https:\/\/www.studentbostader.se\/app\/uploads\/2021\/10\/insikten-interior-lambohov-1-1-800x533.jpg 800w, https:\/\/www.studentbostader.se\/app\/uploads\/2021\/10\/insikten-interior-lambohov-1-1-1500x1000.jpg 1500w\" sizes=\"(max-width: 800px) 100vw, 800px\" \/>\n          <\/div>\n          <div class=\"text-area\">\n                      <h3 class=\"text-2xl underline\">Tale care of your home<\/h3>\n                      <p class=\"\">You can apply for subletting your home. Read more about how it works.<\/p>\n          <\/div>\n        <\/a>\n      <\/div>\n          <\/div>\n    \n  <\/div>\n<\/div>\n","protected":false},"excerpt":{"rendered":"<p>Moving out There is&nbsp;a lot to think about when you are moving out of your home, such as registering a change of address, mail forwarding, handling of keys and cleaning.&nbsp;Here is&nbsp;a checklist that to help you keep track of the most important things.&nbsp; Notice of termination The notice period is stated in the contract, which&hellip; <a href=\"https:\/\/www.studentbostader.se\/en\/stay-with-us\/when-you-move-out\/moving-out\/\">Till hela texten<\/a><\/p>\n","protected":false},"author":13,"featured_media":4318,"parent":5685,"menu_order":1,"comment_status":"closed","ping_status":"closed","template":"","meta":{"_acf_changed":true,"_relevanssi_hide_post":"","_relevanssi_hide_content":"","_relevanssi_pin_for_all":"","_relevanssi_pin_keywords":"","_relevanssi_unpin_keywords":"","_relevanssi_related_keywords":"","_relevanssi_related_include_ids":"","_relevanssi_related_exclude_ids":"","_relevanssi_related_no_append":"","_relevanssi_related_not_related":"","_relevanssi_related_posts":"","_relevanssi_noindex_reason":"","footnotes":""},"page_categories":[],"acf":[],"_links":{"self":[{"href":"https:\/\/www.studentbostader.se\/en\/wp-json\/wp\/v2\/pages\/5985"}],"collection":[{"href":"https:\/\/www.studentbostader.se\/en\/wp-json\/wp\/v2\/pages"}],"about":[{"href":"https:\/\/www.studentbostader.se\/en\/wp-json\/wp\/v2\/types\/page"}],"author":[{"embeddable":true,"href":"https:\/\/www.studentbostader.se\/en\/wp-json\/wp\/v2\/users\/13"}],"replies":[{"embeddable":true,"href":"https:\/\/www.studentbostader.se\/en\/wp-json\/wp\/v2\/comments?post=5985"}],"version-history":[{"count":0,"href":"https:\/\/www.studentbostader.se\/en\/wp-json\/wp\/v2\/pages\/5985\/revisions"}],"up":[{"embeddable":true,"href":"https:\/\/www.studentbostader.se\/en\/wp-json\/wp\/v2\/pages\/5685"}],"wp:featuredmedia":[{"embeddable":true,"href":"https:\/\/www.studentbostader.se\/en\/wp-json\/wp\/v2\/media\/4318"}],"wp:attachment":[{"href":"https:\/\/www.studentbostader.se\/en\/wp-json\/wp\/v2\/media?parent=5985"}],"wp:term":[{"taxonomy":"page_categories","embeddable":true,"href":"https:\/\/www.studentbostader.se\/en\/wp-json\/wp\/v2\/page_categories?post=5985"}],"curies":[{"name":"wp","href":"https:\/\/api.w.org\/{rel}","templated":true}]}}