{"id":6100,"date":"2021-10-26T14:24:25","date_gmt":"2021-10-26T12:24:25","guid":{"rendered":"https:\/\/www.studentbostader.se\/?page_id=6100"},"modified":"2026-02-03T15:47:37","modified_gmt":"2026-02-03T14:47:37","slug":"about-studentbostader","status":"publish","type":"page","link":"https:\/\/www.studentbostader.se\/en\/about-us\/about-studentbostader\/","title":{"rendered":"About Studentbost\u00e4der"},"content":{"rendered":"<div class=\"wp-block-top-image top-image alignfull\">\n    <div class=\"top-image-on-mobile\">\n        <img loading=\"lazy\" decoding=\"async\" width=\"1024\" height=\"768\" src=\"https:\/\/www.studentbostader.se\/app\/uploads\/2021\/10\/irrblosset-vy-1024x768.jpg\" class=\"attachment-top-image-mobile size-top-image-mobile\" alt=\"Irrblosset vy ovanifr\u00e5n\" \/>\n    <\/div>\n    <div class=\"top-image-on-desktop\">\n        <img loading=\"lazy\" decoding=\"async\" width=\"1600\" height=\"500\" src=\"https:\/\/www.studentbostader.se\/app\/uploads\/2021\/10\/irrblosset-vy-1600x500.jpg\" class=\"attachment-top-image-desktop size-top-image-desktop\" alt=\"Irrblosset vy ovanifr\u00e5n\" \/>\n    <\/div>\n<\/div>\n\n\n<h1 class=\"wp-block-heading has-text-align-left\">About St\u00e5ng\u00e5staden Studentbost\u00e4der<\/h1>\n\n\n\n<p>Studentbost\u00e4der is a district within St\u00e5ng\u00e5staden, responsible for approximately 4,100 student apartments located near Link\u00f6ping University. Our mission is to make your student life safe, comfortable, and convenient \u2013 with housing tailored to student needs.<\/p>\n\n\n\n<div class=\"wp-block-columns is-layout-flex wp-container-core-columns-layout-1 wp-block-columns-is-layout-flex\">\n<div class=\"wp-block-column is-layout-flow wp-block-column-is-layout-flow\" style=\"flex-basis:100%\">\n<p>Our team consists of dedicated staff who support you with everything from rentals and inspections to terminations. You\u2019ll meet us as contact persons, customer service representatives, and property managers \u2013 both digitally and in our residential areas.<\/p>\n\n\n\n<p>Studentbost\u00e4der is an active player in student life and works closely with tenant associations, K\u00e5rservice, and Link\u00f6ping University to continuously improve student housing in the city. We also collaborate with other student housing providers in Sweden, primarily through our industry organization,&nbsp;<strong>Studentbostadsf\u00f6retagen<\/strong>.<\/p>\n<\/div>\n<\/div>\n\n\n<div class=\"wp-block-list-block2 my-10\">\n    <div class=\"list-block\">\n        <div class=\"font-staden text-base font-medium pb-4\">Our partners:<\/div>  \n\n                <div class=\"flex py-2 w-full lg:w-2\/3 xl:w-1\/2\">\n                            <div class=\"w-4\">\n                    <i class=\"fa fa-fw fa-angle-right arrow-link\"><\/i>\n                <\/div>\n                <div>\n                    <a href=\"http:\/\/www.telia.se\" target=\"\">Internet: Telia<\/a>\n                <\/div>\n            \n                    <\/div>\n                <div class=\"flex py-2 w-full lg:w-2\/3 xl:w-1\/2\">\n                            <div class=\"w-4\">\n                    <i class=\"fa fa-fw fa-angle-right arrow-link\"><\/i>\n                <\/div>\n                <div>\n                    <a href=\"https:\/\/www.tele2.se\/\" target=\"_blank\">Cable TV: Tele2<\/a>\n                <\/div>\n            \n                            <div class=\"text-right pl-2 flex-grow whitespace-no-wrap\">\n                    <a href=\"tel:+4690222\" target=\"\">90 222<\/a>\n                <\/div>\n                    <\/div>\n                <div class=\"flex py-2 w-full lg:w-2\/3 xl:w-1\/2\">\n                            <div class=\"w-4\">\n                    <i class=\"fa fa-fw fa-angle-right arrow-link\"><\/i>\n                <\/div>\n                <div>\n                    <a href=\"http:\/\/www.lansforsakringar.se\/ostgota\/privat\/forsakring\/\" target=\"_blank\">Home insurance: L\u00e4nsf\u00f6rs\u00e4kringar \u00d6stg\u00f6ta<\/a>\n                <\/div>\n            \n                            <div class=\"text-right pl-2 flex-grow whitespace-no-wrap\">\n                    <a href=\"tel:+4613290000\" target=\"\">+46 13 &#8211; 29 00 00<\/a>\n                <\/div>\n                    <\/div>\n                <div class=\"flex py-2 w-full lg:w-2\/3 xl:w-1\/2\">\n                            <div class=\"w-4\">\n                    <i class=\"fa fa-fw fa-angle-right arrow-link\"><\/i>\n                <\/div>\n                <div>\n                    <a href=\"https:\/\/www.tekniskaverken.se\/\" target=\"_blank\">Utilities: Tekniska verken<\/a>\n                <\/div>\n            \n                            <div class=\"text-right pl-2 flex-grow whitespace-no-wrap\">\n                    <a href=\"tel:+4613208000\" target=\"\">+46 13 &#8211; 20 80 00<\/a>\n                <\/div>\n                    <\/div>\n                <div class=\"flex py-2 w-full lg:w-2\/3 xl:w-1\/2\">\n                            <div class=\"w-4\">\n                    <i class=\"fa fa-fw fa-angle-right arrow-link\"><\/i>\n                <\/div>\n                <div>\n                    <a href=\"http:\/\/www.dukaten.se\/\" target=\"_blank\">Parking: Dukaten<\/a>\n                <\/div>\n            \n                            <div class=\"text-right pl-2 flex-grow whitespace-no-wrap\">\n                    <a href=\"tel:+4613205410\" target=\"\">+46 13 &#8211; 20 54 10<\/a>\n                <\/div>\n                    <\/div>\n                <div class=\"flex py-2 w-full lg:w-2\/3 xl:w-1\/2\">\n                            <div class=\"w-4\">\n                    <i class=\"fa fa-fw fa-angle-right arrow-link\"><\/i>\n                <\/div>\n                <div>\n                    <a href=\"https:\/\/www.campushallen.se\/\" target=\"_blank\">Fitness center: Campushallen<\/a>\n                <\/div>\n            \n                            <div class=\"text-right pl-2 flex-grow whitespace-no-wrap\">\n                    <a href=\"tel:+4613100872\" target=\"\">+46 13 &#8211; 10 08 72<\/a>\n                <\/div>\n                    <\/div>\n                <div class=\"flex py-2 w-full lg:w-2\/3 xl:w-1\/2\">\n                            <div class=\"w-4\">\n                    <i class=\"fa fa-fw fa-angle-right arrow-link\"><\/i>\n                <\/div>\n                <div>\n                    <a href=\"https:\/\/bostad.karservice.se\/\" target=\"_blank\">Student service organisation: KOMBO<\/a>\n                <\/div>\n            \n                            <div class=\"text-right pl-2 flex-grow whitespace-no-wrap\">\n                    <a href=\"tel:+4613282884\" target=\"\">+46 13 &#8211; 28 28 84<\/a>\n                <\/div>\n                    <\/div>\n                <div class=\"flex py-2 w-full lg:w-2\/3 xl:w-1\/2\">\n                            <div class=\"w-4\">\n                    <i class=\"fa fa-fw fa-angle-right arrow-link\"><\/i>\n                <\/div>\n                <div>\n                    <a href=\"http:\/\/www.student.liu.se\/studentstod\/studenthalsan?l=sv\" target=\"_blank\">Student health care center<\/a>\n                <\/div>\n            \n                            <div class=\"text-right pl-2 flex-grow whitespace-no-wrap\">\n                    <a href=\"tel:+4613281000\u200b\" target=\"\">+46 13 &#8211; 28 10 00\u200b<\/a>\n                <\/div>\n                    <\/div>\n                <div class=\"flex py-2 w-full lg:w-2\/3 xl:w-1\/2\">\n                            <div class=\"w-4\">\n                    <i class=\"fa fa-fw fa-angle-right arrow-link\"><\/i>\n                <\/div>\n                <div>\n                    <a href=\"http:\/\/www.acstudenterna.se\/\" target=\"_blank\">AC Studenterna<\/a>\n                <\/div>\n            \n                    <\/div>\n        \n    <\/div>\n<\/div>\n\n\n<h2 class=\"wp-block-heading has-text-align-left\">Environmental policy<\/h2>\n\n\n\n<p>In active partnership with all our customers and partners, Studentbost\u00e4der i Link\u00f6ping AB shall contribute to sustainable development in the long term and the creation of safe and healthy living environments. We are committed to preventing environmental problems and constantly reducing our negative environmental impact, for example through more efficient use of energy and materials and by choosing eco-aware products. Environmental considerations are to be included in all applicable decisions and consideration for the environment is to be ingrained in every part of the business. Statutory environmental requirements constitute a minimum standard. We aim to be known for our active environmental work and for offering our customers healthy and eco-aware accommodation. We are certified according to environmental management system ISO 14001.<\/p>\n\n\n\n<div class=\"wp-block-buttons is-layout-flex wp-block-buttons-is-layout-flex\"><\/div>\n\n\n\n<p><\/p>\n\n\n\n<p><\/p>\n","protected":false},"excerpt":{"rendered":"<p>About St\u00e5ng\u00e5staden Studentbost\u00e4der Studentbost\u00e4der is a district within St\u00e5ng\u00e5staden, responsible for approximately 4,100 student apartments located near Link\u00f6ping University. Our mission is to make your student life safe, comfortable, and convenient \u2013 with housing tailored to student needs. Our team consists of dedicated staff who support you with everything from rentals and inspections to terminations.&hellip; <a href=\"https:\/\/www.studentbostader.se\/en\/about-us\/about-studentbostader\/\">Till hela texten<\/a><\/p>\n","protected":false},"author":10,"featured_media":5213,"parent":6244,"menu_order":0,"comment_status":"closed","ping_status":"closed","template":"","meta":{"_acf_changed":true,"_relevanssi_hide_post":"","_relevanssi_hide_content":"","_relevanssi_pin_for_all":"","_relevanssi_pin_keywords":"","_relevanssi_unpin_keywords":"","_relevanssi_related_keywords":"","_relevanssi_related_include_ids":"","_relevanssi_related_exclude_ids":"","_relevanssi_related_no_append":"","_relevanssi_related_not_related":"","_relevanssi_related_posts":"","_relevanssi_noindex_reason":"","footnotes":""},"page_categories":[],"acf":[],"_links":{"self":[{"href":"https:\/\/www.studentbostader.se\/en\/wp-json\/wp\/v2\/pages\/6100"}],"collection":[{"href":"https:\/\/www.studentbostader.se\/en\/wp-json\/wp\/v2\/pages"}],"about":[{"href":"https:\/\/www.studentbostader.se\/en\/wp-json\/wp\/v2\/types\/page"}],"author":[{"embeddable":true,"href":"https:\/\/www.studentbostader.se\/en\/wp-json\/wp\/v2\/users\/10"}],"replies":[{"embeddable":true,"href":"https:\/\/www.studentbostader.se\/en\/wp-json\/wp\/v2\/comments?post=6100"}],"version-history":[{"count":0,"href":"https:\/\/www.studentbostader.se\/en\/wp-json\/wp\/v2\/pages\/6100\/revisions"}],"up":[{"embeddable":true,"href":"https:\/\/www.studentbostader.se\/en\/wp-json\/wp\/v2\/pages\/6244"}],"wp:featuredmedia":[{"embeddable":true,"href":"https:\/\/www.studentbostader.se\/en\/wp-json\/wp\/v2\/media\/5213"}],"wp:attachment":[{"href":"https:\/\/www.studentbostader.se\/en\/wp-json\/wp\/v2\/media?parent=6100"}],"wp:term":[{"taxonomy":"page_categories","embeddable":true,"href":"https:\/\/www.studentbostader.se\/en\/wp-json\/wp\/v2\/page_categories?post=6100"}],"curies":[{"name":"wp","href":"https:\/\/api.w.org\/{rel}","templated":true}]}}