{"id":6115,"date":"2021-10-26T14:33:39","date_gmt":"2021-10-26T12:33:39","guid":{"rendered":"https:\/\/www.studentbostader.se\/?page_id=6115"},"modified":"2025-10-09T15:47:35","modified_gmt":"2025-10-09T13:47:35","slug":"contact","status":"publish","type":"page","link":"https:\/\/www.studentbostader.se\/en\/customer-service\/contact\/","title":{"rendered":"Contact"},"content":{"rendered":"<div class=\"wp-block-top-image top-image alignfull\">\n    <div class=\"top-image-on-mobile\">\n        <img loading=\"lazy\" decoding=\"async\" width=\"1024\" height=\"768\" src=\"https:\/\/www.studentbostader.se\/app\/uploads\/2021\/10\/tjej-sang-1024x768.jpg\" class=\"attachment-top-image-mobile size-top-image-mobile\" alt=\"Tjej tittar mobilen i s\u00e4ngen\" \/>\n    <\/div>\n    <div class=\"top-image-on-desktop\">\n        <img loading=\"lazy\" decoding=\"async\" width=\"1600\" height=\"500\" src=\"https:\/\/www.studentbostader.se\/app\/uploads\/2021\/10\/tjej-sang-1600x500.jpg\" class=\"attachment-top-image-desktop size-top-image-desktop\" alt=\"Tjej tittar mobilen i s\u00e4ngen\" \/>\n    <\/div>\n<\/div>\n\n\n<h1 class=\"wp-block-heading\">Contact<\/h1>\n\n\n\n<h2 class=\"wp-block-heading\">Stay updated with our mobile app<\/h2>\n\n\n\n<p><br>Living at Studentbost\u00e4der should be a super smooth experience. That\u2019s why we have closed our office in Vallastaden to focus more on better digital ways to connect with us. All you have to do to stay up to date is to download our mobile app and familiarize yourself with My Pages. There you\u2019ll find all the info you need. You can also contact us in the following ways:<\/p>\n\n\n\n<p><br>\u2022 <strong>When you have a question about your apartment<\/strong>, talk to your contact person. He or she will help you with questions regarding your accommodation, your inspection and your living area. You can choose to call, email or book a meeting with your contact person. You\u2019ll find the contact information in our app and on My pages.<\/p>\n\n\n\n<p> \u2022 <strong>When you have questions concerning you agreements and termination of you lease<\/strong>, kindly contact us on our info-mail or in our chat.<\/p>\n\n\n\n<p><br>\u2022 <strong>When you want to report errors in your apartment<\/strong>, the easiest ways is using our mobile app. You can also log in to My pages or call customer service on +46 13 &#8211; 20 86 60.<\/p>\n\n\n\n<p> \u2022 <strong>You pick up \/ drop off keys to your home at St\u00e5ng\u00e5staden&#8217;s office on Tornbyv\u00e4gen 1F.<\/strong> The office is close to Resecentrum (the Central station), which is perfect when you\u2019re going in or out of Link\u00f6ping with your moving load.<\/p>\n\n\n\n<p> \u2022 <strong>You\u2019re welcome to [hg] (Herrg\u00e5rn) in Ryd<\/strong> if you need to pick up things bikestickers or parking permit. For opening hours, visit <a href=\"https:\/\/hg.se\/\">hg.se<\/a><\/p>\n\n\n<div class=\"wp-block-contact-card alignfull my-10\">\n    <div class=\"card-wrapper grid grid-cols-1 gap-10 md:grid-cols-2 lg:grid-cols-3\">\n                       \n                            <div class=\"card text-center w-full col-span-1 py-10 px-2 mx-auto relative \">\n                    <img decoding=\"async\" src=\"https:\/\/www.studentbostader.se\/app\/uploads\/2021\/10\/chat-1.svg\" class=\"w-6 mx-auto\" alt=\"Ikon chatt\" \/>\n                    <div class=\"text-area\">\n                        <div class=\"font-staden underline text-xl pt-3 pb-4\">Chat<\/div>\n                                                    <p>\u200bCan be found at our website<\/p>\n                                                                            <p>Weekdays 10.00 &#8211; 16.00<\/p>\n                                                                    <\/div>\n                <\/div>\n                                   \n                            <div class=\"card card-with-link text-center w-full col-span-1 mx-auto relative \">\n                    <a href=\"https:\/\/www.google.com\/maps\/place\/St%C3%A5ng%C3%A5staden\/@58.4226401,15.6129254,15.46z\/data=!4m5!3m4!1s0x46596f33f72237bd:0xb10b23f823cc0526!8m2!3d58.4219784!4d15.6159687\" target=\"_blank\" class=\"card-link link-reset py-10 px-2\">\n                        <img decoding=\"async\" src=\"https:\/\/www.studentbostader.se\/app\/uploads\/2021\/10\/visitingaddress.svg\" class=\"w-6 mx-auto\" alt=\"Ikon kartpin\" \/>\n                        <div class=\"text-area\">\n                            <div class=\"font-staden underline text-xl pt-3 pb-4\">Picking\/dropping off keys<\/div>\n                                                                                                                    <p>Tornbyv\u00e4gen 1F<\/p>\n                                                                                        <p>Weekdays 09.00 &#8211; 16.00<\/p>\n                                                    <\/div>\n                    <\/a>\n                <\/div>\n                                   \n                            <div class=\"card card-with-link text-center w-full col-span-1 mx-auto relative \">\n                    <a href=\"mailto:info@studentbostader.se\" target=\"\" class=\"card-link link-reset py-10 px-2\">\n                        <img decoding=\"async\" src=\"https:\/\/www.studentbostader.se\/app\/uploads\/2021\/10\/email-2.svg\" class=\"w-6 mx-auto\" alt=\"Ikon e-post\" \/>\n                        <div class=\"text-area\">\n                            <div class=\"font-staden underline text-xl pt-3 pb-4\">E-mail<\/div>\n                                                                                                                    <p>info@studentbostader.se<\/p>\n                                                                                <\/div>\n                    <\/a>\n                <\/div>\n                                   \n                            <div class=\"card card-with-link text-center w-full col-span-1 mx-auto relative \">\n                    <a href=\"tel:+4613208660\" target=\"\" class=\"card-link link-reset py-10 px-2\">\n                        <img decoding=\"async\" src=\"https:\/\/www.studentbostader.se\/app\/uploads\/2021\/10\/errorreport.svg\" class=\"w-6 mx-auto\" alt=\"Ikon felanm\u00e4lan\" \/>\n                        <div class=\"text-area\">\n                            <div class=\"font-staden underline text-xl pt-3 pb-4\">Fault report\/Customer service<\/div>\n                                                                                                                    <p>+46 13 &#8211; 20 86 60<\/p>\n                                                                                        <p>Weekdays 08.00 &#8211; 17.00<\/p>\n                                                    <\/div>\n                    <\/a>\n                <\/div>\n                                   \n                            <div class=\"card card-with-link text-center w-full col-span-1 mx-auto relative \">\n                    <a href=\"tel:+4613148444\" target=\"\" class=\"card-link link-reset py-10 px-2\">\n                        <img decoding=\"async\" src=\"https:\/\/www.studentbostader.se\/app\/uploads\/2021\/10\/securityservice.svg\" class=\"w-6 mx-auto\" alt=\"Ikon trygghetsservice\" \/>\n                        <div class=\"text-area\">\n                            <div class=\"font-staden underline text-xl pt-3 pb-4\">Disturbance watch<\/div>\n                                                                                                                    <p>+46 13 &#8211; 14 84 44 <\/p>\n                                                                                        <p>After opening hours<\/p>\n                                                    <\/div>\n                    <\/a>\n                <\/div>\n                        <\/div>\n<\/div>\n\n\n<p><strong>Postal adress<\/strong>:<br>AB St\u00e5ng\u00e5staden<br>Box 3300<br>580 03 Link\u00f6ping<br><br><strong>Organization number <\/strong><br>556041-6850<\/p>\n","protected":false},"excerpt":{"rendered":"<p>Contact Stay updated with our mobile app Living at Studentbost\u00e4der should be a super smooth experience. That\u2019s why we have closed our office in Vallastaden to focus more on better digital ways to connect with us. All you have to do to stay up to date is to download our mobile app and familiarize yourself&hellip; <a href=\"https:\/\/www.studentbostader.se\/en\/customer-service\/contact\/\">Till hela texten<\/a><\/p>\n","protected":false},"author":10,"featured_media":4408,"parent":6155,"menu_order":0,"comment_status":"closed","ping_status":"closed","template":"","meta":{"_acf_changed":true,"_relevanssi_hide_post":"","_relevanssi_hide_content":"","_relevanssi_pin_for_all":"","_relevanssi_pin_keywords":"","_relevanssi_unpin_keywords":"","_relevanssi_related_keywords":"","_relevanssi_related_include_ids":"","_relevanssi_related_exclude_ids":"","_relevanssi_related_no_append":"","_relevanssi_related_not_related":"","_relevanssi_related_posts":"","_relevanssi_noindex_reason":"","footnotes":""},"page_categories":[],"acf":[],"_links":{"self":[{"href":"https:\/\/www.studentbostader.se\/en\/wp-json\/wp\/v2\/pages\/6115"}],"collection":[{"href":"https:\/\/www.studentbostader.se\/en\/wp-json\/wp\/v2\/pages"}],"about":[{"href":"https:\/\/www.studentbostader.se\/en\/wp-json\/wp\/v2\/types\/page"}],"author":[{"embeddable":true,"href":"https:\/\/www.studentbostader.se\/en\/wp-json\/wp\/v2\/users\/10"}],"replies":[{"embeddable":true,"href":"https:\/\/www.studentbostader.se\/en\/wp-json\/wp\/v2\/comments?post=6115"}],"version-history":[{"count":0,"href":"https:\/\/www.studentbostader.se\/en\/wp-json\/wp\/v2\/pages\/6115\/revisions"}],"up":[{"embeddable":true,"href":"https:\/\/www.studentbostader.se\/en\/wp-json\/wp\/v2\/pages\/6155"}],"wp:featuredmedia":[{"embeddable":true,"href":"https:\/\/www.studentbostader.se\/en\/wp-json\/wp\/v2\/media\/4408"}],"wp:attachment":[{"href":"https:\/\/www.studentbostader.se\/en\/wp-json\/wp\/v2\/media?parent=6115"}],"wp:term":[{"taxonomy":"page_categories","embeddable":true,"href":"https:\/\/www.studentbostader.se\/en\/wp-json\/wp\/v2\/page_categories?post=6115"}],"curies":[{"name":"wp","href":"https:\/\/api.w.org\/{rel}","templated":true}]}}